{"id":4135,"date":"2026-02-22T13:29:21","date_gmt":"2026-02-22T18:29:21","guid":{"rendered":"https:\/\/spyderquest.com\/?page_id=4135"},"modified":"2026-03-27T20:57:23","modified_gmt":"2026-03-28T00:57:23","slug":"fast-factory-lunch-saratoga-lake-loop","status":"publish","type":"page","link":"https:\/\/spyderquest.com\/fr\/fast-factory-lunch-saratoga-lake-loop\/","title":{"rendered":"Saratoga Lake Loop &amp; Lunch\u00a0"},"content":{"rendered":"<p><strong>Saratoga Lake Loop &amp; Lunch\u00a0<\/strong><\/p>\n\n\n\n<p>Capitaine de la Randonn\u00e9e : Roger Heim<\/p>\n\n\n\n<p><\/p>\n\n\n\n<p>Court, simple et pittoresque : voil\u00e0 la meilleure description pour ce parcours.<\/p>\n\n\n\n<p>Apr\u00e8s une courte randonn\u00e9e, nous nous arr\u00eaterons au charmant Factory Eatery &amp; Spirits, \u00e0 Ballston Spa, pour un savoureux d\u00eener \u00e0 l'int\u00e9rieur d'une usine historique r\u00e9nov\u00e9e. Leur slogan \u00e9tant :<strong>Charme d'autrefois, saveurs d'aujourd'hui<\/strong>,vous vous sentirez certainement comme chez vous dans l'ambiance de ce b\u00e2timent restaur\u00e9 avec go\u00fbt.<\/p>\n\n\n\n<p>Apr\u00e8s le d\u00eener, nous profiterons des magnifiques paysages du lac Saratoga en longeant la rive pour revenir vers le Gideon Putnam.&nbsp;<\/p>\n\n\n\n<p>C'est le parcours id\u00e9al pour ceux qui souhaitent sortir et rouler sans pour autant viser une longue distance ou une cadence rapide.&nbsp;<\/p>\n\n\n\n<p><a href=\"https:\/\/www.thefactoryeatery.com\">https:\/\/www.thefactoryeatery.com<\/a><\/p>\n\n\n\n<p>Distance totale \u2013 71 km<br>Temps total de la randonn\u00e9e \u2013 2 h 30<br>Temps total en selle \u2013 1 h 15<br><br><\/p>\n\n\n\n<figure class=\"wp-block-image aligncenter size-full is-resized\"><img loading=\"lazy\" decoding=\"async\" width=\"300\" height=\"185\" src=\"https:\/\/spyderquest.com\/wp-content\/uploads\/2026\/03\/image-1.png\" alt=\"\" class=\"wp-image-4185\" style=\"aspect-ratio:1.6216741278824225;width:572px;height:auto\" srcset=\"https:\/\/spyderquest.com\/wp-content\/uploads\/2026\/03\/image-1.png 300w, https:\/\/spyderquest.com\/wp-content\/uploads\/2026\/03\/image-1-18x12.png 18w\" sizes=\"auto, (max-width: 300px) 100vw, 300px\" \/><\/figure>\n\n\n\n<figure class=\"wp-block-image aligncenter size-full\"><img loading=\"lazy\" decoding=\"async\" width=\"720\" height=\"960\" src=\"https:\/\/spyderquest.com\/wp-content\/uploads\/2026\/03\/image.png\" alt=\"\" class=\"wp-image-4184\" srcset=\"https:\/\/spyderquest.com\/wp-content\/uploads\/2026\/03\/image.png 720w, https:\/\/spyderquest.com\/wp-content\/uploads\/2026\/03\/image-225x300.png 225w, https:\/\/spyderquest.com\/wp-content\/uploads\/2026\/03\/image-9x12.png 9w\" sizes=\"auto, (max-width: 720px) 100vw, 720px\" \/><\/figure>\n\n\n\n<p><\/p>","protected":false},"excerpt":{"rendered":"<p>Saratoga Lake Loop &amp; Lunch\u00a0 Ride Captain: Roger Heim Short, Sweet and Scenic is the best description for this ride. After a short ride we will be stopping at the charming Factory Eatery &amp; Spirts in Balston Spa for a tasty lunch eaten inside a historic renovated factory. With their slogan being\u00a0 \u201cCharm of the &hellip; <\/p>\n<p class=\"link-more\"><a href=\"https:\/\/spyderquest.com\/fr\/fast-factory-lunch-saratoga-lake-loop\/\" class=\"more-link\">Read more<span class=\"screen-reader-text\"> &#8220;Saratoga Lake Loop &amp; Lunch\u00a0&#8220;<\/span><\/a><\/p>","protected":false},"author":1,"featured_media":0,"parent":0,"menu_order":0,"comment_status":"closed","ping_status":"closed","template":"custom-template","meta":{"bBlocksCursorData":"","inspiro_hide_title":false,"footnotes":""},"class_list":["post-4135","page","type-page","status-publish","hentry"],"featured_image_src":null,"_links":{"self":[{"href":"https:\/\/spyderquest.com\/fr\/wp-json\/wp\/v2\/pages\/4135","targetHints":{"allow":["GET"]}}],"collection":[{"href":"https:\/\/spyderquest.com\/fr\/wp-json\/wp\/v2\/pages"}],"about":[{"href":"https:\/\/spyderquest.com\/fr\/wp-json\/wp\/v2\/types\/page"}],"author":[{"embeddable":true,"href":"https:\/\/spyderquest.com\/fr\/wp-json\/wp\/v2\/users\/1"}],"replies":[{"embeddable":true,"href":"https:\/\/spyderquest.com\/fr\/wp-json\/wp\/v2\/comments?post=4135"}],"version-history":[{"count":8,"href":"https:\/\/spyderquest.com\/fr\/wp-json\/wp\/v2\/pages\/4135\/revisions"}],"predecessor-version":[{"id":4189,"href":"https:\/\/spyderquest.com\/fr\/wp-json\/wp\/v2\/pages\/4135\/revisions\/4189"}],"wp:attachment":[{"href":"https:\/\/spyderquest.com\/fr\/wp-json\/wp\/v2\/media?parent=4135"}],"curies":[{"name":"wp","href":"https:\/\/api.w.org\/{rel}","templated":true}]}}