{"id":4081,"date":"2026-02-12T17:20:27","date_gmt":"2026-02-12T22:20:27","guid":{"rendered":"https:\/\/spyderquest.com\/?page_id=4081"},"modified":"2026-02-12T17:38:17","modified_gmt":"2026-02-12T22:38:17","slug":"the-triple-treat-tour","status":"publish","type":"page","link":"https:\/\/spyderquest.com\/fr\/the-triple-treat-tour\/","title":{"rendered":"The Triple Treat Tour - La Tourn\u00e9e Triple Plaisir"},"content":{"rendered":"<p><strong>The Triple Treat Tour - La Tourn\u00e9e Triple Plaisir<\/strong><\/p>\n\n\n\n<p>Ride Captain:&nbsp;Gary Stephens<\/p>\n\n\n\n<p><\/p>\n\n\n\n<p>Un peu croquant, un peu cr\u00e9meux et une petite vir\u00e9e \u00e0 la campagne.<br><\/p>\n\n\n\n<p>Nous sillonnerons la campagne en empruntant les plus belles routes rurales des environs du paisible lac Saratoga, puis nous suivrons le cours de la rivi\u00e8re Hudson jusqu'aux rives magnifiques du lac Summit.<\/p>\n\n\n\n<p>Pour une petite touche de croquant, nous ferons un arr\u00eat chez Bucks Country Biscotti.&nbsp;<\/p>\n\n\n\n<p>Bucks est une boulangerie artisanale haut de gamme de deuxi\u00e8me g\u00e9n\u00e9ration fond\u00e9e en 1992. Chez Bucks, les biscottis sont fabriqu\u00e9s \u00e0 la main \u00e0 partir d'ingr\u00e9dients enti\u00e8rement naturels et cuits deux fois avec amour. Cette boulangerie \u00e9cologique, ax\u00e9e sur le z\u00e9ro d\u00e9chet, a fait l'objet de reportages dans la s\u00e9rie Localish d'ABC News ainsi qu'\u00e0 Spectrum News 1 Albany. Dans le cadre de leur initiative z\u00e9ro d\u00e9chet, Bucks propose deux kiosques libre-service o\u00f9 leurs biscottis sont vendus \u00e0 prix r\u00e9duit \u00e0 5,00 $ le sac.<\/p>\n\n\n\n<p>Ensuite, nous nous dirigerons vers Martha\u2019s Dandee Creme pour une touche de cr\u00e9meux.&nbsp;<\/p>\n\n\n\n<p>Martha\u2019s est un coup de c\u0153ur pour la majorit\u00e9 des participants de SpyderQuest depuis les tout d\u00e9buts. V\u00e9ritable embl\u00e8me de la r\u00e9gion depuis plus de 78 ans, l'endroit est situ\u00e9 sur le site d'une ancienne ferme avicole. Le poulet g\u00e9ant sur leur enseigne \u00e0 l'entr\u00e9e rend hommage \u00e0 un oiseau bien pr\u00e9cis, nomm\u00e9 Charlie, qui adorait se pavaner devant les clients. Si cela ne rend pas Martha\u2019s assez int\u00e9ressant \u00e0 vos yeux, sachez qu'ils ont m\u00eame fait l'objet d'un segment \u00e0 l'\u00e9mission Today Show parmi les meilleures cr\u00e8meries en Am\u00e9rique ! Bien qu'il soit ind\u00e9niable qu'ils proposent des saveurs de cr\u00e8me glac\u00e9e d\u00e9licieuses et uniques, ils offrent aussi un menu complet de grillades si vous avez besoin d'un petit quelque chose avant de vous bourrer de cr\u00e8me glac\u00e9e. Et un avertissement : un grand format est vraiment TR\u00c8S GRAND ! Le ventre bien rempli de ces d\u00e9lices croquants et cr\u00e9meux, nous reprendrons la route vers le Gideon Putnam, o\u00f9 la randonn\u00e9e se terminera avec des souvenirs m\u00e9morables.&nbsp;<\/p>\n\n\n\n<p>164 km aller-retour<br>4 Hrs&nbsp; 30 Mins Total Ride Time (Aprox)<br>Temps de conduite r\u00e9el : 2 h 45 (environ)<br>76 km \/ 1 h 10 jusqu'au premier arr\u00eat (essence)<br>27 km \/ 24 min jusqu'\u00e0 chez Bucks&nbsp;<br>10 km \/ 10 min jusqu'\u00e0 chez Martha\u2019s&nbsp;<br>32 Miles \/ 52&nbsp; Mins to GP<\/p>\n\n\n\n<p><a href=\"https:\/\/buckscountybiscotti.com\/pages\/about-us\">https:\/\/buckscountybiscotti.com\/pages\/about-us<\/a>&nbsp;<br><a href=\"https:\/\/marthasicecream.com\/\">https:\/\/marthasicecream.com\/<\/a><\/p>\n\n\n\n<figure class=\"wp-block-image size-large\"><img loading=\"lazy\" decoding=\"async\" width=\"1024\" height=\"537\" src=\"https:\/\/spyderquest.com\/wp-content\/uploads\/2026\/02\/image-4-1024x537.png\" alt=\"\" class=\"wp-image-4090\" srcset=\"https:\/\/spyderquest.com\/wp-content\/uploads\/2026\/02\/image-4-1024x537.png 1024w, https:\/\/spyderquest.com\/wp-content\/uploads\/2026\/02\/image-4-300x157.png 300w, https:\/\/spyderquest.com\/wp-content\/uploads\/2026\/02\/image-4-18x9.png 18w, https:\/\/spyderquest.com\/wp-content\/uploads\/2026\/02\/image-4.png 1200w\" sizes=\"auto, (max-width: 1024px) 100vw, 1024px\" \/><\/figure>\n\n\n\n<figure class=\"wp-block-image size-full is-resized\"><img loading=\"lazy\" decoding=\"async\" width=\"300\" height=\"168\" src=\"https:\/\/spyderquest.com\/wp-content\/uploads\/2026\/02\/image-3.png\" alt=\"\" class=\"wp-image-4085\" style=\"aspect-ratio:1.7857873686168728;width:747px;height:auto\" srcset=\"https:\/\/spyderquest.com\/wp-content\/uploads\/2026\/02\/image-3.png 300w, https:\/\/spyderquest.com\/wp-content\/uploads\/2026\/02\/image-3-18x10.png 18w\" sizes=\"auto, (max-width: 300px) 100vw, 300px\" \/><\/figure>\n\n\n\n<figure class=\"wp-block-image size-large\"><img loading=\"lazy\" decoding=\"async\" width=\"1024\" height=\"472\" src=\"https:\/\/spyderquest.com\/wp-content\/uploads\/2026\/02\/image-1-1024x472.jpeg\" alt=\"\" class=\"wp-image-4086\" srcset=\"https:\/\/spyderquest.com\/wp-content\/uploads\/2026\/02\/image-1-1024x472.jpeg 1024w, https:\/\/spyderquest.com\/wp-content\/uploads\/2026\/02\/image-1-300x138.jpeg 300w, https:\/\/spyderquest.com\/wp-content\/uploads\/2026\/02\/image-1-18x8.jpeg 18w, https:\/\/spyderquest.com\/wp-content\/uploads\/2026\/02\/image-1.jpeg 1600w\" sizes=\"auto, (max-width: 1024px) 100vw, 1024px\" \/><\/figure>\n\n\n\n<figure class=\"wp-block-image size-large\"><img loading=\"lazy\" decoding=\"async\" width=\"1024\" height=\"578\" src=\"https:\/\/spyderquest.com\/wp-content\/uploads\/2026\/02\/image-2-1024x578.jpeg\" alt=\"\" class=\"wp-image-4087\" srcset=\"https:\/\/spyderquest.com\/wp-content\/uploads\/2026\/02\/image-2-1024x578.jpeg 1024w, https:\/\/spyderquest.com\/wp-content\/uploads\/2026\/02\/image-2-300x169.jpeg 300w, https:\/\/spyderquest.com\/wp-content\/uploads\/2026\/02\/image-2-18x10.jpeg 18w, https:\/\/spyderquest.com\/wp-content\/uploads\/2026\/02\/image-2.jpeg 1600w\" sizes=\"auto, (max-width: 1024px) 100vw, 1024px\" \/><\/figure>","protected":false},"excerpt":{"rendered":"<p>The Triple Treat Tour Ride Captain:&nbsp;Gary Stephens A little Crunchy, A little Creamy and A little Countryside Cruising. We\u2019ll be Cruising the Countryside along the best country roads in the area around the serene Saratoga Lake, then following along the path of the Hudson River until we take in the beautiful shores of Summit Lake. &hellip; <\/p>\n<p class=\"link-more\"><a href=\"https:\/\/spyderquest.com\/fr\/the-triple-treat-tour\/\" class=\"more-link\">Read more<span class=\"screen-reader-text\"> &#8220;The Triple Treat Tour&#8221;<\/span><\/a><\/p>","protected":false},"author":1,"featured_media":0,"parent":0,"menu_order":0,"comment_status":"closed","ping_status":"closed","template":"custom-template","meta":{"bBlocksCursorData":"","inspiro_hide_title":false,"footnotes":""},"class_list":["post-4081","page","type-page","status-publish","hentry"],"featured_image_src":null,"_links":{"self":[{"href":"https:\/\/spyderquest.com\/fr\/wp-json\/wp\/v2\/pages\/4081","targetHints":{"allow":["GET"]}}],"collection":[{"href":"https:\/\/spyderquest.com\/fr\/wp-json\/wp\/v2\/pages"}],"about":[{"href":"https:\/\/spyderquest.com\/fr\/wp-json\/wp\/v2\/types\/page"}],"author":[{"embeddable":true,"href":"https:\/\/spyderquest.com\/fr\/wp-json\/wp\/v2\/users\/1"}],"replies":[{"embeddable":true,"href":"https:\/\/spyderquest.com\/fr\/wp-json\/wp\/v2\/comments?post=4081"}],"version-history":[{"count":3,"href":"https:\/\/spyderquest.com\/fr\/wp-json\/wp\/v2\/pages\/4081\/revisions"}],"predecessor-version":[{"id":4091,"href":"https:\/\/spyderquest.com\/fr\/wp-json\/wp\/v2\/pages\/4081\/revisions\/4091"}],"wp:attachment":[{"href":"https:\/\/spyderquest.com\/fr\/wp-json\/wp\/v2\/media?parent=4081"}],"curies":[{"name":"wp","href":"https:\/\/api.w.org\/{rel}","templated":true}]}}