{"id":4071,"date":"2026-02-11T18:18:23","date_gmt":"2026-02-11T23:18:23","guid":{"rendered":"https:\/\/spyderquest.com\/?page_id=4071"},"modified":"2026-02-11T18:21:43","modified_gmt":"2026-02-11T23:21:43","slug":"lost-but-making-good-time","status":"publish","type":"page","link":"https:\/\/spyderquest.com\/fr\/lost-but-making-good-time\/","title":{"rendered":"Lost But Making Good Time"},"content":{"rendered":"<p><strong>Lost But Making Good Time<\/strong><\/p>\n\n\n\n<p>Capitaine de la Randonn\u00e9e: Chad White<\/p>\n\n\n\n<p>Esprit libre, rythme effr\u00e9n\u00e9, sans destination pr\u00e9cise \u2013 si ces mots vous interpellent parce que c\u2019est votre style de randonn\u00e9e, alors ce trajet est pour vous.&nbsp;&nbsp;<\/p>\n\n\n\n<p>Gemini said\nCe ne sont pas toutes les randonn\u00e9es qui ont besoin d\u2019\u00eatre une balade lente et tranquille vers une destination fixe. Ici, on mise sur le pur plaisir de rouler, tout simplement.&nbsp;<\/p>\n\n\n\n<p>Bien que ce ne soit certainement pas une petite promenade du dimanche et qu'il n'y ait pas de destination pr\u00e9cise, nous allons tout de m\u00eame traverser certains des plus beaux paysages de la r\u00e9gion, mais \u00e0 une cadence plus rapide.&nbsp;<\/p>\n\n\n\n<p>Nous longerons les rives du pittoresque Grand lac Sacandaga jusqu\u2019\u00e0 la rivi\u00e8re Hudson, o\u00f9 nous ferons une courte pause pr\u00e8s des chutes Rockwell. \u00c0 partir de l\u00e0, ce sera visi\u00e8res baiss\u00e9es jusqu\u2019\u00e0 notre retour au Gideon Putnam.\u00a0<\/p>\n\n\n\n<p><strong>Cette randonn\u00e9e convient mieux \u00e0 ceux qui sont \u00e0 l'aise et capables de rouler \u00e0 un rythme soutenu au sein d'un groupe<\/strong>.<strong> Si vous n\u2019aimez pas rouler \u00e0 vive allure ou si vous n\u2019avez pas d\u2019exp\u00e9rience en groupe, nous vous invitons \u00e0 choisir l\u2019une de nos autres randonn\u00e9es plus d\u00e9contract\u00e9es et contemplatives.&nbsp;<\/strong><\/p>\n\n\n\n<p>110 kilom\u00e8tres aller-retour<\/p>\n\n\n\n<figure class=\"wp-block-image size-large is-resized\"><img loading=\"lazy\" decoding=\"async\" width=\"590\" height=\"1024\" src=\"https:\/\/spyderquest.com\/wp-content\/uploads\/2026\/02\/20250904_1504130-590x1024.jpg\" alt=\"\" class=\"wp-image-4074\" style=\"aspect-ratio:0.5761654077973601;width:590px;height:auto\" srcset=\"https:\/\/spyderquest.com\/wp-content\/uploads\/2026\/02\/20250904_1504130-590x1024.jpg 590w, https:\/\/spyderquest.com\/wp-content\/uploads\/2026\/02\/20250904_1504130-173x300.jpg 173w, https:\/\/spyderquest.com\/wp-content\/uploads\/2026\/02\/20250904_1504130-7x12.jpg 7w, https:\/\/spyderquest.com\/wp-content\/uploads\/2026\/02\/20250904_1504130.jpg 970w\" sizes=\"auto, (max-width: 590px) 100vw, 590px\" \/><\/figure>\n\n\n\n<figure class=\"wp-block-image size-full is-resized\"><img loading=\"lazy\" decoding=\"async\" width=\"575\" height=\"383\" src=\"https:\/\/spyderquest.com\/wp-content\/uploads\/2026\/02\/image-2.png\" alt=\"\" class=\"wp-image-4073\" style=\"aspect-ratio:1.5013259352943575;width:746px;height:auto\" srcset=\"https:\/\/spyderquest.com\/wp-content\/uploads\/2026\/02\/image-2.png 575w, https:\/\/spyderquest.com\/wp-content\/uploads\/2026\/02\/image-2-300x200.png 300w, https:\/\/spyderquest.com\/wp-content\/uploads\/2026\/02\/image-2-18x12.png 18w\" sizes=\"auto, (max-width: 575px) 100vw, 575px\" \/><\/figure>","protected":false},"excerpt":{"rendered":"<p>Lost But Making Good Time Ride Captain: Chad White Free-spirited, Quick-paced, Aimless &#8211; if those words caught your attention because that\u2019s the type of riding you enjoy, then this is a ride for you.&nbsp;&nbsp; Not all rides need to be a slow leisurely amble centered around a set destination. This is a ride that focuses &hellip; <\/p>\n<p class=\"link-more\"><a href=\"https:\/\/spyderquest.com\/fr\/lost-but-making-good-time\/\" class=\"more-link\">Read more<span class=\"screen-reader-text\"> &#8220;Lost But Making Good Time&#8221;<\/span><\/a><\/p>","protected":false},"author":1,"featured_media":0,"parent":0,"menu_order":0,"comment_status":"closed","ping_status":"closed","template":"custom-template","meta":{"bBlocksCursorData":"","inspiro_hide_title":false,"footnotes":""},"class_list":["post-4071","page","type-page","status-publish","hentry"],"featured_image_src":null,"_links":{"self":[{"href":"https:\/\/spyderquest.com\/fr\/wp-json\/wp\/v2\/pages\/4071","targetHints":{"allow":["GET"]}}],"collection":[{"href":"https:\/\/spyderquest.com\/fr\/wp-json\/wp\/v2\/pages"}],"about":[{"href":"https:\/\/spyderquest.com\/fr\/wp-json\/wp\/v2\/types\/page"}],"author":[{"embeddable":true,"href":"https:\/\/spyderquest.com\/fr\/wp-json\/wp\/v2\/users\/1"}],"replies":[{"embeddable":true,"href":"https:\/\/spyderquest.com\/fr\/wp-json\/wp\/v2\/comments?post=4071"}],"version-history":[{"count":4,"href":"https:\/\/spyderquest.com\/fr\/wp-json\/wp\/v2\/pages\/4071\/revisions"}],"predecessor-version":[{"id":4079,"href":"https:\/\/spyderquest.com\/fr\/wp-json\/wp\/v2\/pages\/4071\/revisions\/4079"}],"wp:attachment":[{"href":"https:\/\/spyderquest.com\/fr\/wp-json\/wp\/v2\/media?parent=4071"}],"curies":[{"name":"wp","href":"https:\/\/api.w.org\/{rel}","templated":true}]}}