{"id":4003,"date":"2026-01-20T16:26:08","date_gmt":"2026-01-20T21:26:08","guid":{"rendered":"https:\/\/spyderquest.com\/?page_id=4003"},"modified":"2026-01-20T18:28:38","modified_gmt":"2026-01-20T23:28:38","slug":"bennington-battle-monument-covered-bridge-loop","status":"publish","type":"page","link":"https:\/\/spyderquest.com\/fr\/bennington-battle-monument-covered-bridge-loop\/","title":{"rendered":"Bennington Battle Monument &amp; Covered Bridge Loop"},"content":{"rendered":"<p><strong>Bennington Battle Monument &amp; Covered Bridge Loop<\/strong><\/p>\n\n\n\n<p>Capitaine de la randonn\u00e9e: Rick Alexander<\/p>\n\n\n\n<p class=\"translation-block\">AVIS IMPORTANT \n\n*Cette randonn\u00e9e se d\u00e9roulera \u00e0 un rythme soutenu. Elle convient mieux aux conducteurs exp\u00e9riment\u00e9s qui aiment une cadence rapide et qui se sentent \u00e0 l'aise de maintenir le groupe serr\u00e9 afin de ne laisser aucun espace entre vous et le conducteur devant vous. Si vous ne voulez pas ou n'\u00eates pas en mesure de maintenir la cadence du groupe sans laisser d'espaces, veuillez envisager de vous inscrire \u00e0 une randonn\u00e9e plus d\u00e9contract\u00e9e.<\/p>\n\n\n\n<p>Cette randonn\u00e9e sera men\u00e9e \u00e0 un rythme rapide et nous m\u00e8nera dans le magnifique Vermont pour visiter le Bennington Battle Monument ainsi que plusieurs ponts couverts.<\/p>\n\n\n\n<p>Rien n'\u00e9voque une ambiance plus nostalgique que le charme d'un pont couvert. Lors de cette randonn\u00e9e, nous verrons environ 4 ponts couverts diff\u00e9rents (selon le temps disponible). Une fois arriv\u00e9s aux ponts couverts, nous aurons un court moment pour admirer leur beaut\u00e9 et leur savoir-faire avant de filer vers le prochain.<br>Apr\u00e8s avoir fait le plein de la beaut\u00e9 historique des ponts couverts, nous nous dirigerons vers le Bennington Battle Monument dans le quartier historique d'Old Bennington, au Vermont.<\/p>\n\n\n\n<p>Le Bennington Battle Monument est un site historique d'\u00c9tat appartenant au Vermont ; il mesure 306 pieds 4 pouces et demi. La premi\u00e8re pierre a \u00e9t\u00e9 pos\u00e9e en 1887, et le monument a \u00e9t\u00e9 achev\u00e9 et inaugur\u00e9 en 1891. Il est construit en calcaire magn\u00e9sien gris-bleu. Ce monument a \u00e9t\u00e9 \u00e9rig\u00e9 pour comm\u00e9morer la bataille de Bennington, qui a eu lieu le 16 ao\u00fbt 1777. Quelle destination de randonn\u00e9e id\u00e9ale, puisque la victoire remport\u00e9e ici est celle qui a men\u00e9 \u00e0 la bataille de Saratoga, la ville d'accueil de SpyderQuest.<\/p>\n\n\n\n<p>Apr\u00e8s avoir quitt\u00e9 le Bennington Battle Monument, nous irons luncher au Last Chair Bar &amp; Grill, o\u00f9 le menu propose une vari\u00e9t\u00e9 de plats app\u00e9tissants, allant de steaks vieillis tendres \u00e0 de d\u00e9licieuses p\u00e2tes, en passant par des pizzas uniques ou d'\u00e9normes burgers. Ce repas sera \u00e0 vos frais et vous commanderez directement sur place. S'il vous reste un peu de nostalgie apr\u00e8s la visite des ponts couverts, faites appel \u00e0 votre c\u0153ur d'enfant et allez explorer la vaste salle d'arcade dont s'enorgueillit ce restaurant en attendant votre commande.<\/p>\n\n\n\n<ol start=\"1891\" class=\"wp-block-list\"><\/ol>\n\n\n\n<p>Apr\u00e8s avoir termin\u00e9 notre repas, nous filerons vers le Gideon Putnam, o\u00f9 la randonn\u00e9e prendra fin.<\/p>\n\n\n\n<p><strong>*IL N'Y AURA AUCUN ARR\u00caT PR\u00c9VU POUR L'ESSENCE DURANT CETTE RANDONN\u00c9E.<\/strong> (planned route is aprox 170 miles) this is<br>especially important for Rykers or others with a smaller fuel capacity to take note of.<\/p>\n\n\n\n<p>275 kilom\u00e8tres l'aller-retour<br>4 h de temps de randonn\u00e9e total<br>2 h (environ) de temps de selle total<br>1 h jusqu'au premier arr\u00eat toilette<\/p>\n\n\n\n<p><a href=\"https:\/\/benningtonbattlemonument.com\/\">https:\/\/benningtonbattlemonument.com\/<\/a><br><a href=\"https:\/\/www.lastchairvt.com\/\">https:\/\/www.lastchairvt.com\/<\/a><\/p>\n\n\n\n<figure class=\"wp-block-image size-large\"><img loading=\"lazy\" decoding=\"async\" width=\"1024\" height=\"682\" src=\"https:\/\/spyderquest.com\/wp-content\/uploads\/2026\/01\/image-1024x682.png\" alt=\"\" class=\"wp-image-4028\" srcset=\"https:\/\/spyderquest.com\/wp-content\/uploads\/2026\/01\/image-1024x682.png 1024w, https:\/\/spyderquest.com\/wp-content\/uploads\/2026\/01\/image-300x200.png 300w, https:\/\/spyderquest.com\/wp-content\/uploads\/2026\/01\/image-18x12.png 18w, https:\/\/spyderquest.com\/wp-content\/uploads\/2026\/01\/image.png 1600w\" sizes=\"auto, (max-width: 1024px) 100vw, 1024px\" \/><\/figure>\n\n\n\n<figure class=\"wp-block-image size-large\"><img loading=\"lazy\" decoding=\"async\" width=\"1024\" height=\"768\" src=\"https:\/\/spyderquest.com\/wp-content\/uploads\/2026\/01\/image-1-1024x768.png\" alt=\"\" class=\"wp-image-4030\" srcset=\"https:\/\/spyderquest.com\/wp-content\/uploads\/2026\/01\/image-1-1024x768.png 1024w, https:\/\/spyderquest.com\/wp-content\/uploads\/2026\/01\/image-1-300x225.png 300w, https:\/\/spyderquest.com\/wp-content\/uploads\/2026\/01\/image-1-16x12.png 16w, https:\/\/spyderquest.com\/wp-content\/uploads\/2026\/01\/image-1.png 1600w\" sizes=\"auto, (max-width: 1024px) 100vw, 1024px\" \/><\/figure>\n\n\n\n<figure class=\"wp-block-image size-large\"><img loading=\"lazy\" decoding=\"async\" width=\"768\" height=\"1024\" src=\"https:\/\/spyderquest.com\/wp-content\/uploads\/2026\/01\/image-2-768x1024.png\" alt=\"\" class=\"wp-image-4032\" srcset=\"https:\/\/spyderquest.com\/wp-content\/uploads\/2026\/01\/image-2-768x1024.png 768w, https:\/\/spyderquest.com\/wp-content\/uploads\/2026\/01\/image-2-225x300.png 225w, https:\/\/spyderquest.com\/wp-content\/uploads\/2026\/01\/image-2-9x12.png 9w, https:\/\/spyderquest.com\/wp-content\/uploads\/2026\/01\/image-2.png 1200w\" sizes=\"auto, (max-width: 768px) 100vw, 768px\" \/><\/figure>\n\n\n\n<figure class=\"wp-block-image size-full is-resized\"><img loading=\"lazy\" decoding=\"async\" width=\"275\" height=\"183\" src=\"https:\/\/spyderquest.com\/wp-content\/uploads\/2026\/01\/image.jpeg\" alt=\"\" class=\"wp-image-4033\" style=\"width:524px;height:auto\" srcset=\"https:\/\/spyderquest.com\/wp-content\/uploads\/2026\/01\/image.jpeg 275w, https:\/\/spyderquest.com\/wp-content\/uploads\/2026\/01\/image-18x12.jpeg 18w\" sizes=\"auto, (max-width: 275px) 100vw, 275px\" \/><\/figure>","protected":false},"excerpt":{"rendered":"<p>Bennington Battle Monument &amp; Covered Bridge Loop Ride Captain: Rick Alexander PLEASE TAKE NOTICE*This will be a briskly paced ride.It would be best for experienced riders who like a faster pace and feel comfortable keeping thegroup condensed so there are no gaps left between you and the rider ahead of you.If not willing or able &hellip; <\/p>\n<p class=\"link-more\"><a href=\"https:\/\/spyderquest.com\/fr\/bennington-battle-monument-covered-bridge-loop\/\" class=\"more-link\">Read more<span class=\"screen-reader-text\"> &#8220;Bennington Battle Monument &amp; Covered Bridge Loop&#8221;<\/span><\/a><\/p>","protected":false},"author":1,"featured_media":0,"parent":0,"menu_order":0,"comment_status":"closed","ping_status":"closed","template":"custom-template","meta":{"bBlocksCursorData":"","inspiro_hide_title":false,"footnotes":""},"class_list":["post-4003","page","type-page","status-publish","hentry"],"featured_image_src":null,"_links":{"self":[{"href":"https:\/\/spyderquest.com\/fr\/wp-json\/wp\/v2\/pages\/4003","targetHints":{"allow":["GET"]}}],"collection":[{"href":"https:\/\/spyderquest.com\/fr\/wp-json\/wp\/v2\/pages"}],"about":[{"href":"https:\/\/spyderquest.com\/fr\/wp-json\/wp\/v2\/types\/page"}],"author":[{"embeddable":true,"href":"https:\/\/spyderquest.com\/fr\/wp-json\/wp\/v2\/users\/1"}],"replies":[{"embeddable":true,"href":"https:\/\/spyderquest.com\/fr\/wp-json\/wp\/v2\/comments?post=4003"}],"version-history":[{"count":16,"href":"https:\/\/spyderquest.com\/fr\/wp-json\/wp\/v2\/pages\/4003\/revisions"}],"predecessor-version":[{"id":4035,"href":"https:\/\/spyderquest.com\/fr\/wp-json\/wp\/v2\/pages\/4003\/revisions\/4035"}],"wp:attachment":[{"href":"https:\/\/spyderquest.com\/fr\/wp-json\/wp\/v2\/media?parent=4003"}],"curies":[{"name":"wp","href":"https:\/\/api.w.org\/{rel}","templated":true}]}}