{"id":3918,"date":"2025-12-14T17:45:04","date_gmt":"2025-12-14T22:45:04","guid":{"rendered":"https:\/\/spyderquest.com\/?page_id=3918"},"modified":"2026-01-24T17:37:55","modified_gmt":"2026-01-24T22:37:55","slug":"covered-bridge-marthas-ice-cream","status":"publish","type":"page","link":"https:\/\/spyderquest.com\/fr\/covered-bridge-marthas-ice-cream\/","title":{"rendered":"Covered Bridge\/Marthas Ice Cream"},"content":{"rendered":"<p><strong>Covered Bridge \/ Martha&#8217;s Ice Cream<\/strong><\/p>\n\n\n\n<p class=\"translation-block\">Capitaine de la randonn\u00e9e : Jim Schmiedel<\/p>\n\n\n\n<p>Quoi de mieux que la nostalgie des ponts couverts et d'une bonne cr\u00e8me glac\u00e9e ? Pas grand-chose, \u00e0 moins d'y ajouter le plaisir de s'aventurer sur de magnifiques routes de campagne pour s'y rendre.&nbsp;<\/p>\n\n\n\n<p>Apr\u00e8s avoir profit\u00e9 des sentiers battus, nos premiers courts arr\u00eats serviront \u00e0 admirer l'histoire, la beaut\u00e9 et la construction ing\u00e9nieuse de deux ponts couverts. Une courte distance de 6 milles s\u00e9pare le premier pont du second.&nbsp;<\/p>\n\n\n\n<p>Apr\u00e8s avoir quitt\u00e9 le deuxi\u00e8me pont couvert, ouvrez bien l'\u0153il pour apercevoir la prison de Great Meadows, d\u00e9sormais ferm\u00e9e, devant laquelle nous passerons. La prison a ouvert ses portes en 1911 et a cess\u00e9 ses activit\u00e9s en 2024.<\/p>\n\n\n\n<p>Ensuite, direction Martha\u2019s pour savourer leur c\u00e9l\u00e8bre cr\u00e8me glac\u00e9e, o\u00f9 un grand cornet est un v\u00e9ritable spectacle \u00e0 voir ! Martha\u2019s Dandee Cream est un monument local depuis plus de 78 ans et se trouve sur le site d'une ancienne ferme avicole. Le poulet g\u00e9ant sur leur enseigne \u00e0 l'entr\u00e9e rend hommage \u00e0 un poulet en particulier, nomm\u00e9 Charlie, qui aimait se pavaner devant les clients. Si cela ne rend pas l'endroit assez int\u00e9ressant, Martha\u2019s a m\u00eame fait l'objet d'un segment de l'\u00e9mission Today Show parmi les meilleurs glaciers d'Am\u00e9rique ! Bien qu'il soit ind\u00e9niable qu'ils proposent des saveurs de cr\u00e8me glac\u00e9e d\u00e9licieuses et uniques, ils offrent aussi un menu complet de grillades si vous avez besoin d'un petit quelque chose avant de faire le plein de cr\u00e8me glac\u00e9e.&nbsp;<\/p>\n\n\n\n<p>Il y aura un arr\u00eat pour l'essence en chemin.&nbsp;<\/p>\n\n\n\n<p>Aller-retour \u2013 195 kilometers<br>Temps total \u2013 4 heures<br>Temps de selle total \u2013 3 heures<br>15 min au 1er pont couvert<br>15 min au 2e pont couvert<br>Arr\u00eat d'essence<br>30 min chez Martha\u2019s\u00a0<br><\/p>\n\n\n\n<figure class=\"wp-block-image size-full\"><img loading=\"lazy\" decoding=\"async\" width=\"736\" height=\"1000\" src=\"https:\/\/spyderquest.com\/wp-content\/uploads\/2025\/12\/image-19.jpeg\" alt=\"\" class=\"wp-image-3962\" srcset=\"https:\/\/spyderquest.com\/wp-content\/uploads\/2025\/12\/image-19.jpeg 736w, https:\/\/spyderquest.com\/wp-content\/uploads\/2025\/12\/image-19-221x300.jpeg 221w, https:\/\/spyderquest.com\/wp-content\/uploads\/2025\/12\/image-19-9x12.jpeg 9w\" sizes=\"auto, (max-width: 736px) 100vw, 736px\" \/><\/figure>\n\n\n\n<figure class=\"wp-block-image size-full\"><img loading=\"lazy\" decoding=\"async\" width=\"865\" height=\"492\" src=\"https:\/\/spyderquest.com\/wp-content\/uploads\/2025\/12\/0d43dade-2f0a-4a39-8a29-c683950f5a4d.png\" alt=\"\" class=\"wp-image-3929\" srcset=\"https:\/\/spyderquest.com\/wp-content\/uploads\/2025\/12\/0d43dade-2f0a-4a39-8a29-c683950f5a4d.png 865w, https:\/\/spyderquest.com\/wp-content\/uploads\/2025\/12\/0d43dade-2f0a-4a39-8a29-c683950f5a4d-300x171.png 300w, https:\/\/spyderquest.com\/wp-content\/uploads\/2025\/12\/0d43dade-2f0a-4a39-8a29-c683950f5a4d-18x10.png 18w\" sizes=\"auto, (max-width: 865px) 100vw, 865px\" \/><\/figure>\n\n\n\n<figure class=\"wp-block-image size-large\"><img loading=\"lazy\" decoding=\"async\" width=\"1024\" height=\"681\" src=\"https:\/\/spyderquest.com\/wp-content\/uploads\/2025\/12\/image-1-1-1024x681.png\" alt=\"\" class=\"wp-image-3928\" srcset=\"https:\/\/spyderquest.com\/wp-content\/uploads\/2025\/12\/image-1-1-1024x681.png 1024w, https:\/\/spyderquest.com\/wp-content\/uploads\/2025\/12\/image-1-1-300x199.png 300w, https:\/\/spyderquest.com\/wp-content\/uploads\/2025\/12\/image-1-1-18x12.png 18w, https:\/\/spyderquest.com\/wp-content\/uploads\/2025\/12\/image-1-1.png 1280w\" sizes=\"auto, (max-width: 1024px) 100vw, 1024px\" \/><\/figure>\n\n\n\n<figure class=\"wp-block-image size-full\"><img loading=\"lazy\" decoding=\"async\" width=\"740\" height=\"400\" src=\"https:\/\/spyderquest.com\/wp-content\/uploads\/2025\/12\/image-2-1.png\" alt=\"\" class=\"wp-image-3927\" srcset=\"https:\/\/spyderquest.com\/wp-content\/uploads\/2025\/12\/image-2-1.png 740w, https:\/\/spyderquest.com\/wp-content\/uploads\/2025\/12\/image-2-1-300x162.png 300w, https:\/\/spyderquest.com\/wp-content\/uploads\/2025\/12\/image-2-1-18x10.png 18w\" sizes=\"auto, (max-width: 740px) 100vw, 740px\" \/><\/figure>\n\n\n\n<figure class=\"wp-block-image size-full\"><img loading=\"lazy\" decoding=\"async\" width=\"890\" height=\"393\" src=\"https:\/\/spyderquest.com\/wp-content\/uploads\/2025\/12\/image-6.png\" alt=\"\" class=\"wp-image-3930\" srcset=\"https:\/\/spyderquest.com\/wp-content\/uploads\/2025\/12\/image-6.png 890w, https:\/\/spyderquest.com\/wp-content\/uploads\/2025\/12\/image-6-300x132.png 300w, https:\/\/spyderquest.com\/wp-content\/uploads\/2025\/12\/image-6-18x8.png 18w\" sizes=\"auto, (max-width: 890px) 100vw, 890px\" \/><\/figure>\n\n\n\n<figure class=\"wp-block-image size-large\"><img loading=\"lazy\" decoding=\"async\" width=\"1024\" height=\"503\" src=\"https:\/\/spyderquest.com\/wp-content\/uploads\/2025\/12\/image-5-1024x503.png\" alt=\"\" class=\"wp-image-3922\" srcset=\"https:\/\/spyderquest.com\/wp-content\/uploads\/2025\/12\/image-5-1024x503.png 1024w, https:\/\/spyderquest.com\/wp-content\/uploads\/2025\/12\/image-5-300x147.png 300w, https:\/\/spyderquest.com\/wp-content\/uploads\/2025\/12\/image-5-18x9.png 18w, https:\/\/spyderquest.com\/wp-content\/uploads\/2025\/12\/image-5.png 1110w\" sizes=\"auto, (max-width: 1024px) 100vw, 1024px\" \/><\/figure>","protected":false},"excerpt":{"rendered":"<p>Covered Bridge \/ Martha&#8217;s Ice Cream Ride Captain: Jim Schmiedel What\u2019s better than the nostalgia of covered bridges and good ice cream?&nbsp; Not much, unless you add straying some beautiful back roads to get there to the mix.&nbsp; After enjoying the road less traveled our first brief stops will be to view the history, beauty &hellip; <\/p>\n<p class=\"link-more\"><a href=\"https:\/\/spyderquest.com\/fr\/covered-bridge-marthas-ice-cream\/\" class=\"more-link\">Read more<span class=\"screen-reader-text\"> &#8220;Covered Bridge\/Marthas Ice Cream&#8221;<\/span><\/a><\/p>","protected":false},"author":1,"featured_media":0,"parent":0,"menu_order":0,"comment_status":"closed","ping_status":"closed","template":"custom-template","meta":{"bBlocksCursorData":"","inspiro_hide_title":false,"footnotes":""},"class_list":["post-3918","page","type-page","status-publish","hentry"],"featured_image_src":null,"_links":{"self":[{"href":"https:\/\/spyderquest.com\/fr\/wp-json\/wp\/v2\/pages\/3918","targetHints":{"allow":["GET"]}}],"collection":[{"href":"https:\/\/spyderquest.com\/fr\/wp-json\/wp\/v2\/pages"}],"about":[{"href":"https:\/\/spyderquest.com\/fr\/wp-json\/wp\/v2\/types\/page"}],"author":[{"embeddable":true,"href":"https:\/\/spyderquest.com\/fr\/wp-json\/wp\/v2\/users\/1"}],"replies":[{"embeddable":true,"href":"https:\/\/spyderquest.com\/fr\/wp-json\/wp\/v2\/comments?post=3918"}],"version-history":[{"count":6,"href":"https:\/\/spyderquest.com\/fr\/wp-json\/wp\/v2\/pages\/3918\/revisions"}],"predecessor-version":[{"id":4048,"href":"https:\/\/spyderquest.com\/fr\/wp-json\/wp\/v2\/pages\/3918\/revisions\/4048"}],"wp:attachment":[{"href":"https:\/\/spyderquest.com\/fr\/wp-json\/wp\/v2\/media?parent=3918"}],"curies":[{"name":"wp","href":"https:\/\/api.w.org\/{rel}","templated":true}]}}