{"id":3895,"date":"2025-12-14T17:19:00","date_gmt":"2025-12-14T22:19:00","guid":{"rendered":"https:\/\/spyderquest.com\/?page_id=3895"},"modified":"2026-01-24T17:01:37","modified_gmt":"2026-01-24T22:01:37","slug":"historic-schoharie-crossing-yankee-hill-lock-28","status":"publish","type":"page","link":"https:\/\/spyderquest.com\/fr\/historic-schoharie-crossing-yankee-hill-lock-28\/","title":{"rendered":"Historic Schoharie Crossing &amp; Yankee Hill Lock #28"},"content":{"rendered":"<p><strong>Historic Schoharie Crossing &amp; Yankee Hill Lock #28<\/strong><\/p>\n\n\n\n<p>Capitaine de la Randonn\u00e9e: Ray Sanders<\/p>\n\n\n\n<p>Nous roulerons jusqu'au centre des visiteurs et mus\u00e9e du site historique de Schoharie Crossing, o\u00f9 vous pourrez d\u00e9ambuler \u00e0 travers les expositions pour d\u00e9couvrir l'histoire du canal de l'Erie. Sur place, vous pourrez \u00e9galement faire une courte promenade pour voir les vestiges du fort, le canal original des ann\u00e9es 1820 surnomm\u00e9 \u00ab Clinton's Ditch \u00bb, ainsi que les restes de l'aqueduc de Schoharie, une structure magistrale construite entre 1839 et 1841.<\/p>\n\n\n\n<p>De l\u00e0, nous ferons un court trajet de 3 milles pour voir l'\u00e9cluse d\u00e9saffect\u00e9e de Yankee Hill (n\u00b0 28), o\u00f9 vous pourrez emprunter des passerelles pi\u00e9tonnes pour traverser les anciennes \u00e9cluses doubles c\u00f4te \u00e0 c\u00f4te et apercevoir l'ancien b\u00e2timent de l'\u00e9picerie Putman Lock. Le tout avec la magnifique rivi\u00e8re Mohawk en toile de fond.<\/p>\n\n\n\n<p>Nous ne nous arr\u00eaterons pas pour d\u00eener, car nous devrions \u00eatre de retour \u00e0 temps pour un repas tardif. N'h\u00e9sitez pas \u00e0 apporter des collations ; il y a des tables de pique-nique \u00e0 notre deuxi\u00e8me arr\u00eat.&nbsp;<\/p>\n\n\n\n<p><a href=\"https:\/\/parks.ny.gov\/visit\/historic-sites\/schoharie-crossing-state-historic-site\">https:\/\/parks.ny.gov\/visit\/historic-sites\/schoharie-crossing-state-historic-site<\/a><\/p>\n\n\n\n<p>Aller simple \u2013 60 kilom\u00e8tres \/ Aller-retour \u2013 120 kilom\u00e8tres<br>Temps total \u2013 3.5 heures<br>Temps de selle total \u2013 2 heures<br>45 min au centre des visiteurs \/ mus\u00e9e<br>30 min \u00e0 l'\u00e9cluse Yankee Hill Lock 28<\/p>\n\n\n\n<figure class=\"wp-block-image size-large\"><img loading=\"lazy\" decoding=\"async\" width=\"1024\" height=\"602\" src=\"https:\/\/spyderquest.com\/wp-content\/uploads\/2025\/12\/image-7-1024x602.jpeg\" alt=\"\" class=\"wp-image-3900\" srcset=\"https:\/\/spyderquest.com\/wp-content\/uploads\/2025\/12\/image-7-1024x602.jpeg 1024w, https:\/\/spyderquest.com\/wp-content\/uploads\/2025\/12\/image-7-300x176.jpeg 300w, https:\/\/spyderquest.com\/wp-content\/uploads\/2025\/12\/image-7-18x12.jpeg 18w, https:\/\/spyderquest.com\/wp-content\/uploads\/2025\/12\/image-7.jpeg 1600w\" sizes=\"auto, (max-width: 1024px) 100vw, 1024px\" \/><\/figure>\n\n\n\n<figure class=\"wp-block-image size-large\"><img loading=\"lazy\" decoding=\"async\" width=\"1024\" height=\"583\" src=\"https:\/\/spyderquest.com\/wp-content\/uploads\/2025\/12\/image-31-1024x583.jpeg\" alt=\"\" class=\"wp-image-3981\" srcset=\"https:\/\/spyderquest.com\/wp-content\/uploads\/2025\/12\/image-31-1024x583.jpeg 1024w, https:\/\/spyderquest.com\/wp-content\/uploads\/2025\/12\/image-31-300x171.jpeg 300w, https:\/\/spyderquest.com\/wp-content\/uploads\/2025\/12\/image-31-18x10.jpeg 18w, https:\/\/spyderquest.com\/wp-content\/uploads\/2025\/12\/image-31.jpeg 1439w\" sizes=\"auto, (max-width: 1024px) 100vw, 1024px\" \/><\/figure>","protected":false},"excerpt":{"rendered":"<p>Historic Schoharie Crossing &amp; Yankee Hill Lock #28 Ride Captain: Ray Sanders We will be riding to the Schoharie Crossing Historic Site Visitors Center\/Museum where you will be able to meander through the exhibits to learn the history of the Erie Canal. While there, you can also take a short stroll to see the remnants &hellip; <\/p>\n<p class=\"link-more\"><a href=\"https:\/\/spyderquest.com\/fr\/historic-schoharie-crossing-yankee-hill-lock-28\/\" class=\"more-link\">Read more<span class=\"screen-reader-text\"> &#8220;Historic Schoharie Crossing &amp; Yankee Hill Lock #28&#8221;<\/span><\/a><\/p>","protected":false},"author":1,"featured_media":0,"parent":0,"menu_order":0,"comment_status":"closed","ping_status":"closed","template":"custom-template","meta":{"bBlocksCursorData":"","inspiro_hide_title":false,"footnotes":""},"class_list":["post-3895","page","type-page","status-publish","hentry"],"featured_image_src":null,"_links":{"self":[{"href":"https:\/\/spyderquest.com\/fr\/wp-json\/wp\/v2\/pages\/3895","targetHints":{"allow":["GET"]}}],"collection":[{"href":"https:\/\/spyderquest.com\/fr\/wp-json\/wp\/v2\/pages"}],"about":[{"href":"https:\/\/spyderquest.com\/fr\/wp-json\/wp\/v2\/types\/page"}],"author":[{"embeddable":true,"href":"https:\/\/spyderquest.com\/fr\/wp-json\/wp\/v2\/users\/1"}],"replies":[{"embeddable":true,"href":"https:\/\/spyderquest.com\/fr\/wp-json\/wp\/v2\/comments?post=3895"}],"version-history":[{"count":6,"href":"https:\/\/spyderquest.com\/fr\/wp-json\/wp\/v2\/pages\/3895\/revisions"}],"predecessor-version":[{"id":4039,"href":"https:\/\/spyderquest.com\/fr\/wp-json\/wp\/v2\/pages\/3895\/revisions\/4039"}],"wp:attachment":[{"href":"https:\/\/spyderquest.com\/fr\/wp-json\/wp\/v2\/media?parent=3895"}],"curies":[{"name":"wp","href":"https:\/\/api.w.org\/{rel}","templated":true}]}}