{"id":3860,"date":"2025-12-08T11:52:29","date_gmt":"2025-12-08T16:52:29","guid":{"rendered":"https:\/\/spyderquest.com\/?page_id=3860"},"modified":"2026-04-21T19:28:25","modified_gmt":"2026-04-21T23:28:25","slug":"spier-falls-scoot","status":"publish","type":"page","link":"https:\/\/spyderquest.com\/fr\/spier-falls-scoot\/","title":{"rendered":"Spier Falls Scoot"},"content":{"rendered":"<p><strong>Spier Falls Scoot<\/strong><\/p>\n\n\n\n<p>Capitaine de la Randonn\u00e9e: Jay Champaign<\/p>\n\n\n\n<p><\/p>\n\n\n\n<p><\/p>\n\n\n\n<p><\/p>\n\n\n\n<p><\/p>\n\n\n\n<p>Venez rouler avec nous et profitez d'une petite vir\u00e9e d'apr\u00e8s-midi en parcourant les routes de campagne de Saratoga Springs, Wilton, Moreau, Corinth et Greenfield, tout en admirant les magnifiques paysages et les charmantes fermes \u00e9questres le long de la route. Si fl\u00e2ner n'est pas votre tasse de th\u00e9, ne vous en faites pas : nous n\u00e9gocierons \u00e9galement des virages de montagne enlevants pendant que nous nous dirigerons vers Spier Falls.&nbsp;&nbsp;&nbsp;<\/p>\n\n\n\n<p>Spier Falls est un impressionnant barrage hydro\u00e9lectrique qui surplombe le fleuve Hudson.<\/p>\n\n\n\n<p>En 1903, les chutes Spier ont \u00e9t\u00e9 endigu\u00e9es et la centrale hydro\u00e9lectrique de Spier Falls a \u00e9t\u00e9 construite. \u00c0 l'\u00e9poque, il s'agissait du quatri\u00e8me plus grand barrage et de la quatri\u00e8me plus grande centrale \u00e9lectrique au monde. Mais cela ne s'est pas fait sans sacrifice : bien que le nombre exact soit contest\u00e9, au moins 29 vies ont \u00e9t\u00e9 tragiquement perdues durant la construction de l'ouvrage. Actuellement, le barrage hydro\u00e9lectrique de Spier Falls se classe au 48e rang sur 944 centrales dans l'\u00c9tat de New York, et au 2 202e rang sur 12 509 \u00e0 l'\u00e9chelle nationale, en termes de production annuelle nette d'\u00e9lectricit\u00e9.&nbsp;<\/p>\n\n\n\n<p>76 kilom\u00e8tres l'aller-retour<br>Temps total : 1 h 15 min&nbsp;&nbsp;<\/p>\n\n\n\n<figure class=\"wp-block-image size-large\"><img loading=\"lazy\" decoding=\"async\" width=\"1024\" height=\"768\" src=\"https:\/\/spyderquest.com\/wp-content\/uploads\/2025\/12\/image-5-1024x768.jpeg\" alt=\"\" class=\"wp-image-3861\" srcset=\"https:\/\/spyderquest.com\/wp-content\/uploads\/2025\/12\/image-5-1024x768.jpeg 1024w, https:\/\/spyderquest.com\/wp-content\/uploads\/2025\/12\/image-5-300x225.jpeg 300w, https:\/\/spyderquest.com\/wp-content\/uploads\/2025\/12\/image-5-16x12.jpeg 16w, https:\/\/spyderquest.com\/wp-content\/uploads\/2025\/12\/image-5.jpeg 1200w\" sizes=\"auto, (max-width: 1024px) 100vw, 1024px\" \/><\/figure>\n\n\n\n<figure class=\"wp-block-image size-full\"><img loading=\"lazy\" decoding=\"async\" width=\"575\" height=\"383\" src=\"https:\/\/spyderquest.com\/wp-content\/uploads\/2025\/12\/image-33.jpeg\" alt=\"\" class=\"wp-image-3985\" srcset=\"https:\/\/spyderquest.com\/wp-content\/uploads\/2025\/12\/image-33.jpeg 575w, https:\/\/spyderquest.com\/wp-content\/uploads\/2025\/12\/image-33-300x200.jpeg 300w, https:\/\/spyderquest.com\/wp-content\/uploads\/2025\/12\/image-33-18x12.jpeg 18w\" sizes=\"auto, (max-width: 575px) 100vw, 575px\" \/><\/figure>","protected":false},"excerpt":{"rendered":"<p>Spier Falls Scoot Ride Captain: Jay Champaign Come ride with us and enjoy a quick afternoon scoot, traipsing through the back country roads of Saratoga Springs, Wilton, Moreau, Corinth and Greenfield as we take in the beautiful scenic views and charming horse farms along the route. If traipsing isn\u2019t your thing, don\u2019t fret, we have &hellip; <\/p>\n<p class=\"link-more\"><a href=\"https:\/\/spyderquest.com\/fr\/spier-falls-scoot\/\" class=\"more-link\">Read more<span class=\"screen-reader-text\"> &#8220;Spier Falls Scoot&#8221;<\/span><\/a><\/p>","protected":false},"author":1,"featured_media":0,"parent":0,"menu_order":0,"comment_status":"closed","ping_status":"closed","template":"custom-template","meta":{"bBlocksCursorData":"","inspiro_hide_title":false,"footnotes":""},"class_list":["post-3860","page","type-page","status-publish","hentry"],"featured_image_src":null,"_links":{"self":[{"href":"https:\/\/spyderquest.com\/fr\/wp-json\/wp\/v2\/pages\/3860","targetHints":{"allow":["GET"]}}],"collection":[{"href":"https:\/\/spyderquest.com\/fr\/wp-json\/wp\/v2\/pages"}],"about":[{"href":"https:\/\/spyderquest.com\/fr\/wp-json\/wp\/v2\/types\/page"}],"author":[{"embeddable":true,"href":"https:\/\/spyderquest.com\/fr\/wp-json\/wp\/v2\/users\/1"}],"replies":[{"embeddable":true,"href":"https:\/\/spyderquest.com\/fr\/wp-json\/wp\/v2\/comments?post=3860"}],"version-history":[{"count":11,"href":"https:\/\/spyderquest.com\/fr\/wp-json\/wp\/v2\/pages\/3860\/revisions"}],"predecessor-version":[{"id":4286,"href":"https:\/\/spyderquest.com\/fr\/wp-json\/wp\/v2\/pages\/3860\/revisions\/4286"}],"wp:attachment":[{"href":"https:\/\/spyderquest.com\/fr\/wp-json\/wp\/v2\/media?parent=3860"}],"curies":[{"name":"wp","href":"https:\/\/api.w.org\/{rel}","templated":true}]}}