{"id":3802,"date":"2025-12-07T17:48:44","date_gmt":"2025-12-07T22:48:44","guid":{"rendered":"https:\/\/spyderquest.com\/?page_id=3802"},"modified":"2025-12-09T16:25:09","modified_gmt":"2025-12-09T21:25:09","slug":"light-parade","status":"publish","type":"page","link":"https:\/\/spyderquest.com\/fr\/light-parade\/","title":{"rendered":"D\u00e9fil\u00e9 des lumi\u00e8res"},"content":{"rendered":"<p><strong>D\u00e9fil\u00e9 des lumi\u00e8res<\/strong><\/p>\n\n\n\n<p>Joignez-vous \u00e0 nous pour le d\u00e9fil\u00e9 des lumi\u00e8res.<br>Alignement des v\u00e9hicules \u00e0 7:00 PM, le d\u00e9fil\u00e9 partira lorsqu'il fera assez noir.<br>Prix pour les Spyders les mieux \u00e9clair\u00e9s.<br>Pas besoin de s'inscrire, pr\u00e9sentez-vous simplement avec votre Spyder illumin\u00e9.<\/p>\n\n\n\n<p><\/p>\n\n\n\n<p>Commandit\u00e9 par : <a href=\"https:\/\/tricledusa.com\/\">TricLED<\/a> <a href=\"https:\/\/tricledusa.com\/\">https:\/\/tricledusa.com\/<\/a><\/p>\n\n\n\n<figure class=\"wp-block-image size-full\"><img loading=\"lazy\" decoding=\"async\" width=\"1020\" height=\"471\" src=\"https:\/\/spyderquest.com\/wp-content\/uploads\/2025\/12\/20250904_193955_resized.jpg\" alt=\"\" class=\"wp-image-3803\" srcset=\"https:\/\/spyderquest.com\/wp-content\/uploads\/2025\/12\/20250904_193955_resized.jpg 1020w, https:\/\/spyderquest.com\/wp-content\/uploads\/2025\/12\/20250904_193955_resized-300x139.jpg 300w, https:\/\/spyderquest.com\/wp-content\/uploads\/2025\/12\/20250904_193955_resized-18x8.jpg 18w\" sizes=\"auto, (max-width: 1020px) 100vw, 1020px\" \/><\/figure>\n\n\n\n<figure class=\"wp-block-image size-large\"><img loading=\"lazy\" decoding=\"async\" width=\"768\" height=\"1024\" src=\"https:\/\/spyderquest.com\/wp-content\/uploads\/2025\/12\/NightParade-768x1024.jpg\" alt=\"\" class=\"wp-image-3805\" srcset=\"https:\/\/spyderquest.com\/wp-content\/uploads\/2025\/12\/NightParade-768x1024.jpg 768w, https:\/\/spyderquest.com\/wp-content\/uploads\/2025\/12\/NightParade-225x300.jpg 225w, https:\/\/spyderquest.com\/wp-content\/uploads\/2025\/12\/NightParade-2000x2667.jpg 2000w, https:\/\/spyderquest.com\/wp-content\/uploads\/2025\/12\/NightParade-scaled-9x12.jpg 9w, https:\/\/spyderquest.com\/wp-content\/uploads\/2025\/12\/NightParade-scaled.jpg 1920w\" sizes=\"auto, (max-width: 768px) 100vw, 768px\" \/><\/figure>\n\n\n\n<figure class=\"wp-block-image size-large\"><img loading=\"lazy\" decoding=\"async\" width=\"1024\" height=\"577\" src=\"https:\/\/spyderquest.com\/wp-content\/uploads\/2025\/12\/NightParade3-1024x577.jpg\" alt=\"\" class=\"wp-image-3804\" srcset=\"https:\/\/spyderquest.com\/wp-content\/uploads\/2025\/12\/NightParade3-1024x577.jpg 1024w, https:\/\/spyderquest.com\/wp-content\/uploads\/2025\/12\/NightParade3-300x169.jpg 300w, https:\/\/spyderquest.com\/wp-content\/uploads\/2025\/12\/NightParade3-2000x1126.jpg 2000w, https:\/\/spyderquest.com\/wp-content\/uploads\/2025\/12\/NightParade3-scaled-18x10.jpg 18w\" sizes=\"auto, (max-width: 1024px) 100vw, 1024px\" \/><\/figure>\n\n\n\n<figure class=\"wp-block-image size-large\"><img loading=\"lazy\" decoding=\"async\" width=\"1024\" height=\"577\" src=\"https:\/\/spyderquest.com\/wp-content\/uploads\/2025\/12\/NightParade2-1024x577.jpg\" alt=\"\" class=\"wp-image-3806\" srcset=\"https:\/\/spyderquest.com\/wp-content\/uploads\/2025\/12\/NightParade2-1024x577.jpg 1024w, https:\/\/spyderquest.com\/wp-content\/uploads\/2025\/12\/NightParade2-300x169.jpg 300w, https:\/\/spyderquest.com\/wp-content\/uploads\/2025\/12\/NightParade2-2000x1126.jpg 2000w, https:\/\/spyderquest.com\/wp-content\/uploads\/2025\/12\/NightParade2-scaled-18x10.jpg 18w\" sizes=\"auto, (max-width: 1024px) 100vw, 1024px\" \/><\/figure>\n\n\n\n<figure class=\"wp-block-image size-large\"><img loading=\"lazy\" decoding=\"async\" width=\"1024\" height=\"577\" src=\"https:\/\/spyderquest.com\/wp-content\/uploads\/2025\/12\/NightParade1-1024x577.jpg\" alt=\"\" class=\"wp-image-3807\" srcset=\"https:\/\/spyderquest.com\/wp-content\/uploads\/2025\/12\/NightParade1-1024x577.jpg 1024w, https:\/\/spyderquest.com\/wp-content\/uploads\/2025\/12\/NightParade1-300x169.jpg 300w, https:\/\/spyderquest.com\/wp-content\/uploads\/2025\/12\/NightParade1-2000x1126.jpg 2000w, https:\/\/spyderquest.com\/wp-content\/uploads\/2025\/12\/NightParade1-scaled-18x10.jpg 18w\" sizes=\"auto, (max-width: 1024px) 100vw, 1024px\" \/><\/figure>\n\n\n\n<figure class=\"wp-block-image size-large\"><img loading=\"lazy\" decoding=\"async\" width=\"768\" height=\"1024\" src=\"https:\/\/spyderquest.com\/wp-content\/uploads\/2025\/12\/NightParade4-768x1024.jpg\" alt=\"\" class=\"wp-image-3808\" srcset=\"https:\/\/spyderquest.com\/wp-content\/uploads\/2025\/12\/NightParade4-768x1024.jpg 768w, https:\/\/spyderquest.com\/wp-content\/uploads\/2025\/12\/NightParade4-225x300.jpg 225w, https:\/\/spyderquest.com\/wp-content\/uploads\/2025\/12\/NightParade4-2000x2667.jpg 2000w, https:\/\/spyderquest.com\/wp-content\/uploads\/2025\/12\/NightParade4-scaled-9x12.jpg 9w, https:\/\/spyderquest.com\/wp-content\/uploads\/2025\/12\/NightParade4-scaled.jpg 1920w\" sizes=\"auto, (max-width: 768px) 100vw, 768px\" \/><\/figure>\n\n\n\n<figure class=\"wp-block-image size-full is-resized\"><img loading=\"lazy\" decoding=\"async\" width=\"286\" height=\"68\" src=\"https:\/\/spyderquest.com\/wp-content\/uploads\/2017\/12\/Tricled.jpg\" alt=\"\" class=\"wp-image-112\" style=\"width:756px;height:auto\" srcset=\"https:\/\/spyderquest.com\/wp-content\/uploads\/2017\/12\/Tricled.jpg 286w, https:\/\/spyderquest.com\/wp-content\/uploads\/2017\/12\/Tricled-18x4.jpg 18w\" sizes=\"auto, (max-width: 286px) 100vw, 286px\" \/><\/figure>\n\n\n\n<p><\/p>","protected":false},"excerpt":{"rendered":"<p>Light Parade Join us for the Light Parade.Line up at 7:00pm, parade will leave when its dark enough.Prize for best lighted Spyder&#8217;s.No need to signup, just show up with your lighted Spyder. Sponsored by: TricLED https:\/\/tricledusa.com\/<\/p>","protected":false},"author":1,"featured_media":0,"parent":0,"menu_order":0,"comment_status":"closed","ping_status":"closed","template":"custom-template","meta":{"bBlocksCursorData":"","inspiro_hide_title":false,"footnotes":""},"class_list":["post-3802","page","type-page","status-publish","hentry"],"featured_image_src":null,"_links":{"self":[{"href":"https:\/\/spyderquest.com\/fr\/wp-json\/wp\/v2\/pages\/3802","targetHints":{"allow":["GET"]}}],"collection":[{"href":"https:\/\/spyderquest.com\/fr\/wp-json\/wp\/v2\/pages"}],"about":[{"href":"https:\/\/spyderquest.com\/fr\/wp-json\/wp\/v2\/types\/page"}],"author":[{"embeddable":true,"href":"https:\/\/spyderquest.com\/fr\/wp-json\/wp\/v2\/users\/1"}],"replies":[{"embeddable":true,"href":"https:\/\/spyderquest.com\/fr\/wp-json\/wp\/v2\/comments?post=3802"}],"version-history":[{"count":4,"href":"https:\/\/spyderquest.com\/fr\/wp-json\/wp\/v2\/pages\/3802\/revisions"}],"predecessor-version":[{"id":3891,"href":"https:\/\/spyderquest.com\/fr\/wp-json\/wp\/v2\/pages\/3802\/revisions\/3891"}],"wp:attachment":[{"href":"https:\/\/spyderquest.com\/fr\/wp-json\/wp\/v2\/media?parent=3802"}],"curies":[{"name":"wp","href":"https:\/\/api.w.org\/{rel}","templated":true}]}}