{"id":3794,"date":"2025-12-07T17:07:05","date_gmt":"2025-12-07T22:07:05","guid":{"rendered":"https:\/\/spyderquest.com\/?page_id=3794"},"modified":"2025-12-17T16:40:46","modified_gmt":"2025-12-17T21:40:46","slug":"saratoga-battlefield","status":"publish","type":"page","link":"https:\/\/spyderquest.com\/fr\/saratoga-battlefield\/","title":{"rendered":"Saratoga Battlefield"},"content":{"rendered":"<p><strong>Saratoga Battlefield<\/strong><\/p>\n\n\n\n<p>Capitaine de la Randonn\u00e9e : Don McCormack<\/p>\n\n\n\n<p><\/p>\n\n\n\n<p>Saratoga regorge d'histoire et le Saratoga Battlefield en est un parfait exemple.&nbsp;<\/p>\n\n\n\n<p>Nous profiterons d'une belle randonn\u00e9e paisible \u00e0 travers la campagne qui nous fera traverser le Saratoga County Veterans Memorial Bridge en route vers notre destination. Pendant la travers\u00e9e du pont, profitez de la vue imprenable sur le lac Saratoga d'un c\u00f4t\u00e9 et sur Fish Creek de l'autre. Apr\u00e8s avoir travers\u00e9 le pont, nous longerons une partie de la rive du lac Saratoga avant de nous diriger vers le Saratoga Battlefield.&nbsp;<\/p>\n\n\n\n<p>Le Saratoga Battlefield est la plus vaste des 5 parties constituant le magnifique Saratoga National Historical Park. Le champ de bataille propose un circuit de 9 milles (14,5 km) comprenant plusieurs sites d'importance historique tout au long du parcours. Les attractions principales incluent : la Maison Philip Schuyler, qui \u00e9tait la plantation du Nord et la r\u00e9sidence de campagne du g\u00e9n\u00e9ral Philip Schuyler avant et apr\u00e8s les batailles de Saratoga ; le Monument de Saratoga, un ob\u00e9lisque de pierre de 155 pieds comm\u00e9morant la reddition de Burgoyne devant Gates ; et le Site de la reddition de Saratoga, o\u00f9 le 17 octobre 1777, le g\u00e9n\u00e9ral Burgoyne s'est rendu au g\u00e9n\u00e9ral Gates.<\/p>\n\n\n\n<p>La dur\u00e9e totale de cette randonn\u00e9e peut varier selon le nombre d'arr\u00eats effectu\u00e9s \u00e0 l'int\u00e9rieur du parc. Cependant, le kilom\u00e9trage total et le temps en selle demeureront les m\u00eames.&nbsp;<\/p>\n\n\n\n<p>56 km aller-retour<br>1 h 30 min dur\u00e9e totale de la sortie<br>1 h 15 min temps de selle total<br><br><a href=\"https:\/\/www.nps.gov\/sara\/planyourvisit\/index.htm\">https:\/\/www.nps.gov\/sara\/planyourvisit\/index.htm<\/a><br><\/p>\n\n\n\n<figure class=\"wp-block-image size-large\"><img loading=\"lazy\" decoding=\"async\" width=\"1024\" height=\"394\" src=\"https:\/\/spyderquest.com\/wp-content\/uploads\/2025\/12\/image-3-1024x394.png\" alt=\"\" class=\"wp-image-3797\" srcset=\"https:\/\/spyderquest.com\/wp-content\/uploads\/2025\/12\/image-3-1024x394.png 1024w, https:\/\/spyderquest.com\/wp-content\/uploads\/2025\/12\/image-3-300x115.png 300w, https:\/\/spyderquest.com\/wp-content\/uploads\/2025\/12\/image-3-18x7.png 18w, https:\/\/spyderquest.com\/wp-content\/uploads\/2025\/12\/image-3.png 1600w\" sizes=\"auto, (max-width: 1024px) 100vw, 1024px\" \/><\/figure>\n\n\n\n<figure class=\"wp-block-image size-large\"><img loading=\"lazy\" decoding=\"async\" width=\"1024\" height=\"474\" src=\"https:\/\/spyderquest.com\/wp-content\/uploads\/2025\/12\/image-25-1024x474.jpeg\" alt=\"\" class=\"wp-image-3972\" srcset=\"https:\/\/spyderquest.com\/wp-content\/uploads\/2025\/12\/image-25-1024x474.jpeg 1024w, https:\/\/spyderquest.com\/wp-content\/uploads\/2025\/12\/image-25-300x139.jpeg 300w, https:\/\/spyderquest.com\/wp-content\/uploads\/2025\/12\/image-25-18x8.jpeg 18w, https:\/\/spyderquest.com\/wp-content\/uploads\/2025\/12\/image-25.jpeg 1439w\" sizes=\"auto, (max-width: 1024px) 100vw, 1024px\" \/><\/figure>\n\n\n\n<figure class=\"wp-block-image size-large\"><img loading=\"lazy\" decoding=\"async\" width=\"1024\" height=\"473\" src=\"https:\/\/spyderquest.com\/wp-content\/uploads\/2025\/12\/image-26-1024x473.jpeg\" alt=\"\" class=\"wp-image-3973\" srcset=\"https:\/\/spyderquest.com\/wp-content\/uploads\/2025\/12\/image-26-1024x473.jpeg 1024w, https:\/\/spyderquest.com\/wp-content\/uploads\/2025\/12\/image-26-300x139.jpeg 300w, https:\/\/spyderquest.com\/wp-content\/uploads\/2025\/12\/image-26-18x8.jpeg 18w, https:\/\/spyderquest.com\/wp-content\/uploads\/2025\/12\/image-26.jpeg 1439w\" sizes=\"auto, (max-width: 1024px) 100vw, 1024px\" \/><\/figure>","protected":false},"excerpt":{"rendered":"<p>Saratoga Battlefield Ride Captain: Don McCormack Saratoga is rich in history and the Saratoga Battlefield is just one example of that.&nbsp; We will enjoy a nice leisurely ride through the countryside which will take us across the Saratoga County Veterans Memorial Bridge on our way to our destination. While on the bridge enjoy the stunning &hellip; <\/p>\n<p class=\"link-more\"><a href=\"https:\/\/spyderquest.com\/fr\/saratoga-battlefield\/\" class=\"more-link\">Read more<span class=\"screen-reader-text\"> &#8220;Saratoga Battlefield&#8221;<\/span><\/a><\/p>","protected":false},"author":1,"featured_media":0,"parent":0,"menu_order":0,"comment_status":"closed","ping_status":"closed","template":"custom-template","meta":{"bBlocksCursorData":"","inspiro_hide_title":false,"footnotes":""},"class_list":["post-3794","page","type-page","status-publish","hentry"],"featured_image_src":null,"_links":{"self":[{"href":"https:\/\/spyderquest.com\/fr\/wp-json\/wp\/v2\/pages\/3794","targetHints":{"allow":["GET"]}}],"collection":[{"href":"https:\/\/spyderquest.com\/fr\/wp-json\/wp\/v2\/pages"}],"about":[{"href":"https:\/\/spyderquest.com\/fr\/wp-json\/wp\/v2\/types\/page"}],"author":[{"embeddable":true,"href":"https:\/\/spyderquest.com\/fr\/wp-json\/wp\/v2\/users\/1"}],"replies":[{"embeddable":true,"href":"https:\/\/spyderquest.com\/fr\/wp-json\/wp\/v2\/comments?post=3794"}],"version-history":[{"count":4,"href":"https:\/\/spyderquest.com\/fr\/wp-json\/wp\/v2\/pages\/3794\/revisions"}],"predecessor-version":[{"id":3974,"href":"https:\/\/spyderquest.com\/fr\/wp-json\/wp\/v2\/pages\/3794\/revisions\/3974"}],"wp:attachment":[{"href":"https:\/\/spyderquest.com\/fr\/wp-json\/wp\/v2\/media?parent=3794"}],"curies":[{"name":"wp","href":"https:\/\/api.w.org\/{rel}","templated":true}]}}