{"id":3790,"date":"2025-12-07T17:04:13","date_gmt":"2025-12-07T22:04:13","guid":{"rendered":"https:\/\/spyderquest.com\/?page_id=3790"},"modified":"2025-12-07T17:05:23","modified_gmt":"2025-12-07T22:05:23","slug":"afternoon-stroll","status":"publish","type":"page","link":"https:\/\/spyderquest.com\/fr\/afternoon-stroll\/","title":{"rendered":"Afternoon Stroll"},"content":{"rendered":"<p><strong>Afternoon Stroll<\/strong><\/p>\n\n\n\n<p>Capitaine de la Randonn\u00e9e : Bob Raymond<\/p>\n\n\n\n<p><\/p>\n\n\n\n<p>Rien ne bat une belle promenade relaxante d'apr\u00e8s-midi, sauf quand vous la faites sur votre Spyder ou votre Ryker avec un groupe d'amis !&nbsp;<\/p>\n\n\n\n<p>Venez vous joindre \u00e0 nous alors que nous roulerons sans but pr\u00e9cis. Notre itin\u00e9raire exact est plut\u00f4t incertain, mais le plaisir sera au rendez-vous alors que nous parcourrons paisiblement des routes agr\u00e9ables aux paysages attrayants. Nous passerons par le Great Sacandaga Lake et Lake Desolation \u00e0 un certain moment de notre escapade. Si votre d\u00e9sir principal est simplement de sortir et de rouler, et que la destination n'est pas importante, cette randonn\u00e9e est pour vous.&nbsp;<\/p>\n\n\n\n<p>Aller-retour approximatif \u2013 2 heures<\/p>\n\n\n\n<figure class=\"wp-block-image size-large\"><img loading=\"lazy\" decoding=\"async\" width=\"1024\" height=\"457\" src=\"https:\/\/spyderquest.com\/wp-content\/uploads\/2025\/12\/image-3-1024x457.jpeg\" alt=\"\" class=\"wp-image-3791\" srcset=\"https:\/\/spyderquest.com\/wp-content\/uploads\/2025\/12\/image-3-1024x457.jpeg 1024w, https:\/\/spyderquest.com\/wp-content\/uploads\/2025\/12\/image-3-300x134.jpeg 300w, https:\/\/spyderquest.com\/wp-content\/uploads\/2025\/12\/image-3-18x8.jpeg 18w, https:\/\/spyderquest.com\/wp-content\/uploads\/2025\/12\/image-3.jpeg 1600w\" sizes=\"auto, (max-width: 1024px) 100vw, 1024px\" \/><\/figure>","protected":false},"excerpt":{"rendered":"<p>Afternoon Stroll Ride Captain: Bob Raymond Nothing beats a nice relaxing afternoon stroll, except when you are doing it on your Spyder or Ryker with a group of friends.&nbsp; Come join us as we wander aimlessly around. Where we will roam is mostly a matter of uncertainty, but a good time will be had as &hellip; <\/p>\n<p class=\"link-more\"><a href=\"https:\/\/spyderquest.com\/fr\/afternoon-stroll\/\" class=\"more-link\">Read more<span class=\"screen-reader-text\"> &#8220;Afternoon Stroll&#8221;<\/span><\/a><\/p>","protected":false},"author":1,"featured_media":0,"parent":0,"menu_order":0,"comment_status":"closed","ping_status":"closed","template":"custom-template","meta":{"bBlocksCursorData":"","inspiro_hide_title":false,"footnotes":""},"class_list":["post-3790","page","type-page","status-publish","hentry"],"featured_image_src":null,"_links":{"self":[{"href":"https:\/\/spyderquest.com\/fr\/wp-json\/wp\/v2\/pages\/3790","targetHints":{"allow":["GET"]}}],"collection":[{"href":"https:\/\/spyderquest.com\/fr\/wp-json\/wp\/v2\/pages"}],"about":[{"href":"https:\/\/spyderquest.com\/fr\/wp-json\/wp\/v2\/types\/page"}],"author":[{"embeddable":true,"href":"https:\/\/spyderquest.com\/fr\/wp-json\/wp\/v2\/users\/1"}],"replies":[{"embeddable":true,"href":"https:\/\/spyderquest.com\/fr\/wp-json\/wp\/v2\/comments?post=3790"}],"version-history":[{"count":1,"href":"https:\/\/spyderquest.com\/fr\/wp-json\/wp\/v2\/pages\/3790\/revisions"}],"predecessor-version":[{"id":3792,"href":"https:\/\/spyderquest.com\/fr\/wp-json\/wp\/v2\/pages\/3790\/revisions\/3792"}],"wp:attachment":[{"href":"https:\/\/spyderquest.com\/fr\/wp-json\/wp\/v2\/media?parent=3790"}],"curies":[{"name":"wp","href":"https:\/\/api.w.org\/{rel}","templated":true}]}}