{"id":3768,"date":"2025-12-07T11:56:15","date_gmt":"2025-12-07T16:56:15","guid":{"rendered":"https:\/\/spyderquest.com\/?page_id=3768"},"modified":"2025-12-17T16:35:04","modified_gmt":"2025-12-17T21:35:04","slug":"marthas-dandee-ice-cream-scoot","status":"publish","type":"page","link":"https:\/\/spyderquest.com\/fr\/marthas-dandee-ice-cream-scoot\/","title":{"rendered":"Martha\u2019s Dandee Ice Cream Scoot"},"content":{"rendered":"<p><strong>Martha\u2019s Dandee Ice Cream Scoot<\/strong><\/p>\n\n\n\n<p>Capitaine de la Randonn\u00e9e: Bob Gilbert<br><br>Une cr\u00e8me glac\u00e9e chez Martha avec vos amis proprios de Spyder, c\u2019est une maudite belle fa\u00e7on de passer l'apr\u00e8s-midi !<\/p>\n\n\n\n<p>Cette randonn\u00e9e nous fera sillonner les routes panoramiques \u00e0 travers Saratoga Springs, Greenfield Center, Corinth, Hadley et Lake Luzerne, pour finalement arriver \u00e0 destination : le c\u00e9l\u00e8bre Martha\u2019s Dandee Creme \u00e0 Queensbury. Vous pourrez y d\u00e9guster un d\u00e9lice glac\u00e9 pour lequel vos papilles vous remercieront assur\u00e9ment !&nbsp;<\/p>\n\n\n\n<p>Martha\u2019s Dandee Creme est un monument local depuis plus de 78 ans, situ\u00e9 sur le site d'une ancienne ferme avicole. Le poulet g\u00e9ant sur leur enseigne \u00e0 l'entr\u00e9e rend hommage \u00e0 un poulet en particulier, nomm\u00e9 Charlie, qui adorait se pavaner devant les clients. Si cela ne suffit pas \u00e0 piquer votre curiosit\u00e9, sachez que l'\u00e9tablissement a m\u00eame \u00e9t\u00e9 pr\u00e9sent\u00e9 dans un segment du Today Show parmi les meilleurs glaciers en Am\u00e9rique !\n\nBien qu'il soit ind\u00e9niable qu'ils proposent des saveurs de cr\u00e8me glac\u00e9e uniques et d\u00e9licieuses, ils offrent aussi un menu complet de grillades si vous avez besoin d'un petit quelque chose avant de vous laisser tenter par le dessert. Et un petit avertissement : le format \"Large\" est VRAIMENT immense !<\/p>\n\n\n\n<p>Pour le trajet du retour, nous ferons l'ascension de la route Luzerne Mountain, puis nous roulerons parall\u00e8lement \u00e0 la rivi\u00e8re Hudson jusqu'\u00e0 la ville de Corinth. Nous retournerons ensuite au Gideon Putnam pour conclure la randonn\u00e9e et laisser la cr\u00e8me glac\u00e9e ainsi que les beaux souvenirs faire leur chemin.&nbsp;<\/p>\n\n\n\n<p>Distance totale (aller-retour) : 115 km<br>Dur\u00e9e totale de la sortie : 2 h 45 min<br>Temps de conduite total : 2 heures<br><br><a href=\"https:\/\/marthasicecream.com\/\">https:\/\/marthasicecream.com\/<\/a><\/p>\n\n\n\n<figure class=\"wp-block-image size-large\"><img loading=\"lazy\" decoding=\"async\" width=\"1024\" height=\"387\" src=\"https:\/\/spyderquest.com\/wp-content\/uploads\/2025\/12\/image-2-1024x387.png\" alt=\"\" class=\"wp-image-3769\" srcset=\"https:\/\/spyderquest.com\/wp-content\/uploads\/2025\/12\/image-2-1024x387.png 1024w, https:\/\/spyderquest.com\/wp-content\/uploads\/2025\/12\/image-2-300x113.png 300w, https:\/\/spyderquest.com\/wp-content\/uploads\/2025\/12\/image-2-18x7.png 18w, https:\/\/spyderquest.com\/wp-content\/uploads\/2025\/12\/image-2.png 1212w\" sizes=\"auto, (max-width: 1024px) 100vw, 1024px\" \/><\/figure>\n\n\n\n<figure class=\"wp-block-image size-full\"><img loading=\"lazy\" decoding=\"async\" width=\"717\" height=\"540\" src=\"https:\/\/spyderquest.com\/wp-content\/uploads\/2025\/12\/image-17.jpeg\" alt=\"\" class=\"wp-image-3959\" srcset=\"https:\/\/spyderquest.com\/wp-content\/uploads\/2025\/12\/image-17.jpeg 717w, https:\/\/spyderquest.com\/wp-content\/uploads\/2025\/12\/image-17-300x226.jpeg 300w, https:\/\/spyderquest.com\/wp-content\/uploads\/2025\/12\/image-17-16x12.jpeg 16w\" sizes=\"auto, (max-width: 717px) 100vw, 717px\" \/><\/figure>\n\n\n\n<figure class=\"wp-block-image size-large\"><img loading=\"lazy\" decoding=\"async\" width=\"1024\" height=\"578\" src=\"https:\/\/spyderquest.com\/wp-content\/uploads\/2025\/12\/image-18-1024x578.jpeg\" alt=\"\" class=\"wp-image-3960\" srcset=\"https:\/\/spyderquest.com\/wp-content\/uploads\/2025\/12\/image-18-1024x578.jpeg 1024w, https:\/\/spyderquest.com\/wp-content\/uploads\/2025\/12\/image-18-300x169.jpeg 300w, https:\/\/spyderquest.com\/wp-content\/uploads\/2025\/12\/image-18-18x10.jpeg 18w, https:\/\/spyderquest.com\/wp-content\/uploads\/2025\/12\/image-18.jpeg 1600w\" sizes=\"auto, (max-width: 1024px) 100vw, 1024px\" \/><\/figure>","protected":false},"excerpt":{"rendered":"<p>Martha\u2019s Dandee Ice Cream Scoot Ride Captain: Bob Gilbert An ice cream at Martha\u2019s with Spyder friends is a dandy way to spend the afternoon. This ride will have us riding the scenic back roads through Saratoga Springs, Greenfield Center, Corinth, Hadley and Lake Luzerne before we arrive at our destination, the Famous Martha\u2019s Dandee &hellip; <\/p>\n<p class=\"link-more\"><a href=\"https:\/\/spyderquest.com\/fr\/marthas-dandee-ice-cream-scoot\/\" class=\"more-link\">Read more<span class=\"screen-reader-text\"> &#8220;Martha\u2019s Dandee Ice Cream Scoot&#8221;<\/span><\/a><\/p>","protected":false},"author":1,"featured_media":0,"parent":0,"menu_order":0,"comment_status":"closed","ping_status":"closed","template":"custom-template","meta":{"bBlocksCursorData":"","inspiro_hide_title":false,"footnotes":""},"class_list":["post-3768","page","type-page","status-publish","hentry"],"featured_image_src":null,"_links":{"self":[{"href":"https:\/\/spyderquest.com\/fr\/wp-json\/wp\/v2\/pages\/3768","targetHints":{"allow":["GET"]}}],"collection":[{"href":"https:\/\/spyderquest.com\/fr\/wp-json\/wp\/v2\/pages"}],"about":[{"href":"https:\/\/spyderquest.com\/fr\/wp-json\/wp\/v2\/types\/page"}],"author":[{"embeddable":true,"href":"https:\/\/spyderquest.com\/fr\/wp-json\/wp\/v2\/users\/1"}],"replies":[{"embeddable":true,"href":"https:\/\/spyderquest.com\/fr\/wp-json\/wp\/v2\/comments?post=3768"}],"version-history":[{"count":7,"href":"https:\/\/spyderquest.com\/fr\/wp-json\/wp\/v2\/pages\/3768\/revisions"}],"predecessor-version":[{"id":3961,"href":"https:\/\/spyderquest.com\/fr\/wp-json\/wp\/v2\/pages\/3768\/revisions\/3961"}],"wp:attachment":[{"href":"https:\/\/spyderquest.com\/fr\/wp-json\/wp\/v2\/media?parent=3768"}],"curies":[{"name":"wp","href":"https:\/\/api.w.org\/{rel}","templated":true}]}}