{"id":3760,"date":"2025-12-06T20:45:00","date_gmt":"2025-12-07T01:45:00","guid":{"rendered":"https:\/\/spyderquest.com\/?page_id=3760"},"modified":"2026-04-22T18:01:18","modified_gmt":"2026-04-22T22:01:18","slug":"saratoga-winery","status":"publish","type":"page","link":"https:\/\/spyderquest.com\/fr\/saratoga-winery\/","title":{"rendered":"Saratoga Winery"},"content":{"rendered":"<p><strong>Saratoga Winery<\/strong><\/p>\n\n\n\n<p>Capitaine de l'activit\u00e9 : Emily Wainen<br><br>Que ce soit pour ses vins artisanaux, ses cocktails signatures ou simplement pour son menu de style pub champ\u00eatre, vous serez charm\u00e9 par l'ambiance \u00e0 la fois chic et rustique de la Saratoga Winery.&nbsp;<\/p>\n\n\n\n<p>Nous ferons une courte randonn\u00e9e pour aller savourer la cuisine de ce vignoble o\u00f9 le style rustique rencontre le raffin\u00e9. Le menu met en vedette des ingr\u00e9dients saisonniers et locaux, le tout avec la touche distinctive qui fait la renomm\u00e9e de l'endroit. Ce sera assur\u00e9ment un repas m\u00e9morable, ici, o\u00f9 chaque occasion est une f\u00eate.&nbsp;&nbsp;<\/p>\n\n\n\n<p>Une fois sur place, prenez le temps de vous d\u00e9tendre et de profiter de la compagnie et des discussions avec vos amis propri\u00e9taires de Spyder, que ce soit dans la vaste cour arri\u00e8re ou dans la chaleureuse salle de d\u00e9gustation, avant de reprendre la route vers le Gideon Putnam.<\/p>\n\n\n\n<p>C'est la randonn\u00e9e id\u00e9ale pour ceux qui souhaitent sortir en groupe sans pour autant faire un long trajet ou passer trop d'heures en selle.&nbsp;<\/p>\n\n\n\n<p>La randonn\u00e9e se termine au Saratoga Winery<\/p>\n\n\n\n<p>Distance totale (aller-retour) : 16 km (10 milles)<br>Dur\u00e9e totale de la sortie : 2 heures<br>Temps de conduite total : 30 minutes<\/p>\n\n\n\n<p><\/p>\n\n\n\n<p><a href=\"https:\/\/www.thesaratogawinery.com\">https:\/\/www.thesaratogawinery.com<\/a><\/p>\n\n\n\n<figure class=\"wp-block-image size-full\"><img loading=\"lazy\" decoding=\"async\" width=\"900\" height=\"500\" src=\"https:\/\/spyderquest.com\/wp-content\/uploads\/2025\/12\/image-30.jpeg\" alt=\"\" class=\"wp-image-3979\" srcset=\"https:\/\/spyderquest.com\/wp-content\/uploads\/2025\/12\/image-30.jpeg 900w, https:\/\/spyderquest.com\/wp-content\/uploads\/2025\/12\/image-30-300x167.jpeg 300w, https:\/\/spyderquest.com\/wp-content\/uploads\/2025\/12\/image-30-18x10.jpeg 18w\" sizes=\"auto, (max-width: 900px) 100vw, 900px\" \/><\/figure>\n\n\n\n<figure class=\"wp-block-image size-large\"><img loading=\"lazy\" decoding=\"async\" width=\"1024\" height=\"731\" src=\"https:\/\/spyderquest.com\/wp-content\/uploads\/2025\/12\/image-2-1024x731.jpeg\" alt=\"\" class=\"wp-image-3761\" srcset=\"https:\/\/spyderquest.com\/wp-content\/uploads\/2025\/12\/image-2-1024x731.jpeg 1024w, https:\/\/spyderquest.com\/wp-content\/uploads\/2025\/12\/image-2-300x214.jpeg 300w, https:\/\/spyderquest.com\/wp-content\/uploads\/2025\/12\/image-2-18x12.jpeg 18w, https:\/\/spyderquest.com\/wp-content\/uploads\/2025\/12\/image-2.jpeg 1600w\" sizes=\"auto, (max-width: 1024px) 100vw, 1024px\" \/><\/figure>\n\n\n\n<figure class=\"wp-block-image size-full\"><img loading=\"lazy\" decoding=\"async\" width=\"900\" height=\"507\" src=\"https:\/\/spyderquest.com\/wp-content\/uploads\/2025\/12\/image-29.jpeg\" alt=\"\" class=\"wp-image-3978\" srcset=\"https:\/\/spyderquest.com\/wp-content\/uploads\/2025\/12\/image-29.jpeg 900w, https:\/\/spyderquest.com\/wp-content\/uploads\/2025\/12\/image-29-300x169.jpeg 300w, https:\/\/spyderquest.com\/wp-content\/uploads\/2025\/12\/image-29-18x10.jpeg 18w\" sizes=\"auto, (max-width: 900px) 100vw, 900px\" \/><\/figure>","protected":false},"excerpt":{"rendered":"<p>Saratoga Winery Ride Captain: Emily Wainen Whether you go for the handcrafted wines, signature cocktails or just the upstate pub fare you\u2019re sure to relish in the chic yet rustic ambiance of the Saratoga Winery.&nbsp; We will be taking a short ride to savor the cuisine of this rustic meets refined winery,&nbsp; which features seasonal &hellip; <\/p>\n<p class=\"link-more\"><a href=\"https:\/\/spyderquest.com\/fr\/saratoga-winery\/\" class=\"more-link\">Read more<span class=\"screen-reader-text\"> &#8220;Saratoga Winery&#8221;<\/span><\/a><\/p>","protected":false},"author":1,"featured_media":0,"parent":0,"menu_order":0,"comment_status":"closed","ping_status":"closed","template":"custom-template","meta":{"bBlocksCursorData":"","inspiro_hide_title":false,"footnotes":""},"class_list":["post-3760","page","type-page","status-publish","hentry"],"featured_image_src":null,"_links":{"self":[{"href":"https:\/\/spyderquest.com\/fr\/wp-json\/wp\/v2\/pages\/3760","targetHints":{"allow":["GET"]}}],"collection":[{"href":"https:\/\/spyderquest.com\/fr\/wp-json\/wp\/v2\/pages"}],"about":[{"href":"https:\/\/spyderquest.com\/fr\/wp-json\/wp\/v2\/types\/page"}],"author":[{"embeddable":true,"href":"https:\/\/spyderquest.com\/fr\/wp-json\/wp\/v2\/users\/1"}],"replies":[{"embeddable":true,"href":"https:\/\/spyderquest.com\/fr\/wp-json\/wp\/v2\/comments?post=3760"}],"version-history":[{"count":7,"href":"https:\/\/spyderquest.com\/fr\/wp-json\/wp\/v2\/pages\/3760\/revisions"}],"predecessor-version":[{"id":4294,"href":"https:\/\/spyderquest.com\/fr\/wp-json\/wp\/v2\/pages\/3760\/revisions\/4294"}],"wp:attachment":[{"href":"https:\/\/spyderquest.com\/fr\/wp-json\/wp\/v2\/media?parent=3760"}],"curies":[{"name":"wp","href":"https:\/\/api.w.org\/{rel}","templated":true}]}}