{"id":3727,"date":"2025-12-06T20:17:26","date_gmt":"2025-12-07T01:17:26","guid":{"rendered":"https:\/\/spyderquest.com\/?page_id=3727"},"modified":"2026-03-27T13:51:45","modified_gmt":"2026-03-27T17:51:45","slug":"mount-equinox","status":"publish","type":"page","link":"https:\/\/spyderquest.com\/fr\/mount-equinox\/","title":{"rendered":"Mount Equinox"},"content":{"rendered":"<p><strong><strong>Meander to Mt Equinox<\/strong><\/strong><\/p>\n\n\n\n<p>Capitaine de la Randonn\u00e9e: Ray Sanders<\/p>\n\n\n\n<p>($20,00 par Spyder\/Moto + $5,00 par personne)<br><\/p>\n\n\n\n<p>Profitez de la route sur les sentiers sinueux \u00e0 travers les montagnes Taconic vers le Vermont. Peu apr\u00e8s avoir travers\u00e9 la fronti\u00e8re du Vermont, vous arriverez \u00e0 la base du mont Equinox, l\u00e0 o\u00f9 d\u00e9bute la Skyline Drive.<\/p>\n\n\n\n<p>La Skyline Drive est la plus longue route \u00e0 p\u00e9age pav\u00e9e et priv\u00e9e aux \u00c9tats-Unis. Elle grimpe de 3 248 pieds sur une distance de 5,2 milles pour atteindre le sommet du mont Equinox.<\/p>\n\n\n\n<p>\u00c0 son sommet, le mont Equinox s'\u00e9l\u00e8ve \u00e0 3 848 pieds. Une fois l\u00e0-haut, vous pourrez admirer les Green Mountains, la vall\u00e9e du Vermont et les White Mountains du New Hampshire \u00e0 l'est. \u00c0 l'ouest, vous verrez les Adirondacks de l'\u00c9tat de New York, et au sud, les montagnes Taconic et les Berkshires du Massachusetts.<\/p>\n\n\n\n<p>Il y a un centre d\u2019observation au sommet avec des toilettes, ainsi qu\u2019une petite s\u00e9lection de collations et de boissons en vente.<\/p>\n\n\n\n<p>Il n'y aura PAS d'arr\u00eat pr\u00e9vu pour le d\u00eener. Nous vous sugg\u00e9rons donc d'apporter votre propre lunch. Des tables de pique-nique sont \u00e0 votre disposition au sommet pour vous asseoir et manger.<\/p>\n\n\n\n<p>Il vente g\u00e9n\u00e9ralement beaucoup au sommet et la temp\u00e9rature y est environ 10 \u00b0C (20 \u00b0F) plus fra\u00eeche qu'en bas. Il est donc fortement recommand\u00e9 d'apporter une veste l\u00e9g\u00e8re.<\/p>\n\n\n\n<p>Il n'y aura AUCUN arr\u00eat pour l'essence ou pour se d\u00e9gourdir les jambes. Nous roulerons directement vers la montagne, puis directement au retour vers le Gideon Putnam (2 heures par trajet \/ 155 km aller-retour). Si vous vous inscrivez \u00e0 cette sortie, assurez-vous d'\u00eatre capable de rouler pendant 2 heures sans pause et de partir avec un r\u00e9servoir plein.<\/p>\n\n\n\n<p>Distance : 78 km aller (155 km aller-retour)<br>Dur\u00e9e totale de la sortie : 5 heures<br>Temps de conduite total : 4 heures<br>Trajet vers le mont Equinox : 2 heures<br>Temps au sommet : 1 heure<br>Retour vers le Gideon Putnam : 2 heures<br><br><a href=\"https:\/\/equinoxmountain.com\/the-mountain\/\" data-type=\"link\" data-id=\"https:\/\/equinoxmountain.com\/the-mountain\/\">https:\/\/equinoxmountain.com\/the-mountain\/<\/a><\/p>\n\n\n\n<p><\/p>\n\n\n\n<p><\/p>\n\n\n\n<p><\/p>\n\n\n\n<p><\/p>\n\n\n\n<figure class=\"wp-block-image size-large\"><img loading=\"lazy\" decoding=\"async\" width=\"1024\" height=\"473\" src=\"https:\/\/spyderquest.com\/wp-content\/uploads\/2025\/12\/image-1-1024x473.jpeg\" alt=\"\" class=\"wp-image-3732\" srcset=\"https:\/\/spyderquest.com\/wp-content\/uploads\/2025\/12\/image-1-1024x473.jpeg 1024w, https:\/\/spyderquest.com\/wp-content\/uploads\/2025\/12\/image-1-300x139.jpeg 300w, https:\/\/spyderquest.com\/wp-content\/uploads\/2025\/12\/image-1-18x8.jpeg 18w, https:\/\/spyderquest.com\/wp-content\/uploads\/2025\/12\/image-1.jpeg 1600w\" sizes=\"auto, (max-width: 1024px) 100vw, 1024px\" \/><\/figure>\n\n\n\n<figure class=\"wp-block-image size-large\"><img loading=\"lazy\" decoding=\"async\" width=\"764\" height=\"1024\" src=\"https:\/\/spyderquest.com\/wp-content\/uploads\/2025\/12\/image-20-764x1024.jpeg\" alt=\"\" class=\"wp-image-3964\" srcset=\"https:\/\/spyderquest.com\/wp-content\/uploads\/2025\/12\/image-20-764x1024.jpeg 764w, https:\/\/spyderquest.com\/wp-content\/uploads\/2025\/12\/image-20-224x300.jpeg 224w, https:\/\/spyderquest.com\/wp-content\/uploads\/2025\/12\/image-20-9x12.jpeg 9w, https:\/\/spyderquest.com\/wp-content\/uploads\/2025\/12\/image-20.jpeg 1193w\" sizes=\"auto, (max-width: 764px) 100vw, 764px\" \/><\/figure>\n\n\n\n<figure class=\"wp-block-image size-large\"><img loading=\"lazy\" decoding=\"async\" width=\"685\" height=\"1024\" src=\"https:\/\/spyderquest.com\/wp-content\/uploads\/2025\/12\/image-21-685x1024.jpeg\" alt=\"\" class=\"wp-image-3965\" srcset=\"https:\/\/spyderquest.com\/wp-content\/uploads\/2025\/12\/image-21-685x1024.jpeg 685w, https:\/\/spyderquest.com\/wp-content\/uploads\/2025\/12\/image-21-201x300.jpeg 201w, https:\/\/spyderquest.com\/wp-content\/uploads\/2025\/12\/image-21-8x12.jpeg 8w, https:\/\/spyderquest.com\/wp-content\/uploads\/2025\/12\/image-21.jpeg 1070w\" sizes=\"auto, (max-width: 685px) 100vw, 685px\" \/><\/figure>","protected":false},"excerpt":{"rendered":"<p>Meander to Mt Equinox Ride Captain: Ray Sanders ($20.00 per Spyder\/Motorcycle + $5.00 per person) Enjoy the ride on the winding roads through the Taconic Mountains into Vermont. Shortly after crossing into Vermont is the base of Mt Equinox and the beginning of the Skyline Drive. The Skyline Drive is the longest privately owned, paved &hellip; <\/p>\n<p class=\"link-more\"><a href=\"https:\/\/spyderquest.com\/fr\/mount-equinox\/\" class=\"more-link\">Read more<span class=\"screen-reader-text\"> &#8220;Mount Equinox&#8221;<\/span><\/a><\/p>","protected":false},"author":1,"featured_media":0,"parent":0,"menu_order":0,"comment_status":"closed","ping_status":"closed","template":"custom-template","meta":{"bBlocksCursorData":"","inspiro_hide_title":false,"footnotes":""},"class_list":["post-3727","page","type-page","status-publish","hentry"],"featured_image_src":null,"_links":{"self":[{"href":"https:\/\/spyderquest.com\/fr\/wp-json\/wp\/v2\/pages\/3727","targetHints":{"allow":["GET"]}}],"collection":[{"href":"https:\/\/spyderquest.com\/fr\/wp-json\/wp\/v2\/pages"}],"about":[{"href":"https:\/\/spyderquest.com\/fr\/wp-json\/wp\/v2\/types\/page"}],"author":[{"embeddable":true,"href":"https:\/\/spyderquest.com\/fr\/wp-json\/wp\/v2\/users\/1"}],"replies":[{"embeddable":true,"href":"https:\/\/spyderquest.com\/fr\/wp-json\/wp\/v2\/comments?post=3727"}],"version-history":[{"count":9,"href":"https:\/\/spyderquest.com\/fr\/wp-json\/wp\/v2\/pages\/3727\/revisions"}],"predecessor-version":[{"id":4149,"href":"https:\/\/spyderquest.com\/fr\/wp-json\/wp\/v2\/pages\/3727\/revisions\/4149"}],"wp:attachment":[{"href":"https:\/\/spyderquest.com\/fr\/wp-json\/wp\/v2\/media?parent=3727"}],"curies":[{"name":"wp","href":"https:\/\/api.w.org\/{rel}","templated":true}]}}