{"id":3108,"date":"2025-03-07T21:08:06","date_gmt":"2025-03-08T02:08:06","guid":{"rendered":"https:\/\/spyderquest.com\/?page_id=3108"},"modified":"2026-01-24T17:18:01","modified_gmt":"2026-01-24T22:18:01","slug":"saratoga-homestead-farmers-daughter-ice-cream-run","status":"publish","type":"page","link":"https:\/\/spyderquest.com\/fr\/saratoga-homestead-farmers-daughter-ice-cream-run\/","title":{"rendered":"Saratoga Homestead-Farmers Daughter ice cream run"},"content":{"rendered":"<p><strong>Saratoga Homestead-Farmers Daughter ice cream run<\/strong><\/p>\n\n\n\n<p>Capitaine de la randonn\u00e9e : Gary Stephens<\/p>\n\n\n\n<p>Tout le monde crie pour de la cr\u00e8me glac\u00e9e (et des propri\u00e9t\u00e9s hant\u00e9es) !<\/p>\n\n\n\n<p>Cette randonn\u00e9e commence par le plaisir de rouler le genou au vent, en voyageant vers l'ouest en direction de Rock City Falls et Galway, vers le nord en direction de Greenfield, puis vers l'est en direction de Spier Falls.&nbsp;<\/p>\n\n\n\n<p>Au cours de nos d\u00e9placements, nous passerons devant le Saratoga Homestead. Ce domaine est class\u00e9 parmi les dix lieux les plus hant\u00e9s de l'\u00c9tat de New York. Bien qu'il s'agisse d'une propri\u00e9t\u00e9 priv\u00e9e et que nous ne puissions pas nous y arr\u00eater, vous en aurez une excellente vue pendant que nous fl\u00e2nerons devant. Ouvrez bien l'\u0153il : on ne sait jamais si vous deviendrez l'une des nombreuses personnes pouvant affirmer avoir vu quelque chose d'\u00e9trangement myst\u00e9rieux sur la propri\u00e9t\u00e9.&nbsp;&nbsp;<\/p>\n\n\n\n<p>De l\u00e0, nous ferons un court arr\u00eat \u00e0 Gansevoort avant de poursuivre notre route vers The Farmer\u2019s Daughter \u00e0 Saratoga Springs. Le Farmer\u2019s Daughter Drive-in est un monument local construit en 1964 qui a conserv\u00e9 pratiquement la m\u00eame structure, \u00e0 l'exception de quelques r\u00e9parations et de l\u00e9g\u00e8res am\u00e9liorations. Vous mangerez dans un v\u00e9ritable morceau d'histoire de l'architecture routi\u00e8re du 20e si\u00e8cle, agr\u00e9ment\u00e9 de murales fantaisistes, de statues de vaches et m\u00eame d'un banc en forme de vache ! Bien que The Farmer\u2019s Daughter soit r\u00e9put\u00e9 pour sa d\u00e9licieuse cr\u00e8me glac\u00e9e artisanale et ses autres gourmandises sucr\u00e9es, ne vous inqui\u00e9tez pas : si vous voulez quelque chose de plus consistant avant de succomber \u00e0 leur excellente cr\u00e8me glac\u00e9e, l'\u00e9tablissement propose \u00e9galement un menu complet de grillades.<\/p>\n\n\n\n<p><a href=\"https:\/\/www.farmersdaughtersdrivein.com\">https:\/\/www.farmersdaughtersdrivein.com<\/a><\/p>\n\n\n\n<p>Aller-retour \u2013 138 kilom\u00e8tres\u00a0<br>Temps total de la randonn\u00e9e \u2013 3 h 30<br>2 Hrs 15 Mins Total Seat Time<br>71 kilom\u00e8tres \/ 68 min jusqu'\u00e0 l'arr\u00eat d'essence<br><\/p>\n\n\n\n<figure class=\"wp-block-image size-full is-resized\"><img loading=\"lazy\" decoding=\"async\" width=\"572\" height=\"224\" src=\"https:\/\/spyderquest.com\/wp-content\/uploads\/2025\/12\/image-4.png\" alt=\"\" class=\"wp-image-3909\" style=\"width:746px;height:auto\" srcset=\"https:\/\/spyderquest.com\/wp-content\/uploads\/2025\/12\/image-4.png 572w, https:\/\/spyderquest.com\/wp-content\/uploads\/2025\/12\/image-4-300x117.png 300w, https:\/\/spyderquest.com\/wp-content\/uploads\/2025\/12\/image-4-18x7.png 18w\" sizes=\"auto, (max-width: 572px) 100vw, 572px\" \/><\/figure>\n\n\n\n<figure class=\"wp-block-image size-full\"><img loading=\"lazy\" decoding=\"async\" width=\"750\" height=\"684\" src=\"https:\/\/spyderquest.com\/wp-content\/uploads\/2025\/03\/434192305_796818799132387_5362835143694682254_n.jpg\" alt=\"\" class=\"wp-image-3118\" srcset=\"https:\/\/spyderquest.com\/wp-content\/uploads\/2025\/03\/434192305_796818799132387_5362835143694682254_n.jpg 750w, https:\/\/spyderquest.com\/wp-content\/uploads\/2025\/03\/434192305_796818799132387_5362835143694682254_n-300x274.jpg 300w, https:\/\/spyderquest.com\/wp-content\/uploads\/2025\/03\/434192305_796818799132387_5362835143694682254_n-13x12.jpg 13w\" sizes=\"auto, (max-width: 750px) 100vw, 750px\" \/><\/figure>\n\n\n\n<figure class=\"wp-block-image size-large\"><img loading=\"lazy\" decoding=\"async\" width=\"1024\" height=\"682\" src=\"https:\/\/spyderquest.com\/wp-content\/uploads\/2025\/12\/image-27-1024x682.jpeg\" alt=\"\" class=\"wp-image-3975\" srcset=\"https:\/\/spyderquest.com\/wp-content\/uploads\/2025\/12\/image-27-1024x682.jpeg 1024w, https:\/\/spyderquest.com\/wp-content\/uploads\/2025\/12\/image-27-300x200.jpeg 300w, https:\/\/spyderquest.com\/wp-content\/uploads\/2025\/12\/image-27-18x12.jpeg 18w, https:\/\/spyderquest.com\/wp-content\/uploads\/2025\/12\/image-27.jpeg 1600w\" sizes=\"auto, (max-width: 1024px) 100vw, 1024px\" \/><\/figure>\n\n\n\n<figure class=\"wp-block-image size-large\"><img loading=\"lazy\" decoding=\"async\" width=\"1024\" height=\"682\" src=\"https:\/\/spyderquest.com\/wp-content\/uploads\/2025\/12\/image-28-1024x682.jpeg\" alt=\"\" class=\"wp-image-3976\" srcset=\"https:\/\/spyderquest.com\/wp-content\/uploads\/2025\/12\/image-28-1024x682.jpeg 1024w, https:\/\/spyderquest.com\/wp-content\/uploads\/2025\/12\/image-28-300x200.jpeg 300w, https:\/\/spyderquest.com\/wp-content\/uploads\/2025\/12\/image-28-18x12.jpeg 18w, https:\/\/spyderquest.com\/wp-content\/uploads\/2025\/12\/image-28.jpeg 1600w\" sizes=\"auto, (max-width: 1024px) 100vw, 1024px\" \/><\/figure>","protected":false},"excerpt":{"rendered":"<p>Saratoga Homestead-Farmers Daughter ice cream run Ride Captain: Gary Stephens You scream, I scream, We all scream for Ice Cream (and haunted properties)! This ride begins by enjoying having our knees in the breeze traveling west towards Rock City Falls and Galway, North toward Greenfield and then East towards Spier Falls.&nbsp; In our travels we &hellip; <\/p>\n<p class=\"link-more\"><a href=\"https:\/\/spyderquest.com\/fr\/saratoga-homestead-farmers-daughter-ice-cream-run\/\" class=\"more-link\">Read more<span class=\"screen-reader-text\"> &#8220;Saratoga Homestead-Farmers Daughter ice cream run&#8221;<\/span><\/a><\/p>","protected":false},"author":1,"featured_media":0,"parent":0,"menu_order":0,"comment_status":"closed","ping_status":"closed","template":"custom-template","meta":{"bBlocksCursorData":"","inspiro_hide_title":false,"footnotes":""},"class_list":["post-3108","page","type-page","status-publish","hentry"],"featured_image_src":null,"_links":{"self":[{"href":"https:\/\/spyderquest.com\/fr\/wp-json\/wp\/v2\/pages\/3108","targetHints":{"allow":["GET"]}}],"collection":[{"href":"https:\/\/spyderquest.com\/fr\/wp-json\/wp\/v2\/pages"}],"about":[{"href":"https:\/\/spyderquest.com\/fr\/wp-json\/wp\/v2\/types\/page"}],"author":[{"embeddable":true,"href":"https:\/\/spyderquest.com\/fr\/wp-json\/wp\/v2\/users\/1"}],"replies":[{"embeddable":true,"href":"https:\/\/spyderquest.com\/fr\/wp-json\/wp\/v2\/comments?post=3108"}],"version-history":[{"count":12,"href":"https:\/\/spyderquest.com\/fr\/wp-json\/wp\/v2\/pages\/3108\/revisions"}],"predecessor-version":[{"id":4044,"href":"https:\/\/spyderquest.com\/fr\/wp-json\/wp\/v2\/pages\/3108\/revisions\/4044"}],"wp:attachment":[{"href":"https:\/\/spyderquest.com\/fr\/wp-json\/wp\/v2\/media?parent=3108"}],"curies":[{"name":"wp","href":"https:\/\/api.w.org\/{rel}","templated":true}]}}