{"id":3000,"date":"2025-03-05T12:21:16","date_gmt":"2025-03-05T17:21:16","guid":{"rendered":"https:\/\/spyderquest.com\/?page_id=3000"},"modified":"2026-04-09T20:30:15","modified_gmt":"2026-04-10T00:30:15","slug":"halloween-party","status":"publish","type":"page","link":"https:\/\/spyderquest.com\/fr\/halloween-party\/","title":{"rendered":"Party d'Halloween"},"content":{"rendered":"<p><strong><strong>SpyderQuest Spookfest: La randonn\u00e9e de votre vie\u2026 et de l\u2019au-del\u00e0 !<\/strong>\u00a0<\/strong>  \ud83c\udfcd\ufe0f<strong>\ud83c\udf83\ud83d\udc7b<\/strong> <\/p>\n\n\n\n<p class=\"translation-block\">Laissez tomber vos manteaux et rev\u00eatez vos costumes le vendredi soir 11 septembre (de 18 h \u00e0 22 h) ! Nous prenons le contr\u00f4le pour une soir\u00e9e de hantise \u00e0 plein r\u00e9gime.<\/p>\n\n\n\n<p><strong>Entr\u00e9e :<\/strong>\u00a015 $ par personne. Le costume est optionnel, mais fortement recommand\u00e9 si vous voulez le butin !<\/p>\n\n\n\n<p><strong>Le butin :<\/strong>\u00a0500 $ en argent comptant pour les meilleurs looks !<br>Cat\u00e9gories :<br>&#8211;<strong>Le prix Ghost Rider (le plus effrayant) :<\/strong> Pour la goule ou le monstre le plus terrifiant de la place. C\u2019est pour les fans d\u2019horreur classique qui se donnent \u00e0 fond avec le sang et les masques.<br>&#8211; <strong>Meilleur duo (meilleur couple ou groupe) :<\/strong> Parfait pour ceux qui roulent ensemble. Pensez \u00e0 des duos iconiques comme Bonnie et Clyde, ou m\u00eame une version motarde de \u00ab La Belle et la B\u00eate \u00bb.<br>&#8211;<strong>La cr\u00e9ation sur mesure (la plus cr\u00e9ative ou brico) :<\/strong> Ceci honore le savoir-faire. \u00c0 remettre \u00e0 la personne qui a manifestement pass\u00e9 des semaines \u00e0 son \u00ab \u00e9tabli \u00bb pour fabriquer ses propres accessoires ou son \u00e9quipement sp\u00e9cialis\u00e9.<br>&#8211; <strong>Chrome et cercueil (meilleur th\u00e8me motard) :<\/strong> La cat\u00e9gorie ultime o\u00f9 \u00ab la moto rencontre l'Halloween \u00bb. Pensez \u00e0 des guerriers de la route squelettiques, des m\u00e9caniciens zombies ou des personnages comme la Fianc\u00e9e de... <em>Kill Bill<\/em>.<br>&#8211;<strong>Le choix du public :<\/strong> Laissez la foule d\u00e9cider ! C\u2019est pour le costume qui a le plus de personnalit\u00e9 et qui r\u00e9colte les cris les plus nourris dans la salle.<\/p>\n\n\n\n<p><strong>La musique :<\/strong>\u00a0DJ toute la soir\u00e9e, les demandes sp\u00e9ciales sont bienvenues !<\/p>\n\n\n\n<p><strong>Les enjeux :<\/strong>\u00a0Moiti\u00e9-moiti\u00e9 et jeux effrayants qui vous feront tordre de rire.<\/p>\n\n\n\n<p><strong>Le carburant :<\/strong>\u00a0Le bar payant est ouvert !<br>(L\u00e9g\u00e8res collations fournies pour vous garder en forme).<\/p>\n\n\n\n<p>15,00 $ par personne<\/p>\n\n\n\n<figure class=\"wp-block-image size-full is-resized\"><img loading=\"lazy\" decoding=\"async\" width=\"404\" height=\"382\" src=\"https:\/\/spyderquest.com\/wp-content\/uploads\/2025\/03\/halloween-party-c4vmpx19-.png\" alt=\"\" class=\"wp-image-3066\" style=\"width:597px;height:auto\" srcset=\"https:\/\/spyderquest.com\/wp-content\/uploads\/2025\/03\/halloween-party-c4vmpx19-.png 404w, https:\/\/spyderquest.com\/wp-content\/uploads\/2025\/03\/halloween-party-c4vmpx19--300x284.png 300w, https:\/\/spyderquest.com\/wp-content\/uploads\/2025\/03\/halloween-party-c4vmpx19--13x12.png 13w\" sizes=\"auto, (max-width: 404px) 100vw, 404px\" \/><\/figure>\n\n\n\n<figure class=\"wp-block-image size-full\"><img loading=\"lazy\" decoding=\"async\" width=\"634\" height=\"843\" src=\"https:\/\/spyderquest.com\/wp-content\/uploads\/2026\/04\/SPQ-Halloween-Minions-1.jpg\" alt=\"\" class=\"wp-image-4227\" srcset=\"https:\/\/spyderquest.com\/wp-content\/uploads\/2026\/04\/SPQ-Halloween-Minions-1.jpg 634w, https:\/\/spyderquest.com\/wp-content\/uploads\/2026\/04\/SPQ-Halloween-Minions-1-226x300.jpg 226w, https:\/\/spyderquest.com\/wp-content\/uploads\/2026\/04\/SPQ-Halloween-Minions-1-9x12.jpg 9w\" sizes=\"auto, (max-width: 634px) 100vw, 634px\" \/><\/figure>\n\n\n\n<figure class=\"wp-block-image size-large\"><img loading=\"lazy\" decoding=\"async\" width=\"646\" height=\"1024\" src=\"https:\/\/spyderquest.com\/wp-content\/uploads\/2026\/04\/20250905_182040-1-646x1024.jpg\" alt=\"\" class=\"wp-image-4229\" srcset=\"https:\/\/spyderquest.com\/wp-content\/uploads\/2026\/04\/20250905_182040-1-646x1024.jpg 646w, https:\/\/spyderquest.com\/wp-content\/uploads\/2026\/04\/20250905_182040-1-189x300.jpg 189w, https:\/\/spyderquest.com\/wp-content\/uploads\/2026\/04\/20250905_182040-1-scaled-8x12.jpg 8w, https:\/\/spyderquest.com\/wp-content\/uploads\/2026\/04\/20250905_182040-1-scaled.jpg 1616w\" sizes=\"auto, (max-width: 646px) 100vw, 646px\" \/><\/figure>\n\n\n\n<figure class=\"wp-block-image size-large\"><img loading=\"lazy\" decoding=\"async\" width=\"768\" height=\"1024\" src=\"https:\/\/spyderquest.com\/wp-content\/uploads\/2026\/04\/IMG_1795-768x1024.jpeg\" alt=\"\" class=\"wp-image-4230\" srcset=\"https:\/\/spyderquest.com\/wp-content\/uploads\/2026\/04\/IMG_1795-768x1024.jpeg 768w, https:\/\/spyderquest.com\/wp-content\/uploads\/2026\/04\/IMG_1795-225x300.jpeg 225w, https:\/\/spyderquest.com\/wp-content\/uploads\/2026\/04\/IMG_1795-2000x2667.jpeg 2000w, https:\/\/spyderquest.com\/wp-content\/uploads\/2026\/04\/IMG_1795-scaled-9x12.jpeg 9w, https:\/\/spyderquest.com\/wp-content\/uploads\/2026\/04\/IMG_1795-scaled.jpeg 1920w\" sizes=\"auto, (max-width: 768px) 100vw, 768px\" \/><\/figure>","protected":false},"excerpt":{"rendered":"<p>SpyderQuest Spookfest: The Ride of Your Afterlife!\u00a0 \ud83c\udfcd\ufe0f\ud83c\udf83\ud83d\udc7b Drop your leathers and costume up on\u00a0Friday night, Sept 11th (6 PM \u2013 10 PM)! We\u2019re taking over for a night of high-octane haunting. Entry:\u00a0$15 per person, Costumes optional, but highly recommended if you want the loot! The Loot:\u00a0$500 in Cold Hard Cash Prizes for the best &hellip; <\/p>\n<p class=\"link-more\"><a href=\"https:\/\/spyderquest.com\/fr\/halloween-party\/\" class=\"more-link\">Read more<span class=\"screen-reader-text\"> &#8220;Halloween\u00a0party&#8221;<\/span><\/a><\/p>","protected":false},"author":1,"featured_media":0,"parent":0,"menu_order":0,"comment_status":"closed","ping_status":"closed","template":"custom-template","meta":{"bBlocksCursorData":"","inspiro_hide_title":false,"footnotes":""},"class_list":["post-3000","page","type-page","status-publish","hentry"],"featured_image_src":null,"_links":{"self":[{"href":"https:\/\/spyderquest.com\/fr\/wp-json\/wp\/v2\/pages\/3000","targetHints":{"allow":["GET"]}}],"collection":[{"href":"https:\/\/spyderquest.com\/fr\/wp-json\/wp\/v2\/pages"}],"about":[{"href":"https:\/\/spyderquest.com\/fr\/wp-json\/wp\/v2\/types\/page"}],"author":[{"embeddable":true,"href":"https:\/\/spyderquest.com\/fr\/wp-json\/wp\/v2\/users\/1"}],"replies":[{"embeddable":true,"href":"https:\/\/spyderquest.com\/fr\/wp-json\/wp\/v2\/comments?post=3000"}],"version-history":[{"count":14,"href":"https:\/\/spyderquest.com\/fr\/wp-json\/wp\/v2\/pages\/3000\/revisions"}],"predecessor-version":[{"id":4231,"href":"https:\/\/spyderquest.com\/fr\/wp-json\/wp\/v2\/pages\/3000\/revisions\/4231"}],"wp:attachment":[{"href":"https:\/\/spyderquest.com\/fr\/wp-json\/wp\/v2\/media?parent=3000"}],"curies":[{"name":"wp","href":"https:\/\/api.w.org\/{rel}","templated":true}]}}