{"id":2985,"date":"2025-03-02T17:04:24","date_gmt":"2025-03-02T22:04:24","guid":{"rendered":"https:\/\/spyderquest.com\/?page_id=2985"},"modified":"2026-02-16T17:00:22","modified_gmt":"2026-02-16T22:00:22","slug":"patriot-ride-lunch","status":"publish","type":"page","link":"https:\/\/spyderquest.com\/fr\/patriot-ride-lunch\/","title":{"rendered":"Patriot Ride Lunch"},"content":{"rendered":"<p><strong>Patriot Ride with Lunch<\/strong><\/p>\n\n\n\n<p>Capitaine de la Randonn\u00e9e: Bob Gilbert<\/p>\n\n\n\n<p>26 $ par personne (le prix inclut le d\u00eener, une boisson non alcoolis\u00e9e, les taxes et le pourboire)<\/p>\n\n\n\n<p>Il y a 15,8 millions de v\u00e9t\u00e9rans aux \u00c9tats-Unis, plus de 1,4 million de v\u00e9t\u00e9rans vivant dans l'\u00c9tat de New York, et plus de 225 000 d'entre eux r\u00e9sident dans la r\u00e9gion d'Albany\/Saratoga. Bien qu'il ait \u00e9t\u00e9 sp\u00e9cifiquement cr\u00e9\u00e9 pour les v\u00e9t\u00e9rans et les premiers r\u00e9pondants, tous sont les bienvenus.<\/p>\n\n\n\n<p class=\"translation-block\">Bien qu'il ait \u00e9t\u00e9 sp\u00e9cifiquement cr\u00e9\u00e9 pour les v\u00e9t\u00e9rans et les premiers r\u00e9pondants, tous sont les bienvenus. Le trajet vers notre premi\u00e8re destination nous m\u00e8nera sur de charmants chemins de campagne o\u00f9 nous traverserons le Saratoga County Veterans Memorial Bridge, qui offre une vue spectaculaire sur le lac Saratoga d'un c\u00f4t\u00e9 et sur Fish Creek de l'autre. Apr\u00e8s avoir travers\u00e9 le pont, nous suivrons bri\u00e8vement la rive du lac Saratoga avant de bifurquer vers notre premi\u00e8re destination, qui sera une visite des terrains impeccablement entretenus du cimeti\u00e8re national Gerald Solomon. \u00c0 pleine capacit\u00e9, il offrira un espace de s\u00e9pulture pour 175 500 v\u00e9t\u00e9rans et personnes \u00e0 charge admissibles. Le site abrite la cloche du navire USS Saratoga CV-3, un monument comm\u00e9moratif en granit en l'honneur des v\u00e9t\u00e9rans du comt\u00e9 de Saratoga, un monument pyramidal en granit noir \u00ab Black Mist \u00bb pour le membre du Congr\u00e8s Gerald B.H. Solomon, qui a jou\u00e9 un r\u00f4le d\u00e9terminant dans la cr\u00e9ation du cimeti\u00e8re national, un monument en granit et en bronze en l'honneur des v\u00e9t\u00e9rans sous-mariniers des \u00c9tats-Unis, ainsi que d'autres monuments \u00e0 la m\u00e9moire d'\u00e9v\u00e9nements marquants et de camarades tomb\u00e9s au combat.<\/p>\n\n\n\n<p>Nous ferons ensuite un court trajet sur d'autres chemins de campagne pittoresques, passant par les \u00e9cluses 5, 6 et 7 du canal Champlain et traversant le pont Northumberland avant d'arriver sur l'\u00eele Rogers, o\u00f9 nous ferons un tour rapide. L'\u00eele porte le nom de Robert Rogers, qui a transform\u00e9 \u00e0 jamais les tactiques militaires en \u00e9crivant ses \u00ab Ranging Rules \u00bb alors qu'il campait sur l'\u00eele. C'est pourquoi l'\u00eele Rogers est consid\u00e9r\u00e9e comme le \u00ab berceau spirituel \u00bb des Rangers de l'arm\u00e9e am\u00e9ricaine.<\/p>\n\n\n\n<p><\/p>\n\n\n\n<p>Gemini said\nNous nous dirigerons ensuite vers le Vested Veterans Grill, o\u00f9 nous savourerons un d\u00e9licieux d\u00eener tout en soutenant ceux qui sont rest\u00e9s dans l'ombre pour prot\u00e9ger notre libert\u00e9. Vested Veterans est un restaurant poss\u00e9d\u00e9 et exploit\u00e9 par des v\u00e9t\u00e9rans, dont la mission est de redonner \u00e0 ceux qui ont servi notre pays avec bravoure. Vested Veterans a eu le prestige d'\u00eatre pr\u00e9sent\u00e9 \u00e0 News 10 ABC, CBS 6 Albany et au ABR (America\u2019s Best Restaurants) Roadshow. Avec de l'excellente nourriture soutenant une cause honorable, c'est un \u00e9tablissement qui saura combler autant votre app\u00e9tit que votre c\u0153ur.<\/p>\n\n\n\n<p>Le d\u00eener propose un menu fixe de 16 choix, incluant quelques options v\u00e9g\u00e9tariennes, ainsi qu'une boisson, le pourboire et les taxes pour 26 $.<\/p>\n\n\n\n<p>(<strong>26,00 $ par personne<\/strong>)<\/p>\n\n\n\n<p><a href=\"https:\/\/www.cem.va.gov\/cems\/nchp\/GeraldBHSolomonSaratoga.asp\">https:\/\/www.cem.va.gov\/cems\/nchp\/GeraldBHSolomonSaratoga.asp<\/a><br><a href=\"https:\/\/rogersisland.org\/\">https:\/\/rogersisland.org\/<\/a><br><a href=\"https:\/\/vvgrill.com\">https:\/\/vvgrill.com<\/a><\/p>\n\n\n\n<p>124 km aller-retour<br>Temps total de la randonn\u00e9e \u2013 4 heures<br>Temps de selle total \u2013 2.5 heures<br>1.5 heures au restaurant<br>Pause de 20 min pour l'essence et pour s'\u00e9tirer<\/p>\n\n\n\n<figure class=\"wp-block-image size-full\"><img loading=\"lazy\" decoding=\"async\" width=\"830\" height=\"545\" src=\"https:\/\/spyderquest.com\/wp-content\/uploads\/2025\/12\/image-9.jpeg\" alt=\"\" class=\"wp-image-3907\" srcset=\"https:\/\/spyderquest.com\/wp-content\/uploads\/2025\/12\/image-9.jpeg 830w, https:\/\/spyderquest.com\/wp-content\/uploads\/2025\/12\/image-9-300x197.jpeg 300w, https:\/\/spyderquest.com\/wp-content\/uploads\/2025\/12\/image-9-18x12.jpeg 18w\" sizes=\"auto, (max-width: 830px) 100vw, 830px\" \/><\/figure>\n\n\n\n<figure class=\"wp-block-image size-full is-resized\"><img loading=\"lazy\" decoding=\"async\" width=\"450\" height=\"299\" src=\"https:\/\/spyderquest.com\/wp-content\/uploads\/2026\/02\/image-4.jpeg\" alt=\"\" class=\"wp-image-4124\" style=\"aspect-ratio:1.5050431147112622;width:602px;height:auto\" srcset=\"https:\/\/spyderquest.com\/wp-content\/uploads\/2026\/02\/image-4.jpeg 450w, https:\/\/spyderquest.com\/wp-content\/uploads\/2026\/02\/image-4-300x199.jpeg 300w, https:\/\/spyderquest.com\/wp-content\/uploads\/2026\/02\/image-4-18x12.jpeg 18w\" sizes=\"auto, (max-width: 450px) 100vw, 450px\" \/><\/figure>\n\n\n\n<figure class=\"wp-block-image size-full\"><img loading=\"lazy\" decoding=\"async\" width=\"896\" height=\"613\" src=\"https:\/\/spyderquest.com\/wp-content\/uploads\/2026\/02\/image-5.png\" alt=\"\" class=\"wp-image-4125\" srcset=\"https:\/\/spyderquest.com\/wp-content\/uploads\/2026\/02\/image-5.png 896w, https:\/\/spyderquest.com\/wp-content\/uploads\/2026\/02\/image-5-300x205.png 300w, https:\/\/spyderquest.com\/wp-content\/uploads\/2026\/02\/image-5-18x12.png 18w\" sizes=\"auto, (max-width: 896px) 100vw, 896px\" \/><\/figure>","protected":false},"excerpt":{"rendered":"<p>Patriot Ride with Lunch Ride Captain:&nbsp;Bob Gilbert $26 Per Person (price includes lunch, non-alcoholic drink, taxes and tip) There are 15.8 million Veterans in the US, more than 1.4 million Veterans living in New York State, and more than 225,000 of those residing in the Albany\/Saratoga area. Although specifically created with Veterans and First Responders, &hellip; <\/p>\n<p class=\"link-more\"><a href=\"https:\/\/spyderquest.com\/fr\/patriot-ride-lunch\/\" class=\"more-link\">Read more<span class=\"screen-reader-text\"> &#8220;Patriot Ride Lunch&#8221;<\/span><\/a><\/p>","protected":false},"author":1,"featured_media":0,"parent":0,"menu_order":0,"comment_status":"closed","ping_status":"closed","template":"custom-template","meta":{"bBlocksCursorData":"","inspiro_hide_title":false,"footnotes":""},"class_list":["post-2985","page","type-page","status-publish","hentry"],"featured_image_src":null,"_links":{"self":[{"href":"https:\/\/spyderquest.com\/fr\/wp-json\/wp\/v2\/pages\/2985","targetHints":{"allow":["GET"]}}],"collection":[{"href":"https:\/\/spyderquest.com\/fr\/wp-json\/wp\/v2\/pages"}],"about":[{"href":"https:\/\/spyderquest.com\/fr\/wp-json\/wp\/v2\/types\/page"}],"author":[{"embeddable":true,"href":"https:\/\/spyderquest.com\/fr\/wp-json\/wp\/v2\/users\/1"}],"replies":[{"embeddable":true,"href":"https:\/\/spyderquest.com\/fr\/wp-json\/wp\/v2\/comments?post=2985"}],"version-history":[{"count":14,"href":"https:\/\/spyderquest.com\/fr\/wp-json\/wp\/v2\/pages\/2985\/revisions"}],"predecessor-version":[{"id":4131,"href":"https:\/\/spyderquest.com\/fr\/wp-json\/wp\/v2\/pages\/2985\/revisions\/4131"}],"wp:attachment":[{"href":"https:\/\/spyderquest.com\/fr\/wp-json\/wp\/v2\/media?parent=2985"}],"curies":[{"name":"wp","href":"https:\/\/api.w.org\/{rel}","templated":true}]}}