{"id":2982,"date":"2025-03-02T17:02:38","date_gmt":"2025-03-02T22:02:38","guid":{"rendered":"https:\/\/spyderquest.com\/?page_id=2982"},"modified":"2025-12-14T17:30:23","modified_gmt":"2025-12-14T22:30:23","slug":"speculator","status":"publish","type":"page","link":"https:\/\/spyderquest.com\/fr\/speculator\/","title":{"rendered":"Speculator"},"content":{"rendered":"<p><strong>Speculator<\/strong><\/p>\n\n\n\n<p>Capitaine de la Randonn\u00e9e : Bob Raymond <\/p>\n\n\n\n<p><\/p>\n\n\n\n<p>Si vous cherchez \u00e0 voir la v\u00e9ritable beaut\u00e9 des adirondacks, ne cherchez pas plus loin.&nbsp;<\/p>\n\n\n\n<p>Cette randonn\u00e9e nous fera passer devant plusieurs lacs et rivi\u00e8res de la r\u00e9gion et nous fera serpenter \u00e0 travers la section sud des monts Adirondack. Nous profiterons de certains des plus beaux paysages que cette r\u00e9gion a \u00e0 offrir, et ils sont nombreux. Le sud des Adirondacks et Speculator sont un havre de paix o\u00f9 beaucoup de gens se r\u00e9fugient en toute saison, et avec raison. Il y a tant \u00e0 faire et la beaut\u00e9 de la r\u00e9gion est in\u00e9gal\u00e9e. Vous ne saurez plus o\u00f9 donner de la t\u00eate durant ce trajet, alors que nous traverserons des zones v\u00e9ritablement \u00e9poustouflantes.&nbsp;<\/p>\n\n\n\n<p>Nous nous arr\u00eaterons \u00e0 l'historique Inn at Speculator pour le lunch. Cette auberge de campagne pittoresque et familiale est situ\u00e9e juste au bord de l'eau, surplombant le magnifique lac Pleasant, pr\u00e8s du centre du village de Speculator. L'\u00e9tablissement propose une vari\u00e9t\u00e9 de choix, notamment des steaks, des fruits de mer et des plats de type pub.&nbsp;<\/p>\n\n\n\n<p>Apr\u00e8s le lunch, nous d\u00e9ciderons en groupe de l'itin\u00e9raire que nous emprunterons pour retourner au Gideon Putnam.<\/p>\n\n\n\n<p>Que vous n'ayez jamais visit\u00e9 les Adirondacks ou que vous y soyez all\u00e9 plus de fois que vous ne pouvez en compter, ils ne d\u00e9\u00e7oivent jamais, et cette randonn\u00e9e ne le fera pas non plus.&nbsp;<\/p>\n\n\n\n<p><a href=\"https:\/\/www.thespeculatorinn.com\">https:\/\/www.thespeculatorinn.com<\/a><\/p>\n\n\n\n<p>Aller-retour \u2013 environ 4 h\u00a0\u00a0<br>240 kilom\u00e8tres<\/p>\n\n\n\n<figure class=\"wp-block-image size-full\"><a href=\"https:\/\/www.thespeculatorinn.com\/\"><img loading=\"lazy\" decoding=\"async\" width=\"225\" height=\"225\" src=\"https:\/\/spyderquest.com\/wp-content\/uploads\/2025\/03\/SpeculatorInn.png\" alt=\"\" class=\"wp-image-3021\" srcset=\"https:\/\/spyderquest.com\/wp-content\/uploads\/2025\/03\/SpeculatorInn.png 225w, https:\/\/spyderquest.com\/wp-content\/uploads\/2025\/03\/SpeculatorInn-150x150.png 150w, https:\/\/spyderquest.com\/wp-content\/uploads\/2025\/03\/SpeculatorInn-12x12.png 12w\" sizes=\"auto, (max-width: 225px) 100vw, 225px\" \/><\/a><\/figure>\n\n\n\n<figure class=\"wp-block-image size-full is-resized\"><img loading=\"lazy\" decoding=\"async\" width=\"224\" height=\"125\" src=\"https:\/\/spyderquest.com\/wp-content\/uploads\/2025\/12\/image-8.jpeg\" alt=\"\" class=\"wp-image-3903\" style=\"width:770px;height:auto\" srcset=\"https:\/\/spyderquest.com\/wp-content\/uploads\/2025\/12\/image-8.jpeg 224w, https:\/\/spyderquest.com\/wp-content\/uploads\/2025\/12\/image-8-18x10.jpeg 18w\" sizes=\"auto, (max-width: 224px) 100vw, 224px\" \/><\/figure>","protected":false},"excerpt":{"rendered":"<p>Speculator Ride Captain: Bob Raymond If you are looking to see the true beauty of the Adirondacks look no further.&nbsp; This ride will take us past several local lakes and rivers and have us winding through the southern section of the Adirondack Mountains. We will enjoy some of the best sights that there are to &hellip; <\/p>\n<p class=\"link-more\"><a href=\"https:\/\/spyderquest.com\/fr\/speculator\/\" class=\"more-link\">Read more<span class=\"screen-reader-text\"> &#8220;Speculator&#8221;<\/span><\/a><\/p>","protected":false},"author":1,"featured_media":0,"parent":0,"menu_order":0,"comment_status":"closed","ping_status":"closed","template":"custom-template","meta":{"bBlocksCursorData":"","inspiro_hide_title":false,"footnotes":""},"class_list":["post-2982","page","type-page","status-publish","hentry"],"featured_image_src":null,"_links":{"self":[{"href":"https:\/\/spyderquest.com\/fr\/wp-json\/wp\/v2\/pages\/2982","targetHints":{"allow":["GET"]}}],"collection":[{"href":"https:\/\/spyderquest.com\/fr\/wp-json\/wp\/v2\/pages"}],"about":[{"href":"https:\/\/spyderquest.com\/fr\/wp-json\/wp\/v2\/types\/page"}],"author":[{"embeddable":true,"href":"https:\/\/spyderquest.com\/fr\/wp-json\/wp\/v2\/users\/1"}],"replies":[{"embeddable":true,"href":"https:\/\/spyderquest.com\/fr\/wp-json\/wp\/v2\/comments?post=2982"}],"version-history":[{"count":7,"href":"https:\/\/spyderquest.com\/fr\/wp-json\/wp\/v2\/pages\/2982\/revisions"}],"predecessor-version":[{"id":3905,"href":"https:\/\/spyderquest.com\/fr\/wp-json\/wp\/v2\/pages\/2982\/revisions\/3905"}],"wp:attachment":[{"href":"https:\/\/spyderquest.com\/fr\/wp-json\/wp\/v2\/media?parent=2982"}],"curies":[{"name":"wp","href":"https:\/\/api.w.org\/{rel}","templated":true}]}}