{"id":2967,"date":"2025-03-02T16:52:01","date_gmt":"2025-03-02T21:52:01","guid":{"rendered":"https:\/\/spyderquest.com\/?page_id=2967"},"modified":"2025-12-17T16:29:23","modified_gmt":"2025-12-17T21:29:23","slug":"bucks-county-biscotti-dax-free-lunch-ride","status":"publish","type":"page","link":"https:\/\/spyderquest.com\/fr\/bucks-county-biscotti-dax-free-lunch-ride\/","title":{"rendered":"Bucks County Biscotti-Dax free lunch ride"},"content":{"rendered":"<p><strong>Bucks County Biscotti-Dax free lunch ride<\/strong><\/p>\n\n\n\n<p>Capitaine de la randonn\u00e9e : Gary Stephens<\/p>\n\n\n\n<p><\/p>\n\n\n\n<p><\/p>\n\n\n\n<p>Si vous avez envie d'une balade au c\u0153ur de paysages \u00e9poustouflants, d'un arr\u00eat pour savourer de d\u00e9licieuses gourmandises maison et d'une destination finale chez DAX pour un d\u00eener gratuit et l'occasion de parcourir leur marchandise \u2013 vous ne voudrez pas manquer cette randonn\u00e9e.<\/p>\n\n\n\n<p>Nous emprunterons la route panoramique pour nous rendre chez Bucks County Biscotti. Notre itin\u00e9raire nous fera traverser le pont Saratoga County Veterans Memorial, qui offre une vue spectaculaire sur le lac Saratoga d'un c\u00f4t\u00e9 et sur le ruisseau Fish de l'autre. Nous parcourrons ensuite de vastes routes de campagne pour nous rendre \u00e0 Argyle, o\u00f9 nous ferons un court arr\u00eat. La prochaine \u00e9tape de notre p\u00e9riple sera Bucks County Biscotti.&nbsp;<\/p>\n\n\n\n<p>Bucks County Biscotti, situ\u00e9 \u00e0 Queensbury, est une boulangerie artisanale de premi\u00e8re qualit\u00e9 de deuxi\u00e8me g\u00e9n\u00e9ration fond\u00e9e en 1992. Chez Bucks, les biscottis sont fabriqu\u00e9s \u00e0 la main \u00e0 partir d'ingr\u00e9dients enti\u00e8rement naturels et cuits deux fois avec amour. Cette boulangerie ax\u00e9e sur le \u00ab z\u00e9ro d\u00e9chet \u00bb et les initiatives \u00e9cologiques a fait l'objet de reportages dans la s\u00e9rie Localish d'ABC News ainsi qu'\u00e0 Spectrum News 1 Albany. Dans le cadre de leur initiative z\u00e9ro d\u00e9chet, Bucks dispose de deux kiosques libre-service bas\u00e9s sur l'honn\u00eatet\u00e9 o\u00f9 leurs biscottis sont vendus au prix r\u00e9duit de 5,00 $ le sac.<\/p>\n\n\n\n<p>Esp\u00e9rons que vous ne vous \u00eates pas compl\u00e8tement rassasi\u00e9s de biscottis, car notre prochain arr\u00eat, situ\u00e9 \u00e0 seulement quelques minutes, est DAX Power Sports. Ils y offriront un d\u00eener traiteur gratuit. Pendant que vous y \u00eates, prenez un moment pour parcourir leur vaste salle de montre et d\u00e9couvrir leur s\u00e9lection de tout ce qui touche les sports motoris\u00e9s.<\/p>\n\n\n\n<p>Cette randonn\u00e9e se terminera chez DAX.<\/p>\n\n\n\n<p>113 kilom\u00e8tres (vers DAX)<br>Temps de randonn\u00e9e total : 2 h 15 min<br>Temps de selle total : 1 h 43 min<br>76 kilom\u00e8tres \/ 65 min jusqu'\u00e0 l'arr\u00eat d'essence<br>27 kilom\u00e8tres \/ 25 min jusqu'\u00e0 Bucks<\/p>\n\n\n\n<p><a href=\"https:\/\/buckscountybiscotti.com\/pages\/about-us\">https:\/\/buckscountybiscotti.com\/pages\/queensbury-honor-stand<\/a><\/p>\n\n\n\n<figure class=\"wp-block-image size-large is-resized\"><img loading=\"lazy\" decoding=\"async\" width=\"1024\" height=\"472\" src=\"https:\/\/spyderquest.com\/wp-content\/uploads\/2025\/12\/image-12-1024x472.jpeg\" alt=\"\" class=\"wp-image-3949\" style=\"width:756px;height:auto\" srcset=\"https:\/\/spyderquest.com\/wp-content\/uploads\/2025\/12\/image-12-1024x472.jpeg 1024w, https:\/\/spyderquest.com\/wp-content\/uploads\/2025\/12\/image-12-300x138.jpeg 300w, https:\/\/spyderquest.com\/wp-content\/uploads\/2025\/12\/image-12-18x8.jpeg 18w, https:\/\/spyderquest.com\/wp-content\/uploads\/2025\/12\/image-12.jpeg 1600w\" sizes=\"auto, (max-width: 1024px) 100vw, 1024px\" \/><\/figure>\n\n\n\n<figure class=\"wp-block-image size-large\"><img loading=\"lazy\" decoding=\"async\" width=\"1024\" height=\"472\" src=\"https:\/\/spyderquest.com\/wp-content\/uploads\/2025\/12\/image-13-1024x472.jpeg\" alt=\"\" class=\"wp-image-3950\" srcset=\"https:\/\/spyderquest.com\/wp-content\/uploads\/2025\/12\/image-13-1024x472.jpeg 1024w, https:\/\/spyderquest.com\/wp-content\/uploads\/2025\/12\/image-13-300x138.jpeg 300w, https:\/\/spyderquest.com\/wp-content\/uploads\/2025\/12\/image-13-18x8.jpeg 18w, https:\/\/spyderquest.com\/wp-content\/uploads\/2025\/12\/image-13.jpeg 1600w\" sizes=\"auto, (max-width: 1024px) 100vw, 1024px\" \/><\/figure>\n\n\n\n<figure class=\"wp-block-image size-large\"><img loading=\"lazy\" decoding=\"async\" width=\"1024\" height=\"1024\" src=\"https:\/\/spyderquest.com\/wp-content\/uploads\/2025\/12\/image-4-1024x1024.jpeg\" alt=\"\" class=\"wp-image-3853\" srcset=\"https:\/\/spyderquest.com\/wp-content\/uploads\/2025\/12\/image-4-1024x1024.jpeg 1024w, https:\/\/spyderquest.com\/wp-content\/uploads\/2025\/12\/image-4-300x300.jpeg 300w, https:\/\/spyderquest.com\/wp-content\/uploads\/2025\/12\/image-4-150x150.jpeg 150w, https:\/\/spyderquest.com\/wp-content\/uploads\/2025\/12\/image-4-12x12.jpeg 12w, https:\/\/spyderquest.com\/wp-content\/uploads\/2025\/12\/image-4.jpeg 1440w\" sizes=\"auto, (max-width: 1024px) 100vw, 1024px\" \/><\/figure>","protected":false},"excerpt":{"rendered":"<p>Bucks County Biscotti-Dax free lunch ride Ride Captain: Gary Stephens If you\u2019re in the mood for a stroll through stunning scenery, a stop for some delectable fresh homemade treats and a final destination of DAX for some free lunch and a chance to browse their merchandise &#8211; you won\u2019t want to miss this ride. We &hellip; <\/p>\n<p class=\"link-more\"><a href=\"https:\/\/spyderquest.com\/fr\/bucks-county-biscotti-dax-free-lunch-ride\/\" class=\"more-link\">Read more<span class=\"screen-reader-text\"> &#8220;Bucks County Biscotti-Dax free lunch ride&#8221;<\/span><\/a><\/p>","protected":false},"author":1,"featured_media":0,"parent":0,"menu_order":0,"comment_status":"closed","ping_status":"closed","template":"custom-template","meta":{"bBlocksCursorData":"","inspiro_hide_title":false,"footnotes":""},"class_list":["post-2967","page","type-page","status-publish","hentry"],"featured_image_src":null,"_links":{"self":[{"href":"https:\/\/spyderquest.com\/fr\/wp-json\/wp\/v2\/pages\/2967","targetHints":{"allow":["GET"]}}],"collection":[{"href":"https:\/\/spyderquest.com\/fr\/wp-json\/wp\/v2\/pages"}],"about":[{"href":"https:\/\/spyderquest.com\/fr\/wp-json\/wp\/v2\/types\/page"}],"author":[{"embeddable":true,"href":"https:\/\/spyderquest.com\/fr\/wp-json\/wp\/v2\/users\/1"}],"replies":[{"embeddable":true,"href":"https:\/\/spyderquest.com\/fr\/wp-json\/wp\/v2\/comments?post=2967"}],"version-history":[{"count":16,"href":"https:\/\/spyderquest.com\/fr\/wp-json\/wp\/v2\/pages\/2967\/revisions"}],"predecessor-version":[{"id":3951,"href":"https:\/\/spyderquest.com\/fr\/wp-json\/wp\/v2\/pages\/2967\/revisions\/3951"}],"wp:attachment":[{"href":"https:\/\/spyderquest.com\/fr\/wp-json\/wp\/v2\/media?parent=2967"}],"curies":[{"name":"wp","href":"https:\/\/api.w.org\/{rel}","templated":true}]}}