{"id":2961,"date":"2025-03-02T16:47:04","date_gmt":"2025-03-02T21:47:04","guid":{"rendered":"https:\/\/spyderquest.com\/?page_id=2961"},"modified":"2026-04-12T19:32:08","modified_gmt":"2026-04-12T23:32:08","slug":"poker-run","status":"publish","type":"page","link":"https:\/\/spyderquest.com\/fr\/poker-run\/","title":{"rendered":"Poker Run"},"content":{"rendered":"<p><strong>Poker Run<\/strong><\/p>\n\n\n\n<figure class=\"wp-block-image size-large\"><img loading=\"lazy\" decoding=\"async\" width=\"1024\" height=\"512\" src=\"https:\/\/spyderquest.com\/wp-content\/uploads\/2025\/12\/1000029179-1024x512.jpg\" alt=\"\" class=\"wp-image-3994\" srcset=\"https:\/\/spyderquest.com\/wp-content\/uploads\/2025\/12\/1000029179-1024x512.jpg 1024w, https:\/\/spyderquest.com\/wp-content\/uploads\/2025\/12\/1000029179-300x150.jpg 300w, https:\/\/spyderquest.com\/wp-content\/uploads\/2025\/12\/1000029179-2000x1000.jpg 2000w, https:\/\/spyderquest.com\/wp-content\/uploads\/2025\/12\/1000029179-scaled-18x9.jpg 18w\" sizes=\"auto, (max-width: 1024px) 100vw, 1024px\" \/><\/figure>\n\n\n\n<p>Capitaine de la Randonn\u00e9e : Michael Pitucci<\/p>\n\n\n\n<p>($35 Per Person)<\/p>\n\n\n\n<p><\/p>\n\n\n\n<p>Le plaisir d'un Poker Run avec le petit plus de rouler sur votre Spyder !&nbsp;<\/p>\n\n\n\n<p>Il y aura cinq arr\u00eats durant ce Poker Run ; \u00e0 chaque arr\u00eat, une carte sera tir\u00e9e pour vous afin de constituer votre main de poker.&nbsp;<\/p>\n\n\n\n<p class=\"translation-block\">The first stop will be at Seymour\u2019s Motorized Sports (<a href=\"https:\/\/www.seymoursmotorsports.com\/\" target=\"_self\">https:\/\/www.seymoursmotorsports.com\/<\/a>)&nbsp; in Cohoes. Seymour\u2019s is a valued sponsor of SpyderQuest and is also the sponsor of this poker run. We will be drawing a card here. Be sure to take a minute to check out all they have to offer while you\u2019re there.<br><\/p>\n\n\n\n<p>Le deuxi\u00e8me arr\u00eat sera \u00e0 la discr\u00e9tion du capitaine de route. Nous y pigerons \u00e9galement une carte.&nbsp;<\/p>\n\n\n\n<p class=\"translation-block\">Le troisi\u00e8me arr\u00eat se fera chez DAX Powersports (https:\/\/www.daxpowersports.com\/) \u00e0 Queensbury. DAX est un autre de nos fiers commanditaires de SpyderQuest. Pendant notre arr\u00eat chez DAX, nous profiterons du d\u00e9licieux d\u00eener traiteur gratuit qu'ils nous offriront, en plus de piger la troisi\u00e8me carte pour notre main. Assurez-vous d'entrer \u00e0 l'int\u00e9rieur pour voir leur immense salle d'exposition remplie de toutes sortes de jouets r\u00e9cr\u00e9atifs !<\/p>\n\n\n\n<p class=\"translation-block\">Le quatri\u00e8me arr\u00eat sera au Martha\u2019s Dandee Cream (https:\/\/marthasicecream.com\/) \u00e0 Queensbury. Pour plusieurs participants de SpyderQuest, Martha\u2019s est l'arr\u00eat incontournable \u00e0 ne pas manquer pour une petite douceur. Nous y pigerons notre quatri\u00e8me carte. Comme nous venons tout juste de terminer notre d\u00eener gratuit, c'est le moment id\u00e9al pour vous offrir une g\u00e2terie, si le c\u0153ur vous en dit.<\/p>\n\n\n\n<p class=\"translation-block\">La cinqui\u00e8me et derni\u00e8re \u00e9tape de notre excursion de poker se fera de retour \u00e0 notre point de d\u00e9part, soit notre h\u00f4tel h\u00f4te, le Gideon Putnam (https:\/\/www.gideonputnam.com\/). C\u2019est ici que vous pigerez la derni\u00e8re carte pour compl\u00e9ter votre main, et la randonn\u00e9e prendra fin. Si vous ne s\u00e9journez pas \u00e0 l\u2019h\u00f4tel, ce sera l'occasion parfaite de d\u00e9couvrir ce site spectaculaire et d'en profiter pour aller faire un tour \u00e0 l\u2019arri\u00e8re afin de voir tout ce que nos exposants ont \u00e0 vous offrir !<\/p>\n\n\n\n<p>*Veuillez noter \u2013 Les participants DOIVENT \u00eatre pr\u00e9sents en personne \u00e0 chaque arr\u00eat pour recevoir leur carte. Il n'est PAS permis de piger ou de recevoir des cartes pour quelqu'un d'autre.&nbsp;&nbsp;<\/p>\n\n\n\n<p>Au total, trois prix en argent seront remis aux participants de cette randonn\u00e9e.&nbsp;<\/p>\n\n\n\n<p>Les prix seront remis lors de la c\u00e9r\u00e9monie de cl\u00f4ture.\u00a0<br>Meilleur main de Poker : $500.00<br>Second best hand: $300.00<br>Third best hand: $200.00\u00a0<br>Tous les profits seront vers\u00e9s aux Shelters of Saratoga<\/p>\n\n\n\n<p>160 kilom\u00e8tre l'aller-retour<br>5 h de temps de selle total<\/p>\n\n\n\n<figure class=\"wp-block-image aligncenter size-full is-resized\"><img loading=\"lazy\" decoding=\"async\" width=\"514\" height=\"556\" src=\"https:\/\/spyderquest.com\/wp-content\/uploads\/2026\/04\/PokerRun2026Single.png\" alt=\"\" class=\"wp-image-4235\" style=\"aspect-ratio:0.924458308742939;width:586px;height:auto\" srcset=\"https:\/\/spyderquest.com\/wp-content\/uploads\/2026\/04\/PokerRun2026Single.png 514w, https:\/\/spyderquest.com\/wp-content\/uploads\/2026\/04\/PokerRun2026Single-277x300.png 277w, https:\/\/spyderquest.com\/wp-content\/uploads\/2026\/04\/PokerRun2026Single-11x12.png 11w\" sizes=\"auto, (max-width: 514px) 100vw, 514px\" \/><\/figure>\n\n\n\n<figure class=\"wp-block-image aligncenter size-large is-resized\"><a href=\"https:\/\/www.seymoursmotorsports.com\/\"><img loading=\"lazy\" decoding=\"async\" width=\"1024\" height=\"740\" src=\"https:\/\/spyderquest.com\/wp-content\/uploads\/2025\/05\/SeymoursLogo-1-1024x740.jpg\" alt=\"\" class=\"wp-image-3500\" style=\"width:750px;height:auto\" srcset=\"https:\/\/spyderquest.com\/wp-content\/uploads\/2025\/05\/SeymoursLogo-1-1024x740.jpg 1024w, https:\/\/spyderquest.com\/wp-content\/uploads\/2025\/05\/SeymoursLogo-1-300x217.jpg 300w, https:\/\/spyderquest.com\/wp-content\/uploads\/2025\/05\/SeymoursLogo-1-18x12.jpg 18w, https:\/\/spyderquest.com\/wp-content\/uploads\/2025\/05\/SeymoursLogo-1.jpg 1935w\" sizes=\"auto, (max-width: 1024px) 100vw, 1024px\" \/><\/a><\/figure>\n\n\n\n<p><\/p>\n\n\n\n<p><\/p>\n\n\n\n<p><\/p>","protected":false},"excerpt":{"rendered":"<p>Poker Run Ride Captain: Michael Pitucci ($35 Per Person) The fun of a Poker Run with the added bonus of riding your Spyder!&nbsp; There will be five stops on this poker run, at each stop a card will be drawn for you to make your poker hand.&nbsp; The first stop will be at Seymour\u2019s Motorized &hellip; <\/p>\n<p class=\"link-more\"><a href=\"https:\/\/spyderquest.com\/fr\/poker-run\/\" class=\"more-link\">Read more<span class=\"screen-reader-text\"> &#8220;Poker Run&#8221;<\/span><\/a><\/p>","protected":false},"author":1,"featured_media":0,"parent":0,"menu_order":0,"comment_status":"closed","ping_status":"closed","template":"custom-template","meta":{"bBlocksCursorData":"","inspiro_hide_title":false,"footnotes":""},"class_list":["post-2961","page","type-page","status-publish","hentry"],"featured_image_src":null,"_links":{"self":[{"href":"https:\/\/spyderquest.com\/fr\/wp-json\/wp\/v2\/pages\/2961","targetHints":{"allow":["GET"]}}],"collection":[{"href":"https:\/\/spyderquest.com\/fr\/wp-json\/wp\/v2\/pages"}],"about":[{"href":"https:\/\/spyderquest.com\/fr\/wp-json\/wp\/v2\/types\/page"}],"author":[{"embeddable":true,"href":"https:\/\/spyderquest.com\/fr\/wp-json\/wp\/v2\/users\/1"}],"replies":[{"embeddable":true,"href":"https:\/\/spyderquest.com\/fr\/wp-json\/wp\/v2\/comments?post=2961"}],"version-history":[{"count":29,"href":"https:\/\/spyderquest.com\/fr\/wp-json\/wp\/v2\/pages\/2961\/revisions"}],"predecessor-version":[{"id":4238,"href":"https:\/\/spyderquest.com\/fr\/wp-json\/wp\/v2\/pages\/2961\/revisions\/4238"}],"wp:attachment":[{"href":"https:\/\/spyderquest.com\/fr\/wp-json\/wp\/v2\/media?parent=2961"}],"curies":[{"name":"wp","href":"https:\/\/api.w.org\/{rel}","templated":true}]}}