{"id":2924,"date":"2025-03-02T16:17:05","date_gmt":"2025-03-02T21:17:05","guid":{"rendered":"https:\/\/spyderquest.com\/?page_id=2924"},"modified":"2026-04-15T14:50:20","modified_gmt":"2026-04-15T18:50:20","slug":"charity","status":"publish","type":"page","link":"https:\/\/spyderquest.com\/fr\/charity\/","title":{"rendered":"2026 Charity"},"content":{"rendered":"<div id=\"mega-menu-wrap-primary\" class=\"mega-menu-wrap\"><div class=\"mega-menu-toggle\"><div class=\"mega-toggle-blocks-left\"><div class='mega-toggle-block mega-menu-toggle-animated-block mega-toggle-block-1' id='mega-toggle-block-1'><button aria-controls=\"mega-menu-primary\" aria-expanded=\"false\" aria-haspopup=\"true\" aria-label=\"Menu\" class=\"mega-toggle-animated mega-toggle-animated-slider\" type=\"button\">\n                  <span class=\"mega-toggle-animated-box\">\n                    <span class=\"mega-toggle-animated-inner\"><\/span>\n                  <\/span>\n                <\/button><\/div><\/div><div class=\"mega-toggle-blocks-center\"><\/div><div class=\"mega-toggle-blocks-right\"><\/div><\/div><ul id=\"mega-menu-primary\" class=\"mega-menu max-mega-menu mega-menu-horizontal mega-no-js\" data-event=\"hover_intent\" data-effect=\"fade_up\" data-effect-speed=\"200\" data-effect-mobile=\"disabled\" data-effect-speed-mobile=\"0\" data-mobile-force-width=\"false\" data-second-click=\"go\" data-document-click=\"collapse\" data-vertical-behaviour=\"standard\" data-breakpoint=\"768\" data-unbind=\"true\" data-mobile-state=\"collapse_all\" data-mobile-direction=\"vertical\"><li class=\"mega-menu-item mega-menu-item-type-post_type mega-menu-item-object-page mega-menu-item-home mega-align-bottom-left mega-menu-flyout mega-has-icon mega-icon-left mega-menu-item-2244\" id=\"mega-menu-item-2244\"><a class=\"dashicons-admin-home mega-menu-link\" href=\"https:\/\/spyderquest.com\/fr\/\">Accueil<\/a><\/li><li class=\"mega-menu-item mega-menu-item-type-post_type mega-menu-item-object-page mega-align-bottom-left mega-menu-flyout mega-menu-item-2283\" id=\"mega-menu-item-2283\"><a class=\"mega-menu-link\" href=\"https:\/\/spyderquest.com\/fr\/vendors-sponsors-donations\/\">Commanditaires<\/a><\/li><li class=\"mega-menu-item mega-menu-item-type-post_type mega-menu-item-object-page mega-align-bottom-left mega-menu-flyout mega-menu-item-2247\" id=\"mega-menu-item-2247\"><a class=\"mega-menu-link\" href=\"https:\/\/spyderquest.com\/fr\/itinerary\/\">Horaire<\/a><\/li><li class=\"mega-menu-item mega-menu-item-type-post_type mega-menu-item-object-page mega-align-bottom-left mega-menu-flyout mega-menu-item-2248\" id=\"mega-menu-item-2248\"><a class=\"mega-menu-link\" href=\"https:\/\/spyderquest.com\/fr\/online-registration\/\">Inscription en ligne<\/a><\/li><li class=\"mega-menu-item mega-menu-item-type-post_type mega-menu-item-object-page mega-align-bottom-left mega-menu-flyout mega-menu-item-2249\" id=\"mega-menu-item-2249\"><a class=\"mega-menu-link\" href=\"https:\/\/spyderquest.com\/fr\/pictures\/\">Images<\/a><\/li><li class=\"mega-menu-item mega-menu-item-type-post_type mega-menu-item-object-page mega-align-bottom-left mega-menu-flyout mega-menu-item-2253\" id=\"mega-menu-item-2253\"><a class=\"mega-menu-link\" href=\"https:\/\/spyderquest.com\/fr\/where-to-stay\/\">H\u00e9bergement<\/a><\/li><li class=\"mega-menu-item mega-menu-item-type-post_type mega-menu-item-object-page mega-align-bottom-left mega-menu-flyout mega-menu-item-2245\" id=\"mega-menu-item-2245\"><a class=\"mega-menu-link\" href=\"https:\/\/spyderquest.com\/fr\/contact\/\">Nous joindre<\/a><\/li><li class=\"mega-menu-item mega-menu-item-type-post_type mega-menu-item-object-page mega-align-bottom-left mega-menu-flyout mega-menu-item-2926\" id=\"mega-menu-item-2926\"><a class=\"mega-menu-link\" href=\"https:\/\/spyderquest.com\/fr\/charity\/\">Ouvre de bienfaisance<\/a><\/li><li class=\"mega-menu-item mega-menu-item-type-post_type mega-menu-item-object-page mega-align-bottom-left mega-menu-flyout mega-menu-item-2931\" id=\"mega-menu-item-2931\"><a class=\"mega-menu-link\" href=\"https:\/\/spyderquest.com\/fr\/thank-you\/\">Merci<\/a><\/li><li class=\"mega-menu-item mega-menu-item-type-post_type mega-menu-item-object-page mega-align-bottom-left mega-menu-flyout mega-menu-item-2932\" id=\"mega-menu-item-2932\"><a class=\"mega-menu-link\" href=\"https:\/\/spyderquest.com\/fr\/things-to-do\/\">Choses \u00e0 faire<\/a><\/li><li class=\"mega-menu-item mega-menu-item-type-post_type mega-menu-item-object-page mega-align-bottom-left mega-menu-flyout mega-menu-item-2246\" id=\"mega-menu-item-2246\"><a class=\"mega-menu-link\" href=\"https:\/\/spyderquest.com\/fr\/vendor-form\/\">FAQ<\/a><\/li><li class=\"mega-menu-item mega-menu-item-type-post_type mega-menu-item-object-page mega-align-bottom-left mega-menu-flyout mega-menu-item-2251\" id=\"mega-menu-item-2251\"><a class=\"mega-menu-link\" href=\"https:\/\/spyderquest.com\/fr\/safety\/\">S\u00e9curit\u00e9<\/a><\/li><\/ul><\/div>\n\n\n<p>L'organisme caritative de cette ann\u00e9e est les <strong>Shelters of Saratoga<\/strong><\/p>\n\n\n\n<p><strong>Mission :<\/strong> Les Refuges de Saratoga offrent de l'h\u00e9bergement d'urgence et du logement avec soutien aux adultes en situation d'itin\u00e9rance dans la r\u00e9gion de Saratoga. Chaque ann\u00e9e, nous servons pr\u00e8s de 500 personnes en leur offrant des services essentiels, tels que l'abri, les repas et l'accompagnement n\u00e9cessaire pour s'attaquer aux causes profondes de l'instabilit\u00e9 r\u00e9sidentielle. Notre objectif est d'accompagner chaque personne l\u00e0 o\u00f9 elle en est, tout en l'aidant \u00e0 am\u00e9liorer sa sant\u00e9 et sa stabilit\u00e9 financi\u00e8re et r\u00e9sidentielle \u2014 jetant ainsi les bases d'un avenir sain et durable.<\/p>\n\n\n\n<p><a href=\"http:\/\/www.sheltersofsaratoga.org\">www.sheltersofsaratoga.org<\/a><\/p>\n\n\n\n<p>Outre les dons mon\u00e9taires, les articles suivants seront accept\u00e9s.<br>Tout don de votre part vous donnera droit \u00e0 un billet suppl\u00e9mentaire pour l\u2019encan chinois.<\/p>\n\n\n\n<p><strong>Aliments non p\u00e9rissables :<\/strong><br>Caf\u00e9<br>Sucre<br>Collations riches en prot\u00e9ines<br>Lait non p\u00e9rissable<br>Beurre de peanut<br>P\u00e2tes en conserve et soupes consistantes<br>L\u00e9gumes en conserve<\/p>\n\n\n\n<p><strong>Articles d\u2019hygi\u00e8ne personnelle<\/strong><br>Nettoyant pour le corps<br>Mousse \u00e0 raser<br>D\u00e9sodorisant pour hommes<\/p>\n\n\n\n<p><\/p>\n\n\n\n<figure class=\"wp-block-image aligncenter size-large is-resized\"><img loading=\"lazy\" decoding=\"async\" width=\"1024\" height=\"756\" src=\"https:\/\/spyderquest.com\/wp-content\/uploads\/2026\/03\/Copy-of-SheltersofSaratoga_Logo_RGB-1-1024x756.png\" alt=\"\" class=\"wp-image-4178\" style=\"aspect-ratio:1.354509200307843;width:618px;height:auto\" srcset=\"https:\/\/spyderquest.com\/wp-content\/uploads\/2026\/03\/Copy-of-SheltersofSaratoga_Logo_RGB-1-1024x756.png 1024w, https:\/\/spyderquest.com\/wp-content\/uploads\/2026\/03\/Copy-of-SheltersofSaratoga_Logo_RGB-1-300x221.png 300w, https:\/\/spyderquest.com\/wp-content\/uploads\/2026\/03\/Copy-of-SheltersofSaratoga_Logo_RGB-1-2000x1476.png 2000w, https:\/\/spyderquest.com\/wp-content\/uploads\/2026\/03\/Copy-of-SheltersofSaratoga_Logo_RGB-1-scaled-16x12.png 16w\" sizes=\"auto, (max-width: 1024px) 100vw, 1024px\" \/><\/figure>","protected":false},"excerpt":{"rendered":"<p>This year charity is the Shelters of Saratoga About: Shelters of Saratoga provides emergency shelter and supportive housing to adults experiencing homelessness in the Saratoga region. Each year, we serve nearly 500 individuals, offering essential services such as shelter, meals, and support that address the root causes of housing instability. Our objective is to walk &hellip; <\/p>\n<p class=\"link-more\"><a href=\"https:\/\/spyderquest.com\/fr\/charity\/\" class=\"more-link\">Read more<span class=\"screen-reader-text\"> &#8220;2026 Charity&#8221;<\/span><\/a><\/p>","protected":false},"author":1,"featured_media":0,"parent":0,"menu_order":0,"comment_status":"closed","ping_status":"closed","template":"custom-template","meta":{"bBlocksCursorData":"","inspiro_hide_title":false,"footnotes":""},"class_list":["post-2924","page","type-page","status-publish","hentry"],"featured_image_src":null,"_links":{"self":[{"href":"https:\/\/spyderquest.com\/fr\/wp-json\/wp\/v2\/pages\/2924","targetHints":{"allow":["GET"]}}],"collection":[{"href":"https:\/\/spyderquest.com\/fr\/wp-json\/wp\/v2\/pages"}],"about":[{"href":"https:\/\/spyderquest.com\/fr\/wp-json\/wp\/v2\/types\/page"}],"author":[{"embeddable":true,"href":"https:\/\/spyderquest.com\/fr\/wp-json\/wp\/v2\/users\/1"}],"replies":[{"embeddable":true,"href":"https:\/\/spyderquest.com\/fr\/wp-json\/wp\/v2\/comments?post=2924"}],"version-history":[{"count":22,"href":"https:\/\/spyderquest.com\/fr\/wp-json\/wp\/v2\/pages\/2924\/revisions"}],"predecessor-version":[{"id":4269,"href":"https:\/\/spyderquest.com\/fr\/wp-json\/wp\/v2\/pages\/2924\/revisions\/4269"}],"wp:attachment":[{"href":"https:\/\/spyderquest.com\/fr\/wp-json\/wp\/v2\/media?parent=2924"}],"curies":[{"name":"wp","href":"https:\/\/api.w.org\/{rel}","templated":true}]}}