{"id":2918,"date":"2025-03-02T15:06:09","date_gmt":"2025-03-02T20:06:09","guid":{"rendered":"https:\/\/spyderquest.com\/?page_id=2918"},"modified":"2026-04-06T17:42:51","modified_gmt":"2026-04-06T21:42:51","slug":"presidents-ride-dinner","status":"publish","type":"page","link":"https:\/\/spyderquest.com\/fr\/presidents-ride-dinner\/","title":{"rendered":"Presidents ride (Commandit\u00e9 par Can-Am)"},"content":{"rendered":"<p><strong>Presidents ride (Commandit\u00e9 par Can-Am)<\/strong> (Sponsored by Can-Am)<\/p>\n\n\n\n<p>\u00catre pr\u00e9sident de SpyderQuest, ce n'est pas toujours que du travail, il y a aussi une part de plaisir.<\/p>\n\n\n\n<p class=\"translation-block\">Cette randonn\u00e9e est fi\u00e8rement commandit\u00e9e par Can-Am et la cerise sur le sundae la cr\u00e8me glac\u00e9e est offerte par eux !<\/p>\n\n\n\n<p>Joignez-vous \u00e0 nous pour une randonn\u00e9e men\u00e9e par notre pr\u00e9sident, avec notre vice-pr\u00e9sident comme serre-file, alors que nous nous dirigeons vers Dairy Frost Ice Cream. Si vous n'avez pas encore go\u00fbt\u00e9 au d\u00e9licieux sorbet maison de Dairy Frost ou \u00e0 leur cr\u00e8me glac\u00e9e molle cr\u00e9meuse pr\u00e9par\u00e9e fra\u00eeche chaque jour, vous ne savez pas ce que vous manquez. Le menu propose des saveurs de cr\u00e8me glac\u00e9e dure et molle en constante \u00e9volution, et toute leur cr\u00e8me glac\u00e9e molle, leurs sorbets et leurs barbotines italiennes sont fabriqu\u00e9s maison, directement sur place ! On ne peut pas trouver plus frais que \u00e7a.&nbsp;<\/p>\n\n\n\n<p>Dairy Frost fait \u00e9galement partie du Quilt Barn Trail (le sentier des granges aux courtepointes). Plusieurs de ces carr\u00e9s sont expos\u00e9s partout dans la communaut\u00e9 et, ensemble, ils cr\u00e9ent un parcours th\u00e9matique. Cette randonn\u00e9e traverse justement une petite section du Quilt Barn Trail, alors gardez l'\u0153il ouvert, car vous pourriez en apercevoir quelques autres le long de la route.&nbsp;<\/p>\n\n\n\n<p>Si vous recherchez une belle et courte randonn\u00e9e d'apr\u00e8s-midi comprenant une petite douceur sucr\u00e9e, c'est la sortie id\u00e9ale pour vous.&nbsp;<\/p>\n\n\n\n<p>77 kilom\u00e8tres l'aller-retour<br>Temps de selle total \u2013 66 minutes<\/p>\n\n\n\n<div class=\"wp-block-group is-nowrap is-layout-flex wp-container-core-group-is-layout-6c531013 wp-block-group-is-layout-flex\">\n<figure class=\"wp-block-image size-large is-resized\"><img loading=\"lazy\" decoding=\"async\" width=\"1024\" height=\"768\" src=\"https:\/\/spyderquest.com\/wp-content\/uploads\/2025\/03\/20230907_185607-1024x768.jpg\" alt=\"\" class=\"wp-image-3235\" style=\"width:419px;height:auto\" srcset=\"https:\/\/spyderquest.com\/wp-content\/uploads\/2025\/03\/20230907_185607-1024x768.jpg 1024w, https:\/\/spyderquest.com\/wp-content\/uploads\/2025\/03\/20230907_185607-300x225.jpg 300w, https:\/\/spyderquest.com\/wp-content\/uploads\/2025\/03\/20230907_185607-2000x1500.jpg 2000w, https:\/\/spyderquest.com\/wp-content\/uploads\/2025\/03\/20230907_185607-scaled-16x12.jpg 16w\" sizes=\"auto, (max-width: 1024px) 100vw, 1024px\" \/><\/figure>\n\n\n\n<figure class=\"wp-block-image size-large is-resized\"><img loading=\"lazy\" decoding=\"async\" width=\"576\" height=\"1024\" src=\"https:\/\/spyderquest.com\/wp-content\/uploads\/2025\/03\/20241011_172959-576x1024.jpg\" alt=\"\" class=\"wp-image-3237\" style=\"width:258px;height:auto\" srcset=\"https:\/\/spyderquest.com\/wp-content\/uploads\/2025\/03\/20241011_172959-576x1024.jpg 576w, https:\/\/spyderquest.com\/wp-content\/uploads\/2025\/03\/20241011_172959-169x300.jpg 169w, https:\/\/spyderquest.com\/wp-content\/uploads\/2025\/03\/20241011_172959-2000x3554.jpg 2000w, https:\/\/spyderquest.com\/wp-content\/uploads\/2025\/03\/20241011_172959-scaled-7x12.jpg 7w, https:\/\/spyderquest.com\/wp-content\/uploads\/2025\/03\/20241011_172959-scaled.jpg 1441w\" sizes=\"auto, (max-width: 576px) 100vw, 576px\" \/><\/figure>\n<\/div>\n\n\n\n<figure class=\"wp-block-image size-large\"><img loading=\"lazy\" decoding=\"async\" width=\"1024\" height=\"432\" src=\"https:\/\/spyderquest.com\/wp-content\/uploads\/2025\/12\/image-6-1024x432.jpeg\" alt=\"\" class=\"wp-image-3875\" srcset=\"https:\/\/spyderquest.com\/wp-content\/uploads\/2025\/12\/image-6-1024x432.jpeg 1024w, https:\/\/spyderquest.com\/wp-content\/uploads\/2025\/12\/image-6-300x127.jpeg 300w, https:\/\/spyderquest.com\/wp-content\/uploads\/2025\/12\/image-6-18x8.jpeg 18w, https:\/\/spyderquest.com\/wp-content\/uploads\/2025\/12\/image-6.jpeg 1600w\" sizes=\"auto, (max-width: 1024px) 100vw, 1024px\" \/><\/figure>\n\n\n\n<figure class=\"wp-block-image aligncenter size-large\"><img loading=\"lazy\" decoding=\"async\" width=\"1024\" height=\"634\" src=\"https:\/\/spyderquest.com\/wp-content\/uploads\/2026\/03\/Cropped_Logo_Can-Am_2025_main-stripes_rgb@4x-1024x634.png\" alt=\"\" class=\"wp-image-4144\" srcset=\"https:\/\/spyderquest.com\/wp-content\/uploads\/2026\/03\/Cropped_Logo_Can-Am_2025_main-stripes_rgb@4x-1024x634.png 1024w, https:\/\/spyderquest.com\/wp-content\/uploads\/2026\/03\/Cropped_Logo_Can-Am_2025_main-stripes_rgb@4x-300x186.png 300w, https:\/\/spyderquest.com\/wp-content\/uploads\/2026\/03\/Cropped_Logo_Can-Am_2025_main-stripes_rgb@4x-2000x1239.png 2000w, https:\/\/spyderquest.com\/wp-content\/uploads\/2026\/03\/Cropped_Logo_Can-Am_2025_main-stripes_rgb@4x-scaled-18x12.png 18w\" sizes=\"auto, (max-width: 1024px) 100vw, 1024px\" \/><\/figure>","protected":false},"excerpt":{"rendered":"<p>Presidents ride (Sponsored by Can-Am) Being the President of SpyderQuest isn\u2019t always all work, there\u2019s some fun involved as well. This ride is proudly sponsored by Can-Am, and to make the journey even sweeter, ice cream is on them! Join us on a ride led by our President and Tailgunned by our Vice President as &hellip; <\/p>\n<p class=\"link-more\"><a href=\"https:\/\/spyderquest.com\/fr\/presidents-ride-dinner\/\" class=\"more-link\">Read more<span class=\"screen-reader-text\"> &#8220;Presidents ride&#8221;<\/span><\/a><\/p>","protected":false},"author":1,"featured_media":0,"parent":0,"menu_order":0,"comment_status":"closed","ping_status":"closed","template":"custom-template","meta":{"bBlocksCursorData":"","inspiro_hide_title":false,"footnotes":""},"class_list":["post-2918","page","type-page","status-publish","hentry"],"featured_image_src":null,"_links":{"self":[{"href":"https:\/\/spyderquest.com\/fr\/wp-json\/wp\/v2\/pages\/2918","targetHints":{"allow":["GET"]}}],"collection":[{"href":"https:\/\/spyderquest.com\/fr\/wp-json\/wp\/v2\/pages"}],"about":[{"href":"https:\/\/spyderquest.com\/fr\/wp-json\/wp\/v2\/types\/page"}],"author":[{"embeddable":true,"href":"https:\/\/spyderquest.com\/fr\/wp-json\/wp\/v2\/users\/1"}],"replies":[{"embeddable":true,"href":"https:\/\/spyderquest.com\/fr\/wp-json\/wp\/v2\/comments?post=2918"}],"version-history":[{"count":11,"href":"https:\/\/spyderquest.com\/fr\/wp-json\/wp\/v2\/pages\/2918\/revisions"}],"predecessor-version":[{"id":4208,"href":"https:\/\/spyderquest.com\/fr\/wp-json\/wp\/v2\/pages\/2918\/revisions\/4208"}],"wp:attachment":[{"href":"https:\/\/spyderquest.com\/fr\/wp-json\/wp\/v2\/media?parent=2918"}],"curies":[{"name":"wp","href":"https:\/\/api.w.org\/{rel}","templated":true}]}}