{"id":2894,"date":"2025-03-02T11:15:30","date_gmt":"2025-03-02T16:15:30","guid":{"rendered":"https:\/\/spyderquest.com\/?page_id=2894"},"modified":"2026-03-27T10:56:55","modified_gmt":"2026-03-27T14:56:55","slug":"howes-cavern-cobleskill","status":"publish","type":"page","link":"https:\/\/spyderquest.com\/fr\/howes-cavern-cobleskill\/","title":{"rendered":"Historical Howes Caverns"},"content":{"rendered":"<p><strong>Historical Howes Caverns<\/strong><\/p>\n\n\n\n<p>Capitaine de la Randonn\u00e9e: Deb Heim<\/p>\n\n\n\n<p>($30.00 par personne)<br><\/p>\n\n\n\n<p>Howe Caverns est l'un de ces endroits o\u00f9, d\u00e8s l'entr\u00e9e, on a l'impression d'\u00eatre transport\u00e9 dans un autre monde.&nbsp;<\/p>\n\n\n\n<p>Chaque visite de Howe Caverns commence dans un ascenseur avec une descente de 156 pieds sous la surface de la terre.<br>De l\u00e0, votre p\u00e9riple commencera dans le bureau de Lester Howe, au-dessus du sol, o\u00f9 Howe lui-m\u00eame vous racontera l'histoire de la d\u00e9couverte de notre grande caverne. Vous traverserez l'\u00e9norme caverne principale, passerez par des galeries impressionnantes et marcherez sous d'immenses rochers suspendus de fa\u00e7on pr\u00e9caire au-dessus de vos t\u00eates. Vous longerez le fleuve Styx en vous arr\u00eatant pour admirer les merveilles du temple de Titan et de la Formation G\u00e9ante en route vers le lac de V\u00e9nus, o\u00f9 vous profiterez d'une courte et sereine balade en bateau. Votre visite se terminera par un arr\u00eat au romantique Autel de la Mari\u00e9e et par une marche palpitante \u00e0 travers les m\u00e9andres du Winding Way.<\/p>\n\n\n\n<p>*Quelques points \u00e0 noter \u2013<br>*La visite de la caverne comprend une marche de 1,25 mille ainsi qu'une balade en bateau de 0,25 mille. Il y a \u00e9galement 139 marches \u00e0 franchir tout au long du parcours.<br>*La caverne est \u00e0 une temp\u00e9rature constante de 52 \u00b0F (11 \u00b0C), il est donc recommand\u00e9 de porter une veste ou un coton ouat\u00e9 ainsi que des chaussures de marche confortables et ferm\u00e9es. Les tongs (gougounes) ne sont PAS autoris\u00e9es dans la caverne.<br>*La caverne n'est pas accessible aux personnes \u00e0 mobilit\u00e9 r\u00e9duite ; les fauteuils roulants et autres appareils \u00e0 roues ne sont pas autoris\u00e9s dans la caverne.<\/p>\n\n\n\n<p><\/p>\n\n\n\n<p>160 kilom\u00e8tres \u2013 environ 3.5 hours<\/p>\n\n\n\n<p><a href=\"https:\/\/howecaverns.com\/\">https:\/\/howecaverns.com\/<\/a><\/p>\n\n\n\n<figure class=\"wp-block-image size-full\"><img loading=\"lazy\" decoding=\"async\" width=\"590\" height=\"411\" src=\"https:\/\/spyderquest.com\/wp-content\/uploads\/2026\/02\/image.png\" alt=\"\" class=\"wp-image-4068\" srcset=\"https:\/\/spyderquest.com\/wp-content\/uploads\/2026\/02\/image.png 590w, https:\/\/spyderquest.com\/wp-content\/uploads\/2026\/02\/image-300x209.png 300w, https:\/\/spyderquest.com\/wp-content\/uploads\/2026\/02\/image-18x12.png 18w\" sizes=\"auto, (max-width: 590px) 100vw, 590px\" \/><\/figure>\n\n\n\n<figure class=\"wp-block-image size-large\"><img loading=\"lazy\" decoding=\"async\" width=\"1024\" height=\"662\" src=\"https:\/\/spyderquest.com\/wp-content\/uploads\/2025\/12\/image-7-1024x662.png\" alt=\"\" class=\"wp-image-3953\" srcset=\"https:\/\/spyderquest.com\/wp-content\/uploads\/2025\/12\/image-7-1024x662.png 1024w, https:\/\/spyderquest.com\/wp-content\/uploads\/2025\/12\/image-7-300x194.png 300w, https:\/\/spyderquest.com\/wp-content\/uploads\/2025\/12\/image-7-18x12.png 18w, https:\/\/spyderquest.com\/wp-content\/uploads\/2025\/12\/image-7.png 1280w\" sizes=\"auto, (max-width: 1024px) 100vw, 1024px\" \/><\/figure>\n\n\n\n<figure class=\"wp-block-image size-large\"><img loading=\"lazy\" decoding=\"async\" width=\"1024\" height=\"875\" src=\"https:\/\/spyderquest.com\/wp-content\/uploads\/2025\/12\/image-14-1024x875.jpeg\" alt=\"\" class=\"wp-image-3954\" srcset=\"https:\/\/spyderquest.com\/wp-content\/uploads\/2025\/12\/image-14-1024x875.jpeg 1024w, https:\/\/spyderquest.com\/wp-content\/uploads\/2025\/12\/image-14-300x256.jpeg 300w, https:\/\/spyderquest.com\/wp-content\/uploads\/2025\/12\/image-14-14x12.jpeg 14w, https:\/\/spyderquest.com\/wp-content\/uploads\/2025\/12\/image-14.jpeg 1600w\" sizes=\"auto, (max-width: 1024px) 100vw, 1024px\" \/><\/figure>\n\n\n\n<figure class=\"wp-block-image size-large\"><img loading=\"lazy\" decoding=\"async\" width=\"1024\" height=\"845\" src=\"https:\/\/spyderquest.com\/wp-content\/uploads\/2026\/02\/image-1024x845.jpeg\" alt=\"\" class=\"wp-image-4066\" srcset=\"https:\/\/spyderquest.com\/wp-content\/uploads\/2026\/02\/image-1024x845.jpeg 1024w, https:\/\/spyderquest.com\/wp-content\/uploads\/2026\/02\/image-300x248.jpeg 300w, https:\/\/spyderquest.com\/wp-content\/uploads\/2026\/02\/image-15x12.jpeg 15w, https:\/\/spyderquest.com\/wp-content\/uploads\/2026\/02\/image.jpeg 1600w\" sizes=\"auto, (max-width: 1024px) 100vw, 1024px\" \/><\/figure>","protected":false},"excerpt":{"rendered":"<p>Historical Howes Caverns Ride Captain: Deb Heim ($30.00 per person) Howe Caverns is one of those places that upon entering you feel like you have been transported to another world.&nbsp; Every tour of Howe Caverns begins in an elevator with a 156 ft descent below the earth\u2019s surface.From there your journey will begin in Lester &hellip; <\/p>\n<p class=\"link-more\"><a href=\"https:\/\/spyderquest.com\/fr\/howes-cavern-cobleskill\/\" class=\"more-link\">Read more<span class=\"screen-reader-text\"> &#8220;Historical Howes Caverns&#8221;<\/span><\/a><\/p>","protected":false},"author":1,"featured_media":0,"parent":0,"menu_order":0,"comment_status":"closed","ping_status":"closed","template":"custom-template","meta":{"bBlocksCursorData":"","inspiro_hide_title":false,"footnotes":""},"class_list":["post-2894","page","type-page","status-publish","hentry"],"featured_image_src":null,"_links":{"self":[{"href":"https:\/\/spyderquest.com\/fr\/wp-json\/wp\/v2\/pages\/2894","targetHints":{"allow":["GET"]}}],"collection":[{"href":"https:\/\/spyderquest.com\/fr\/wp-json\/wp\/v2\/pages"}],"about":[{"href":"https:\/\/spyderquest.com\/fr\/wp-json\/wp\/v2\/types\/page"}],"author":[{"embeddable":true,"href":"https:\/\/spyderquest.com\/fr\/wp-json\/wp\/v2\/users\/1"}],"replies":[{"embeddable":true,"href":"https:\/\/spyderquest.com\/fr\/wp-json\/wp\/v2\/comments?post=2894"}],"version-history":[{"count":27,"href":"https:\/\/spyderquest.com\/fr\/wp-json\/wp\/v2\/pages\/2894\/revisions"}],"predecessor-version":[{"id":4139,"href":"https:\/\/spyderquest.com\/fr\/wp-json\/wp\/v2\/pages\/2894\/revisions\/4139"}],"wp:attachment":[{"href":"https:\/\/spyderquest.com\/fr\/wp-json\/wp\/v2\/media?parent=2894"}],"curies":[{"name":"wp","href":"https:\/\/api.w.org\/{rel}","templated":true}]}}