{"id":28,"date":"2017-12-13T22:02:46","date_gmt":"2017-12-13T22:02:46","guid":{"rendered":"https:\/\/spyderquest.com\/?page_id=28"},"modified":"2025-12-07T17:51:38","modified_gmt":"2025-12-07T22:51:38","slug":"itinerary","status":"publish","type":"page","link":"https:\/\/spyderquest.com\/fr\/itinerary\/","title":{"rendered":"Horaire"},"content":{"rendered":"<div id=\"mega-menu-wrap-primary\" class=\"mega-menu-wrap\"><div class=\"mega-menu-toggle\"><div class=\"mega-toggle-blocks-left\"><div class='mega-toggle-block mega-menu-toggle-animated-block mega-toggle-block-1' id='mega-toggle-block-1'><button aria-controls=\"mega-menu-primary\" aria-expanded=\"false\" aria-haspopup=\"true\" aria-label=\"Menu\" class=\"mega-toggle-animated mega-toggle-animated-slider\" type=\"button\">\n                  <span class=\"mega-toggle-animated-box\">\n                    <span class=\"mega-toggle-animated-inner\"><\/span>\n                  <\/span>\n                <\/button><\/div><\/div><div class=\"mega-toggle-blocks-center\"><\/div><div class=\"mega-toggle-blocks-right\"><\/div><\/div><ul id=\"mega-menu-primary\" class=\"mega-menu max-mega-menu mega-menu-horizontal mega-no-js\" data-event=\"hover_intent\" data-effect=\"fade_up\" data-effect-speed=\"200\" data-effect-mobile=\"disabled\" data-effect-speed-mobile=\"0\" data-mobile-force-width=\"false\" data-second-click=\"go\" data-document-click=\"collapse\" data-vertical-behaviour=\"standard\" data-breakpoint=\"768\" data-unbind=\"true\" data-mobile-state=\"collapse_all\" data-mobile-direction=\"vertical\"><li class=\"mega-menu-item mega-menu-item-type-post_type mega-menu-item-object-page mega-menu-item-home mega-align-bottom-left mega-menu-flyout mega-has-icon mega-icon-left mega-menu-item-2244\" id=\"mega-menu-item-2244\"><a class=\"dashicons-admin-home mega-menu-link\" href=\"https:\/\/spyderquest.com\/fr\/\">Accueil<\/a><\/li><li class=\"mega-menu-item mega-menu-item-type-post_type mega-menu-item-object-page mega-align-bottom-left mega-menu-flyout mega-menu-item-2283\" id=\"mega-menu-item-2283\"><a class=\"mega-menu-link\" href=\"https:\/\/spyderquest.com\/fr\/vendors-sponsors-donations\/\">Commanditaires<\/a><\/li><li class=\"mega-menu-item mega-menu-item-type-post_type mega-menu-item-object-page mega-align-bottom-left mega-menu-flyout mega-menu-item-2247\" id=\"mega-menu-item-2247\"><a class=\"mega-menu-link\" href=\"https:\/\/spyderquest.com\/fr\/itinerary\/\">Horaire<\/a><\/li><li class=\"mega-menu-item mega-menu-item-type-post_type mega-menu-item-object-page mega-align-bottom-left mega-menu-flyout mega-menu-item-2248\" id=\"mega-menu-item-2248\"><a class=\"mega-menu-link\" href=\"https:\/\/spyderquest.com\/fr\/online-registration\/\">Inscription en ligne<\/a><\/li><li class=\"mega-menu-item mega-menu-item-type-post_type mega-menu-item-object-page mega-align-bottom-left mega-menu-flyout mega-menu-item-2249\" id=\"mega-menu-item-2249\"><a class=\"mega-menu-link\" href=\"https:\/\/spyderquest.com\/fr\/pictures\/\">Images<\/a><\/li><li class=\"mega-menu-item mega-menu-item-type-post_type mega-menu-item-object-page mega-align-bottom-left mega-menu-flyout mega-menu-item-2253\" id=\"mega-menu-item-2253\"><a class=\"mega-menu-link\" href=\"https:\/\/spyderquest.com\/fr\/where-to-stay\/\">H\u00e9bergement<\/a><\/li><li class=\"mega-menu-item mega-menu-item-type-post_type mega-menu-item-object-page mega-align-bottom-left mega-menu-flyout mega-menu-item-2245\" id=\"mega-menu-item-2245\"><a class=\"mega-menu-link\" href=\"https:\/\/spyderquest.com\/fr\/contact\/\">Nous joindre<\/a><\/li><li class=\"mega-menu-item mega-menu-item-type-post_type mega-menu-item-object-page mega-align-bottom-left mega-menu-flyout mega-menu-item-2926\" id=\"mega-menu-item-2926\"><a class=\"mega-menu-link\" href=\"https:\/\/spyderquest.com\/fr\/charity\/\">Ouvre de bienfaisance<\/a><\/li><li class=\"mega-menu-item mega-menu-item-type-post_type mega-menu-item-object-page mega-align-bottom-left mega-menu-flyout mega-menu-item-2931\" id=\"mega-menu-item-2931\"><a class=\"mega-menu-link\" href=\"https:\/\/spyderquest.com\/fr\/thank-you\/\">Merci<\/a><\/li><li class=\"mega-menu-item mega-menu-item-type-post_type mega-menu-item-object-page mega-align-bottom-left mega-menu-flyout mega-menu-item-2932\" id=\"mega-menu-item-2932\"><a class=\"mega-menu-link\" href=\"https:\/\/spyderquest.com\/fr\/things-to-do\/\">Choses \u00e0 faire<\/a><\/li><li class=\"mega-menu-item mega-menu-item-type-post_type mega-menu-item-object-page mega-align-bottom-left mega-menu-flyout mega-menu-item-2246\" id=\"mega-menu-item-2246\"><a class=\"mega-menu-link\" href=\"https:\/\/spyderquest.com\/fr\/vendor-form\/\">FAQ<\/a><\/li><li class=\"mega-menu-item mega-menu-item-type-post_type mega-menu-item-object-page mega-align-bottom-left mega-menu-flyout mega-menu-item-2251\" id=\"mega-menu-item-2251\"><a class=\"mega-menu-link\" href=\"https:\/\/spyderquest.com\/fr\/safety\/\">S\u00e9curit\u00e9<\/a><\/li><\/ul><\/div>\n\n\n<div style=\"height:67px\" aria-hidden=\"true\" class=\"wp-block-spacer\"><\/div>\n\n\n<div\r\n\t\tclass=\"free align wp-block-b-blocks-animated-text\"\tid='bBlocksAnimatedText-1'\r\n\tdata-attributes='{&quot;cId&quot;:&quot;2581954e-c&quot;,&quot;animateIn&quot;:&quot;word&quot;,&quot;content&quot;:&quot;Click On The Hyper-Link (Blue Underlined Words) To View More Details&quot;,&quot;color&quot;:&quot;rgba(136, 227, 221, 1)&quot;,&quot;align&quot;:&quot;&quot;,&quot;loop&quot;:true,&quot;inEffect&quot;:&quot;fadeInLeftBig&quot;,&quot;inSequence&quot;:&quot;default&quot;,&quot;outEffect&quot;:&quot;rollOut&quot;,&quot;outSequence&quot;:&quot;shuffle&quot;,&quot;textAlign&quot;:&quot;center&quot;,&quot;background&quot;:{&quot;color&quot;:&quot;#0000&quot;},&quot;typography&quot;:{&quot;fontSize&quot;:{&quot;desktop&quot;:&quot;22px&quot;,&quot;tablet&quot;:&quot;20px&quot;,&quot;mobile&quot;:&quot;18px&quot;}},&quot;padding&quot;:{&quot;vertical&quot;:&quot;15px&quot;,&quot;horizontal&quot;:&quot;15px&quot;},&quot;border&quot;:{&quot;radius&quot;:&quot;5px&quot;},&quot;TrpContentRestriction&quot;:{&quot;restriction_type&quot;:&quot;exclude&quot;,&quot;selected_languages&quot;:[],&quot;panel_open&quot;:true}}'\r\n><\/div>\n\n\n<div style=\"height:47px\" aria-hidden=\"true\" class=\"wp-block-spacer\"><\/div>\n\n\n\n<p class=\"has-text-align-center has-large-font-size\"><strong>Mardi le 2 septembre 2025<\/strong><\/p>\n\n\n\n<p class=\"has-text-align-center\"><strong>10:00 \u2013 17:00 <strong>\u2014<\/strong><\/strong> <strong><a href=\"https:\/\/spyderquest.com\/fr\/vendors\/\">Espace des commanditaires ouvert<\/a><\/strong> (Stationnement \u00e0 gauche de l'h\u00f4tel)<\/p>\n\n\n\n<p class=\"has-text-align-center\"><strong>10:00 \u2013 17:00 \u2014 <a href=\"https:\/\/spyderquest.com\/fr\/sign-in-tuesday\/\">Enregistrement<\/a><\/strong> (Salle Rouge, c\u00f4t\u00e9 droit du Lobby)<\/p>\n\n\n\n<p class=\"has-text-align-center\"><\/p>\n\n\n\n<p class=\"has-text-align-center has-large-font-size\"><strong>Mercredi<\/strong><\/p>\n\n\n\n<p class=\"has-text-align-center\"><strong>10:00 \u2013 17:00 <strong>\u2014<\/strong><\/strong><a href=\"https:\/\/spyderquest.com\/fr\/vendors\/\"> <strong>Espace des commanditaires ouvert<\/strong><\/a> (Stationnement \u00e0 gauche de l'h\u00f4tel)<\/p>\n\n\n\n<p class=\"has-text-align-center\"><strong>10:00 \u2013 17:00 \u2014 <a href=\"https:\/\/spyderquest.com\/fr\/sign-in-wednesday\/\">Enregistrement<\/a><\/strong> (Salle Rouge, c\u00f4t\u00e9 droit du Lobby)<\/p>\n\n\n\n<p class=\"has-text-align-center\"><strong>17:00 \u2013 22:30 \u2014 <a href=\"https:\/\/spyderquest.com\/fr\/open-ceremony\/\">C\u00e9r\u00e9monie d'ouverture<\/a><\/strong> (Salle de Bal)<\/p>\n\n\n\n<p class=\"has-text-align-center has-large-font-size\"><strong>Jeudi<\/strong><\/p>\n\n\n\n<p class=\"has-text-align-center\"><strong>6:45 \u2014 <a href=\"https:\/\/spyderquest.com\/fr\/thursday-rides\/\">Randonn\u00e9es guid\u00e9es<\/a><\/strong> (Voir Emplacement de d\u00e9part dans votre trousse de bienvenue)<\/p>\n\n\n\n<p class=\"has-text-align-center\"><strong>10:00 \u2013 17:00 <strong>\u2014<\/strong> <a href=\"https:\/\/spyderquest.com\/fr\/vendors\/\">Espace des commanditaires ouvert<\/a><\/strong> (Stationnement \u00e0 gauche de l'h\u00f4tel)<\/p>\n\n\n\n<p class=\"has-text-align-center\"><strong>10:00 \u2013 15:00 environ <strong>\u2014<\/strong><a href=\"https:\/\/spyderquest.com\/fr\/sign-in-thursday\/\">Enregistrement<\/a><\/strong> (Salle Rouge, c\u00f4t\u00e9 droit du Lobby)<\/p>\n\n\n\n<p class=\"has-text-align-center\"><strong>7:00pm \u2014 <a href=\"https:\/\/spyderquest.com\/fr\/light-parade\/\">D\u00e9fil\u00e9 des lumi\u00e8res<\/a><\/strong> (Start flag 1)<\/p>\n\n\n\n<p class=\"has-text-align-center\"><\/p>\n\n\n\n<p><\/p>\n\n\n\n<p class=\"has-text-align-center has-large-font-size\"><strong>Vendredi<\/strong> <\/p>\n\n\n\n<p class=\"has-text-align-center\"><strong>6:45 \u2014 <a href=\"https:\/\/spyderquest.com\/fr\/friday-rides\/\">Randonn\u00e9es guid\u00e9es<\/a><\/strong> (Voir Emplacement de d\u00e9part dans votre trousse de bienvenue)<\/p>\n\n\n\n<p class=\"has-text-align-center\"><strong>10:00 \u2013 17:00 <strong>\u2014<\/strong> <a href=\"https:\/\/spyderquest.com\/fr\/vendors\/\">Espace des commanditaires ouvert<\/a> <\/strong>(Stationnement \u00e0 gauche de l'h\u00f4tel)<\/p>\n\n\n\n<p class=\"has-text-align-center\"><strong>Midi \u2013 15:00 <strong><strong>\u2014<\/strong><\/strong> <a href=\"https:\/\/spyderquest.com\/fr\/dax-powersports-lunch\/\">DAX Powersports<\/a> (Anciennement Progressive Motorsports)<\/strong> (Chez DAX)<\/p>\n\n\n\n<p class=\"has-text-align-center\"><strong>6:00pm &#8211; 10:00pm \u2014 <a href=\"https:\/\/spyderquest.com\/fr\/halloween-party\/\">Halloween&nbsp;party<\/a><\/strong> <\/p>\n\n\n\n<p class=\"has-text-align-center\"><\/p>\n\n\n\n<p><\/p>\n\n\n\n<p class=\"has-text-align-center has-large-font-size\"><strong>Samedi<\/strong><\/p>\n\n\n\n<p class=\"has-text-align-center\"><strong>6:45 \u2014 <a href=\"https:\/\/spyderquest.com\/fr\/saturday-rides\/\">Randonn\u00e9es guid\u00e9es<\/a><\/strong> (Voir Emplacement de d\u00e9part dans votre trousse de bienvenue)<\/p>\n\n\n\n<p class=\"has-text-align-center\"><strong>9:00 \u2013 midi <strong>\u2014<\/strong> <a href=\"https:\/\/spyderquest.com\/fr\/vendors-saturday\/\">Espace des commanditaires ouvert<\/a><\/strong> (Stationnement \u00e0 gauche de l'h\u00f4tel)<\/p>\n\n\n\n<p class=\"has-text-align-center\"><strong>17:00 \u2013 21:30 \u2014 <a href=\"https:\/\/spyderquest.com\/fr\/closing-ceremony\/\">C\u00e9r\u00e9monie de cl\u00f4ture :<\/a>Souper \/ Farkle Bingo<\/strong> (Salle de Bal)<\/p>\n\n\n\n<p class=\"has-text-align-center\"><\/p>\n\n\n\n<div style=\"height:100px\" aria-hidden=\"true\" class=\"wp-block-spacer\"><\/div>\n\n\n\n<p><\/p>\n\n\n\n<p class=\"has-text-align-center has-huge-font-size\"><strong>Comment nous organisons nos randonn\u00e9es<\/strong><\/p>\n\n\n\n<p class=\"has-medium-font-size\"> Nous utilisons un capitaine de pilotage, qui dirigera le trajet et nous utilisons un tireur de queue pour aider \u00e0 garder le tour ensemble. Regardez la vid\u00e9o ci-dessous pour voir ce qu'on a besoin de vous. Nous le faisons depuis de nombreuses ann\u00e9es et tant que tout le monde fait leur part, les man\u00e8ges se passent parfaitement.<\/p>\n\n\n\n<p><\/p>\n\n\n\n<figure class=\"wp-block-embed aligncenter is-type-video is-provider-youtube wp-block-embed-youtube wp-embed-aspect-16-9 wp-has-aspect-ratio\"><div class=\"wp-block-embed__wrapper\">\n<iframe loading=\"lazy\" title=\"Ryde Spotter (SpyderQuest)\" width=\"950\" height=\"534\" src=\"https:\/\/www.youtube.com\/embed\/o87o0V-bUtU?feature=oembed\" frameborder=\"0\" allow=\"accelerometer; autoplay; clipboard-write; encrypted-media; gyroscope; picture-in-picture; web-share\" referrerpolicy=\"strict-origin-when-cross-origin\" allowfullscreen><\/iframe>\n<\/div><\/figure>","protected":false},"excerpt":{"rendered":"<p>Tuesday: 9:00am-5:00pm \u2014 Vendor Area Open (Parking Lot left side of Hotel) 10:00am-5:00pm \u2014- Sign In (Red Room, Right side of Lobby) Wednesday: 9:00am-5:00pm \u2014 Vendor Area Open (Parking Lot left side of Hotel) 10:00am-5:00pm \u2014 Sign In (Red Room, Right side of Lobby) 5:00pm &#8211; 10:30pm \u2014 Opening Ceremony (Ball Room) Thursday: 6:45am &#8211; &hellip; <\/p>\n<p class=\"link-more\"><a href=\"https:\/\/spyderquest.com\/fr\/itinerary\/\" class=\"more-link\">Read more<span class=\"screen-reader-text\"> &#8220;ITINERARY&#8221;<\/span><\/a><\/p>","protected":false},"author":1,"featured_media":0,"parent":0,"menu_order":0,"comment_status":"closed","ping_status":"closed","template":"custom-template","meta":{"bBlocksCursorData":"","inspiro_hide_title":false,"footnotes":""},"class_list":["post-28","page","type-page","status-publish","hentry"],"featured_image_src":null,"_links":{"self":[{"href":"https:\/\/spyderquest.com\/fr\/wp-json\/wp\/v2\/pages\/28","targetHints":{"allow":["GET"]}}],"collection":[{"href":"https:\/\/spyderquest.com\/fr\/wp-json\/wp\/v2\/pages"}],"about":[{"href":"https:\/\/spyderquest.com\/fr\/wp-json\/wp\/v2\/types\/page"}],"author":[{"embeddable":true,"href":"https:\/\/spyderquest.com\/fr\/wp-json\/wp\/v2\/users\/1"}],"replies":[{"embeddable":true,"href":"https:\/\/spyderquest.com\/fr\/wp-json\/wp\/v2\/comments?post=28"}],"version-history":[{"count":162,"href":"https:\/\/spyderquest.com\/fr\/wp-json\/wp\/v2\/pages\/28\/revisions"}],"predecessor-version":[{"id":3998,"href":"https:\/\/spyderquest.com\/fr\/wp-json\/wp\/v2\/pages\/28\/revisions\/3998"}],"wp:attachment":[{"href":"https:\/\/spyderquest.com\/fr\/wp-json\/wp\/v2\/media?parent=28"}],"curies":[{"name":"wp","href":"https:\/\/api.w.org\/{rel}","templated":true}]}}