{"id":2476,"date":"2024-03-06T19:36:12","date_gmt":"2024-03-07T00:36:12","guid":{"rendered":"https:\/\/spyderquest.com\/?page_id=2476"},"modified":"2025-12-17T16:58:19","modified_gmt":"2025-12-17T21:58:19","slug":"star-trek-experience","status":"publish","type":"page","link":"https:\/\/spyderquest.com\/fr\/star-trek-experience\/","title":{"rendered":"Star Trek Experience"},"content":{"rendered":"<p><strong>Star Trek Experience<\/strong><\/p>\n\n\n\n<p>Capitaine de la Randonn\u00e9e : Roger Heim<\/p>\n\n\n\n<p>Nous allons prendre la route sc\u00e9nique jusqu\u2019\u00e0 Ticonderoga, NY, pour aller visitez l\u2019exposition Star Trek Experience ou vous pourriez voir certain d\u00e9cor de film de la s\u00e9rie original de t\u00e9l\u00e9vision Star Trek qui ont \u00e9t\u00e9 reconstruis selon les plans originaux<\/p>\n\n\n\n<p>This ride will end at DAX Powersports in Queensbury for a free catered lunch.&nbsp;<\/p>\n\n\n\n<p>(<strong>$20.00 par personne<\/strong>)<\/p>\n\n\n\n<p><a href=\"http:\/\/www.startrektour.com\/\">http:\/\/www.startrektour.com\/<\/a><\/p>\n\n\n\n<figure class=\"wp-block-image size-full\"><img loading=\"lazy\" decoding=\"async\" width=\"399\" height=\"299\" src=\"https:\/\/spyderquest.com\/wp-content\/uploads\/2024\/03\/Star_Trek-The_Experience_sign.webp\" alt=\"\" class=\"wp-image-2477\" srcset=\"https:\/\/spyderquest.com\/wp-content\/uploads\/2024\/03\/Star_Trek-The_Experience_sign.webp 399w, https:\/\/spyderquest.com\/wp-content\/uploads\/2024\/03\/Star_Trek-The_Experience_sign-300x225.webp 300w, https:\/\/spyderquest.com\/wp-content\/uploads\/2024\/03\/Star_Trek-The_Experience_sign-16x12.webp 16w\" sizes=\"auto, (max-width: 399px) 100vw, 399px\" \/><\/figure>\n\n\n\n<figure class=\"wp-block-image size-large\"><img loading=\"lazy\" decoding=\"async\" width=\"1024\" height=\"376\" src=\"https:\/\/spyderquest.com\/wp-content\/uploads\/2025\/12\/image-34-1024x376.jpeg\" alt=\"\" class=\"wp-image-3987\" srcset=\"https:\/\/spyderquest.com\/wp-content\/uploads\/2025\/12\/image-34-1024x376.jpeg 1024w, https:\/\/spyderquest.com\/wp-content\/uploads\/2025\/12\/image-34-300x110.jpeg 300w, https:\/\/spyderquest.com\/wp-content\/uploads\/2025\/12\/image-34-18x7.jpeg 18w, https:\/\/spyderquest.com\/wp-content\/uploads\/2025\/12\/image-34.jpeg 1600w\" sizes=\"auto, (max-width: 1024px) 100vw, 1024px\" \/><\/figure>\n\n\n\n<p><\/p>","protected":false},"excerpt":{"rendered":"<p>Star Trek Experience Ride Captain: Roger Heim Take a scenic ride up around Lake George to Ticonderoga NY. Tour through the Star Trek experience where sets from the original Star Trek tv series have been rebuilt. All the sets are complete recreations built using the original blueprints and hundreds of hours of serious research. This &hellip; <\/p>\n<p class=\"link-more\"><a href=\"https:\/\/spyderquest.com\/fr\/star-trek-experience\/\" class=\"more-link\">Read more<span class=\"screen-reader-text\"> &#8220;Star Trek Experience&#8221;<\/span><\/a><\/p>","protected":false},"author":1,"featured_media":0,"parent":0,"menu_order":0,"comment_status":"closed","ping_status":"closed","template":"custom-template","meta":{"bBlocksCursorData":"","inspiro_hide_title":false,"footnotes":""},"class_list":["post-2476","page","type-page","status-publish","hentry"],"featured_image_src":null,"_links":{"self":[{"href":"https:\/\/spyderquest.com\/fr\/wp-json\/wp\/v2\/pages\/2476","targetHints":{"allow":["GET"]}}],"collection":[{"href":"https:\/\/spyderquest.com\/fr\/wp-json\/wp\/v2\/pages"}],"about":[{"href":"https:\/\/spyderquest.com\/fr\/wp-json\/wp\/v2\/types\/page"}],"author":[{"embeddable":true,"href":"https:\/\/spyderquest.com\/fr\/wp-json\/wp\/v2\/users\/1"}],"replies":[{"embeddable":true,"href":"https:\/\/spyderquest.com\/fr\/wp-json\/wp\/v2\/comments?post=2476"}],"version-history":[{"count":11,"href":"https:\/\/spyderquest.com\/fr\/wp-json\/wp\/v2\/pages\/2476\/revisions"}],"predecessor-version":[{"id":3988,"href":"https:\/\/spyderquest.com\/fr\/wp-json\/wp\/v2\/pages\/2476\/revisions\/3988"}],"wp:attachment":[{"href":"https:\/\/spyderquest.com\/fr\/wp-json\/wp\/v2\/media?parent=2476"}],"curies":[{"name":"wp","href":"https:\/\/api.w.org\/{rel}","templated":true}]}}