{"id":2470,"date":"2024-03-06T19:27:43","date_gmt":"2024-03-07T00:27:43","guid":{"rendered":"https:\/\/spyderquest.com\/?page_id=2470"},"modified":"2026-04-22T18:03:32","modified_gmt":"2026-04-22T22:03:32","slug":"lake-george-loop","status":"publish","type":"page","link":"https:\/\/spyderquest.com\/fr\/lake-george-loop\/","title":{"rendered":"Lake George Loop"},"content":{"rendered":"<p><strong>Lake George Loop<\/strong><\/p>\n\n\n\n<p>Capitaine de la Randonn\u00e9e : Robert Gilbert<\/p>\n\n\n\n<p>Cette randonn\u00e9e a tout pour plaire - des lacs, des rivi\u00e8res, des montagnes, des ponts, un fort historique et le berceau de la marine am\u00e9ricaine.&nbsp;<\/p>\n\n\n\n<p>Si vous cherchez un parcours qui offre un peu de tout ce que les Adirondacks ont de mieux, vous ne serez pas d\u00e9\u00e7u.&nbsp;<\/p>\n\n\n\n<p>Nous partirons par Greenfield vers Hadley, o\u00f9 nous traverserons un monument historique, l'un des derniers ponts paraboliques encore existants aujourd'hui : le pont parabolique de Hadley (le pont Bow de Hadley), construit en 1885. En nous enfon\u00e7ant davantage dans les montagnes grandioses des Adirondacks et toute leur beaut\u00e9 renomm\u00e9e, nous arriverons \u00e0 Warrensburg, surtout connue pour accueillir \u00ab la plus grande vente de garage au monde \u00bb. De l\u00e0, nous nous aventurerons par Brant Lake en direction de Ticonderoga. Cette ville abrite un autre monument historique, le Fort Ticonderoga, qui a jou\u00e9 un r\u00f4le essentiel en changeant le cours de la R\u00e9volution am\u00e9ricaine. Nous poursuivrons notre p\u00e9riple vers Whitehall, le berceau de la marine am\u00e9ricaine et le centre du commerce maritime. Tout cela, sans m\u00eame mentionner les lacs et les rivi\u00e8res que nous croiserons, qui confirment qu'il n'existe aucun endroit aussi exquis que les Adirondacks.<\/p>\n\n\n\n<p>Apr\u00e8s avoir fait le plein de beaut\u00e9 pure et \u00e9poustouflante tout au long de ce parcours, venez vous rassasier. Cette randonn\u00e9e se terminera chez DAX Powersports \u00e0 Queensbury pour un d\u00eener traiteur gratuit.&nbsp;<\/p>\n\n\n\n<p>La randonn\u00e9e se termine chez DAX.<\/p>\n\n\n\n<p>220 kilom\u00e8tres l'aller-retour<br>3 h 30 de dur\u00e9e totale du trajet<br>3 h de temps de selle total<br>1 h 30 de randonn\u00e9e<br>Pause de 20 \u00e0 30 min<br>1 h 30 de randonn\u00e9e vers DAX&nbsp;<\/p>\n\n\n\n<figure class=\"wp-block-image size-large is-resized\"><img loading=\"lazy\" decoding=\"async\" width=\"1024\" height=\"537\" src=\"https:\/\/spyderquest.com\/wp-content\/uploads\/2024\/03\/lake-george-overlook-1024x537.jpg\" alt=\"\" class=\"wp-image-2471\" style=\"width:887px;height:auto\" srcset=\"https:\/\/spyderquest.com\/wp-content\/uploads\/2024\/03\/lake-george-overlook-1024x537.jpg 1024w, https:\/\/spyderquest.com\/wp-content\/uploads\/2024\/03\/lake-george-overlook-300x157.jpg 300w, https:\/\/spyderquest.com\/wp-content\/uploads\/2024\/03\/lake-george-overlook-18x9.jpg 18w, https:\/\/spyderquest.com\/wp-content\/uploads\/2024\/03\/lake-george-overlook.jpg 1200w\" sizes=\"auto, (max-width: 1024px) 100vw, 1024px\" \/><\/figure>\n\n\n\n<figure class=\"wp-block-image size-large\"><img loading=\"lazy\" decoding=\"async\" width=\"1024\" height=\"768\" src=\"https:\/\/spyderquest.com\/wp-content\/uploads\/2025\/12\/image-15-1024x768.jpeg\" alt=\"\" class=\"wp-image-3956\" srcset=\"https:\/\/spyderquest.com\/wp-content\/uploads\/2025\/12\/image-15-1024x768.jpeg 1024w, https:\/\/spyderquest.com\/wp-content\/uploads\/2025\/12\/image-15-300x225.jpeg 300w, https:\/\/spyderquest.com\/wp-content\/uploads\/2025\/12\/image-15-16x12.jpeg 16w, https:\/\/spyderquest.com\/wp-content\/uploads\/2025\/12\/image-15.jpeg 1600w\" sizes=\"auto, (max-width: 1024px) 100vw, 1024px\" \/><\/figure>\n\n\n\n<figure class=\"wp-block-image size-full\"><img loading=\"lazy\" decoding=\"async\" width=\"720\" height=\"960\" src=\"https:\/\/spyderquest.com\/wp-content\/uploads\/2025\/12\/image-16.jpeg\" alt=\"\" class=\"wp-image-3957\" srcset=\"https:\/\/spyderquest.com\/wp-content\/uploads\/2025\/12\/image-16.jpeg 720w, https:\/\/spyderquest.com\/wp-content\/uploads\/2025\/12\/image-16-225x300.jpeg 225w, https:\/\/spyderquest.com\/wp-content\/uploads\/2025\/12\/image-16-9x12.jpeg 9w\" sizes=\"auto, (max-width: 720px) 100vw, 720px\" \/><\/figure>","protected":false},"excerpt":{"rendered":"<p>Lake George Loop Ride Captain: Robert Gilbert This ride has it all &#8211; Lakes, Rivers, Mountains, Bridges, a Historic Fort and the Birthplace of the United States Navy.&nbsp; If you are looking for a ride that has a bit of everything \u201cAdirondack\u201d you won\u2019t be disappointed.&nbsp; We will be heading out through Greenfield, to Hadley &hellip; <\/p>\n<p class=\"link-more\"><a href=\"https:\/\/spyderquest.com\/fr\/lake-george-loop\/\" class=\"more-link\">Read more<span class=\"screen-reader-text\"> &#8220;Lake George Loop&#8221;<\/span><\/a><\/p>","protected":false},"author":1,"featured_media":0,"parent":0,"menu_order":0,"comment_status":"closed","ping_status":"closed","template":"custom-template","meta":{"bBlocksCursorData":"","inspiro_hide_title":false,"footnotes":""},"class_list":["post-2470","page","type-page","status-publish","hentry"],"featured_image_src":null,"_links":{"self":[{"href":"https:\/\/spyderquest.com\/fr\/wp-json\/wp\/v2\/pages\/2470","targetHints":{"allow":["GET"]}}],"collection":[{"href":"https:\/\/spyderquest.com\/fr\/wp-json\/wp\/v2\/pages"}],"about":[{"href":"https:\/\/spyderquest.com\/fr\/wp-json\/wp\/v2\/types\/page"}],"author":[{"embeddable":true,"href":"https:\/\/spyderquest.com\/fr\/wp-json\/wp\/v2\/users\/1"}],"replies":[{"embeddable":true,"href":"https:\/\/spyderquest.com\/fr\/wp-json\/wp\/v2\/comments?post=2470"}],"version-history":[{"count":7,"href":"https:\/\/spyderquest.com\/fr\/wp-json\/wp\/v2\/pages\/2470\/revisions"}],"predecessor-version":[{"id":4295,"href":"https:\/\/spyderquest.com\/fr\/wp-json\/wp\/v2\/pages\/2470\/revisions\/4295"}],"wp:attachment":[{"href":"https:\/\/spyderquest.com\/fr\/wp-json\/wp\/v2\/media?parent=2470"}],"curies":[{"name":"wp","href":"https:\/\/api.w.org\/{rel}","templated":true}]}}