{"id":2461,"date":"2024-03-06T19:21:09","date_gmt":"2024-03-07T00:21:09","guid":{"rendered":"https:\/\/spyderquest.com\/?page_id=2461"},"modified":"2025-12-17T16:39:29","modified_gmt":"2025-12-17T21:39:29","slug":"salem-art-park-scoot","status":"publish","type":"page","link":"https:\/\/spyderquest.com\/fr\/salem-art-park-scoot\/","title":{"rendered":"Salem Art Park &#8211; Scoot"},"content":{"rendered":"<p><strong>Salem Art Park <\/strong><\/p>\n\n\n\n<p>Capitaine de la Randonn\u00e9e: Kjeld Schou<\/p>\n\n\n\n<p><\/p>\n\n\n\n<p>La beaut\u00e9 de l'art alli\u00e9e \u00e0 celle de la nature, c'est l'essence m\u00eame de cette randonn\u00e9e. Enfin, \u00e7a et un arr\u00eat pour une petite douceur.&nbsp;<\/p>\n\n\n\n<p>Pour notre randonn\u00e9e, nous nous dirigerons vers le pittoresque village de Salem, o\u00f9 se trouve Salem Art Works.&nbsp;<\/p>\n\n\n\n<p>Une fois arriv\u00e9s chez Salem Art Works, nous nous dirigerons vers l'arri\u00e8re de la propri\u00e9t\u00e9 pour acc\u00e9der au Cary Hill Sculpture Park. Ce parc de sculptures de 119 acres se visite en v\u00e9hicule et propose des \u0153uvres en constante \u00e9volution d'artistes r\u00e9gionaux, nationaux et internationaux. En plus des \u0153uvres d'art fascinantes, le parc lui-m\u00eame est un site magnifique. Vous d\u00e9couvrirez la v\u00e9ritable beaut\u00e9 du parc une fois au sommet de la colline, lorsque l'horizon vaste et la vue imprenable sur les montagnes et les vall\u00e9es s'offriront \u00e0 vous. Bien que les sculptures soient l'attrait principal de ce parc, il est ind\u00e9niable que le chef-d'\u0153uvre de Dame Nature vole la vedette.<\/p>\n\n\n\n<p>\u00c0 notre d\u00e9part du parc, nous nous dirigerons vers une cr\u00e9merie locale o\u00f9 nous nous laisserons tenter par une d\u00e9licieuse g\u00e2terie avant le d\u00eener, pour ensuite mettre le cap sur DAX \u00e0 Queensbury o\u00f9 un d\u00eener gratuit nous sera offert.&nbsp;&nbsp;<\/p>\n\n\n\n<p>Cette randonn\u00e9e se terminera chez DAX Powersports.&nbsp;<\/p>\n\n\n\n<p>Trajet de 105 kilom\u00e8tres (vers DAX)<br>Temps de randonn\u00e9e total : 3 \u00bd h<br>Temps de conduite total : 2 heures<\/p>\n\n\n\n<p><a href=\"https:\/\/www.salemartworks.org\/sculpture-park\">https:\/\/www.salemartworks.org\/sculpture-park<\/a><\/p>\n\n\n\n<figure class=\"wp-block-image size-large is-resized\"><img loading=\"lazy\" decoding=\"async\" width=\"1024\" height=\"768\" src=\"https:\/\/spyderquest.com\/wp-content\/uploads\/2024\/03\/salem-art-park-2-1024x768.jpg\" alt=\"\" class=\"wp-image-2462\" style=\"width:796px;height:auto\" srcset=\"https:\/\/spyderquest.com\/wp-content\/uploads\/2024\/03\/salem-art-park-2-1024x768.jpg 1024w, https:\/\/spyderquest.com\/wp-content\/uploads\/2024\/03\/salem-art-park-2-300x225.jpg 300w, https:\/\/spyderquest.com\/wp-content\/uploads\/2024\/03\/salem-art-park-2-16x12.jpg 16w, https:\/\/spyderquest.com\/wp-content\/uploads\/2024\/03\/salem-art-park-2.jpg 1080w\" sizes=\"auto, (max-width: 1024px) 100vw, 1024px\" \/><\/figure>\n\n\n\n<div style=\"height:100px\" aria-hidden=\"true\" class=\"wp-block-spacer\"><\/div>\n\n\n\n<figure class=\"wp-block-image size-large\"><img loading=\"lazy\" decoding=\"async\" width=\"1024\" height=\"768\" src=\"https:\/\/spyderquest.com\/wp-content\/uploads\/2025\/12\/image-23-1024x768.jpeg\" alt=\"\" class=\"wp-image-3969\" srcset=\"https:\/\/spyderquest.com\/wp-content\/uploads\/2025\/12\/image-23-1024x768.jpeg 1024w, https:\/\/spyderquest.com\/wp-content\/uploads\/2025\/12\/image-23-300x225.jpeg 300w, https:\/\/spyderquest.com\/wp-content\/uploads\/2025\/12\/image-23-16x12.jpeg 16w, https:\/\/spyderquest.com\/wp-content\/uploads\/2025\/12\/image-23.jpeg 1600w\" sizes=\"auto, (max-width: 1024px) 100vw, 1024px\" \/><\/figure>\n\n\n\n<figure class=\"wp-block-image size-large\"><img loading=\"lazy\" decoding=\"async\" width=\"1024\" height=\"768\" src=\"https:\/\/spyderquest.com\/wp-content\/uploads\/2025\/12\/image-24-1024x768.jpeg\" alt=\"\" class=\"wp-image-3970\" srcset=\"https:\/\/spyderquest.com\/wp-content\/uploads\/2025\/12\/image-24-1024x768.jpeg 1024w, https:\/\/spyderquest.com\/wp-content\/uploads\/2025\/12\/image-24-300x225.jpeg 300w, https:\/\/spyderquest.com\/wp-content\/uploads\/2025\/12\/image-24-16x12.jpeg 16w, https:\/\/spyderquest.com\/wp-content\/uploads\/2025\/12\/image-24.jpeg 1600w\" sizes=\"auto, (max-width: 1024px) 100vw, 1024px\" \/><\/figure>","protected":false},"excerpt":{"rendered":"<p>Salem Art Park Ride Captain: Kjeld Schou The beauty of art combined with the beauty of mother nature is what this ride is all about. Well, that and stop for a sweet treat.&nbsp; For our ride we will be heading to the quaint town of Salem where Salem Art Works resides.&nbsp; Once at Salem Artworks &hellip; <\/p>\n<p class=\"link-more\"><a href=\"https:\/\/spyderquest.com\/fr\/salem-art-park-scoot\/\" class=\"more-link\">Read more<span class=\"screen-reader-text\"> &#8220;Salem Art Park &#8211; Scoot&#8221;<\/span><\/a><\/p>","protected":false},"author":1,"featured_media":0,"parent":0,"menu_order":0,"comment_status":"closed","ping_status":"closed","template":"custom-template","meta":{"bBlocksCursorData":"","inspiro_hide_title":false,"footnotes":""},"class_list":["post-2461","page","type-page","status-publish","hentry"],"featured_image_src":null,"_links":{"self":[{"href":"https:\/\/spyderquest.com\/fr\/wp-json\/wp\/v2\/pages\/2461","targetHints":{"allow":["GET"]}}],"collection":[{"href":"https:\/\/spyderquest.com\/fr\/wp-json\/wp\/v2\/pages"}],"about":[{"href":"https:\/\/spyderquest.com\/fr\/wp-json\/wp\/v2\/types\/page"}],"author":[{"embeddable":true,"href":"https:\/\/spyderquest.com\/fr\/wp-json\/wp\/v2\/users\/1"}],"replies":[{"embeddable":true,"href":"https:\/\/spyderquest.com\/fr\/wp-json\/wp\/v2\/comments?post=2461"}],"version-history":[{"count":7,"href":"https:\/\/spyderquest.com\/fr\/wp-json\/wp\/v2\/pages\/2461\/revisions"}],"predecessor-version":[{"id":3971,"href":"https:\/\/spyderquest.com\/fr\/wp-json\/wp\/v2\/pages\/2461\/revisions\/3971"}],"wp:attachment":[{"href":"https:\/\/spyderquest.com\/fr\/wp-json\/wp\/v2\/media?parent=2461"}],"curies":[{"name":"wp","href":"https:\/\/api.w.org\/{rel}","templated":true}]}}