{"id":2378,"date":"2024-03-05T07:30:52","date_gmt":"2024-03-05T12:30:52","guid":{"rendered":"https:\/\/spyderquest.com\/?page_id=2378"},"modified":"2025-12-08T11:22:01","modified_gmt":"2025-12-08T16:22:01","slug":"going-nowhere-fast","status":"publish","type":"page","link":"https:\/\/spyderquest.com\/fr\/going-nowhere-fast\/","title":{"rendered":"Going Nowhere Fast \u2013 Conducteur exp\u00e9riment\u00e9es seulement (Rythme rapide)"},"content":{"rendered":"<p class=\"has-text-align-left\"><strong>Going Nowhere Fast \u2013 Conducteur exp\u00e9riment\u00e9es seulement (Rythme rapide)<\/strong><\/p>\n\n\n\n<p>Capitaine de la Randonn\u00e9e : Ed Liona<\/p>\n\n\n\n<p><br><\/p>\n\n\n\n<p>L\u2019aventure vous attend.<\/p>\n\n\n\n<p>Comme le titre l\u2019indique, il s\u2019agit d\u2019une randonn\u00e9e \u00e0 un rythme soutenu, sans destination pr\u00e9cise.<\/p>\n\n\n\n<p>Nous commencerons la journ\u00e9e avec un d\u00e9jeuner, mais fid\u00e8le au concept, l\u2019endroit reste \u00e0 d\u00e9terminer. Une fois l\u2019estomac plein, on prend la route : pas d'itin\u00e9raire, pas de dur\u00e9e fix\u00e9e, simplement une aventure impr\u00e9vue qui laisse place \u00e0 l'explorateur en vous.&nbsp;<\/p>\n\n\n\n<p class=\"translation-block\">Cette sortie s'adresse aux motocyclistes exp\u00e9riment\u00e9s seulement. Ce n'est pas une balade de plaisance ; merci de ne pas vous inscrire si vous n\u2019\u00eates pas \u00e0 l'aise de rouler \u00e0 un rythme rapide au sein d'un groupe.<\/p>\n\n\n\n<p>Arr\u00eats : Essence et pauses au besoin.&nbsp;<\/p>\n\n\n\n<p>Distance (aller-retour) : Ind\u00e9termin\u00e9e, mais la moyenne est de 320 km (200 milles).<\/p>\n\n\n\n<p>Dur\u00e9e totale : Ind\u00e9termin\u00e9e.<\/p>\n\n\n\n<p>10 Spyders maximum<\/p>\n\n\n\n<figure class=\"wp-block-image size-large\"><img loading=\"lazy\" decoding=\"async\" width=\"1024\" height=\"576\" src=\"https:\/\/spyderquest.com\/wp-content\/uploads\/2025\/12\/image-1024x576.jpeg\" alt=\"\" class=\"wp-image-3709\" srcset=\"https:\/\/spyderquest.com\/wp-content\/uploads\/2025\/12\/image-1024x576.jpeg 1024w, https:\/\/spyderquest.com\/wp-content\/uploads\/2025\/12\/image-300x169.jpeg 300w, https:\/\/spyderquest.com\/wp-content\/uploads\/2025\/12\/image-18x10.jpeg 18w, https:\/\/spyderquest.com\/wp-content\/uploads\/2025\/12\/image.jpeg 1600w\" sizes=\"auto, (max-width: 1024px) 100vw, 1024px\" \/><\/figure>","protected":false},"excerpt":{"rendered":"<p>Going Nowhere Fast &#8211; Experienced Riders Ride Captain: Ed Liona Adventure Awaits. As the title states, this is a fast paced ride with no set destination. We start the ride by heading out to eat breakfast, but in keeping true to the title, where we eat is undetermined. Once our bellies are sufficiently fueled &#8211; &hellip; <\/p>\n<p class=\"link-more\"><a href=\"https:\/\/spyderquest.com\/fr\/going-nowhere-fast\/\" class=\"more-link\">Read more<span class=\"screen-reader-text\"> &#8220;Going Nowhere Fast &#8211; Experienced Riders&#8221;<\/span><\/a><\/p>","protected":false},"author":1,"featured_media":0,"parent":0,"menu_order":0,"comment_status":"closed","ping_status":"closed","template":"custom-template","meta":{"bBlocksCursorData":"","inspiro_hide_title":false,"footnotes":""},"class_list":["post-2378","page","type-page","status-publish","hentry"],"featured_image_src":null,"_links":{"self":[{"href":"https:\/\/spyderquest.com\/fr\/wp-json\/wp\/v2\/pages\/2378","targetHints":{"allow":["GET"]}}],"collection":[{"href":"https:\/\/spyderquest.com\/fr\/wp-json\/wp\/v2\/pages"}],"about":[{"href":"https:\/\/spyderquest.com\/fr\/wp-json\/wp\/v2\/types\/page"}],"author":[{"embeddable":true,"href":"https:\/\/spyderquest.com\/fr\/wp-json\/wp\/v2\/users\/1"}],"replies":[{"embeddable":true,"href":"https:\/\/spyderquest.com\/fr\/wp-json\/wp\/v2\/comments?post=2378"}],"version-history":[{"count":16,"href":"https:\/\/spyderquest.com\/fr\/wp-json\/wp\/v2\/pages\/2378\/revisions"}],"predecessor-version":[{"id":3829,"href":"https:\/\/spyderquest.com\/fr\/wp-json\/wp\/v2\/pages\/2378\/revisions\/3829"}],"wp:attachment":[{"href":"https:\/\/spyderquest.com\/fr\/wp-json\/wp\/v2\/media?parent=2378"}],"curies":[{"name":"wp","href":"https:\/\/api.w.org\/{rel}","templated":true}]}}