{"id":2011,"date":"2024-01-30T19:47:38","date_gmt":"2024-01-30T19:47:38","guid":{"rendered":"https:\/\/spyderquest.com\/?page_id=2011"},"modified":"2024-03-04T18:34:55","modified_gmt":"2024-03-04T23:34:55","slug":"safety-2","status":"publish","type":"page","link":"https:\/\/spyderquest.com\/fr\/safety-2\/","title":{"rendered":"S\u00e9curit\u00e9"},"content":{"rendered":"<div style=\"height:45px\" aria-hidden=\"true\" class=\"wp-block-spacer\"><\/div>\n\n\n\n<p>Pendant que vous \u00eates avec nous \u00e0 SpyderQuest, nous offrons des randonn\u00e9es guid\u00e9es et non guid\u00e9es. Veuillez utiliser les conseils de s\u00e9curit\u00e9 ci-dessous pendant que vous \u00eates avec nous et aussi pendant que vous \u00eates \u00e0 la maison en faisant vos propres randonn\u00e9es. <\/p>\n\n\n\n<p>Lorsque vous roulez avec nous, dans nos randonn\u00e9es guid\u00e9es, vous vivrez \u00e0 la fois des vues \u00e0 couper le souffle et de belles routes. Profiter du beau paysage et de l'histoire est pourquoi tant de gens parcourent des kilom\u00e8tres pour venir \u00e0 SpyderQuest. Rouler avec les autres est une autre raison pour laquelle nous aimons nos Spyder\/Rykers. Nous pouvons \u00eatre sur la route seul, puis nous pouvons rencontrer d'autres et profiter de la conduite de groupe tout en rencontrant et en faisant de nouvelles connaissances et en parcourant de nouvelles routes.<\/p>\n\n\n\n<p class=\"has-medium-font-size\"><strong>Soyez prudents! Lorsque vous roulez en groupe, c'est tr\u00e8s diff\u00e9rent que de rouler seul.<\/strong><\/p>\n\n\n\n<p>Nous devons garder les yeux sur la route et les conditions routi\u00e8res en tout temps. Ne d\u00e9viez du regard la route que pour de tr\u00e8s courts moments \u00e0 la fois. Savoir en tout temps ce qui se passe sur la route devant et derri\u00e8re nous. Cela signifie que nous sommes responsables du Spyderiste derri\u00e8re  et en avant de nous ainsi que de nous-m\u00eames. Il est important de constament regardez nos miroirs pour nous permetre d'\u00eatre conscient de qu'est-ce qui se passe passe tout autour de nous et en tout temps. <\/p>\n\n\n\n<p>Ne roulez pas comme dans vos voitures en regardant seulement une voiture ou deux devant. Nous devrions regarder la route 10 \u00e0 20 secondes \u00e0 l'avance afin d'\u00eatre conscients d'un probl\u00e8me potentiel, avant d'y \u00eatre confront\u00e9s. Lorsque nous voyageons \u00e0 65 mph, nous filont \u00e0 95,3 pieds par seconde.<\/p>\n\n\n\n<p>En vieillissant, nos r\u00e9flexes ralentissent. Il nous faut plus de temps pour r\u00e9agir aux changements. <strong>\"SEE - Search, Evaluate and Execute\" - \"(observer, \u00e9valuer et ex\u00e9cuter)\"<\/strong> to <strong>COMPUTE<\/strong> it and <strong>RESPOND<\/strong> quickly to it.<\/p>\n\n\n\n<p style=\"font-size:clamp(15.747px, 0.984rem + ((1vw - 3.2px) * 0.73), 24px);\"><strong>Ai-je un moyen de m'en sortir?<\/strong><\/p>\n\n\n\n<p>Que ce soit seul ou surtout en groupe, nous devons rouler en nous demandant, <strong>Et si !<\/strong> Que dois-je faire si un obstacle apparait en avant de moi? <strong>Ai-je un moyen de m'en sortir?<\/strong> Nous devons toujours avoir un moyen de sorti en Spyder car nous ne somme pas autant prot\u00e9g\u00e9 qu'une automobile ni aussi agile que nos amis sur deux roues. <strong>Et si !<\/strong><\/p>\n\n\n\n<p>Nous allons rouler dans la circulation, des routes de campagne et sur des autoroutes, veuillez \u00eatre pr\u00eat \u00e0 faire face \u00e0 toutes ces types de randonn\u00e9es. Nous n'encourageons pas l'exc\u00e8s de vitesse, m\u00eame s'il peut y avoir des moments o\u00f9 nous roulerons entre 65 et 70 mph, la limite de vitesse l\u00e9gale sur les autoroutes.<\/p>\n\n\n\n<p>Lorsque vous roulez sur un spyder\/ryker gardez ces mains fermement sur les poign\u00e9es, n\u2019utilisez pas une poign\u00e9e de mort sur les poign\u00e9es. <\/p>\n\n\n\n<p>M\u00eame si les Spyders et Rykers ont un bon syst\u00e8me de freinage, cel\u00e0 ne signifie pas que nous devrions compter sur des arr\u00eats de panique. Peut-\u00eatre que tout ce qu'on avait \u00e0 faire est de ralentir et de contourner un obstacle. Connaissez votre environnement <strong>en tout temps<\/strong>.<\/p>\n\n\n\n<p style=\"font-size:clamp(15.747px, 0.984rem + ((1vw - 3.2px) * 0.73), 24px);\"><strong>Conduite sur autoroute<\/strong><\/p>\n\n\n\n<p>Lorsque nous sommes en groupe, nous ne devrions \u00eatre dans la voie de gauche (voie de passage) que pour le temps qu'il faut pour passer un v\u00e9hicule plus lent.  Nous ne devrions pas rester dans la voie gauche pendant de longues p\u00e9riodes, en particulier avec un groupe. La Fondation MSF (Motorcycle Safety Foundation) pr\u00e9f\u00e8re les petits groupes de moins de dix motos. Vous allez \u00e9ventuellement \u00eatre rattrap\u00e9 par quelqu'un qui veut aller plus vite que vous et ils pourraient ne pas \u00eatre si gentils \u00e0 ce sujet. Laissez-les partir, soyez gentils et \u00e9loignez-vous de tout danger, vous et votre groupe. Le \"tailgunner\" contr\u00f4le le groupe et le capitaine contr\u00f4le le trajet. Le \"tailgunner\" signaleras et se d\u00e9placeras vers la voie s\u00e9curis\u00e9e. Le reste du groupe suit apr\u00e8s avoir signal\u00e9 et s'assurer qu'un v\u00e9hicule n'est pas dans la voie. Une fois fait correctement, vous vivrez un moment \u00e9poustouflant, rien n'est plus beau qu'un groupe qui roule fluidement.<\/p>\n\n\n\n<p style=\"font-size:clamp(15.747px, 0.984rem + ((1vw - 3.2px) * 0.73), 24px);\"><strong>Semi-remorque<\/strong><\/p>\n\n\n\n<p>Lorsque vous roulez derri\u00e8re une semi-remorque, \n ne suivez pas de trop pr\u00e8s que vous n'avez pas le temps de r\u00e9agir \u00e0 un obstacle (morceau de pneu, chevreuil) sur la route. Ne roulez pas \u00e0 c\u00f4t\u00e9 d'une semi-remorque pendant de longues p\u00e9riodes de temps, soit passez-les ou restez loin derri\u00e8re eux pour voir la chauss\u00e9e. <\/p>\n\n\n\n<p style=\"font-size:clamp(15.747px, 0.984rem + ((1vw - 3.2px) * 0.73), 24px);\"><strong>Effet \u00e9lastique <\/strong><\/p>\n\n\n\n<p>L'effet \u00e9lastique est quand nous roulons dans un groupe et ne gardons pas un rythme similaire au autre Spyder. Lorsque l'on roule dans un groupe, une ligne directrice \u00e0 utiliser est la \u00abr\u00e8gle des deux secondes\u00bb. Comme nous ne roulons pas d\u00e9cal\u00e9 comme nos amis \u00e0 deux roues, il est important d'avoir une espace de deux secondes avec le Spyder qui nous pr\u00e9c\u00e8de. . Une moto a assez d'espace pour faire le tour de la moto devant elle. En cas d\u2019urgence, nous pouvons verrouiller les roues mes cela ne se termine pas bien pour qui que ce soit. Alors restez derri\u00e8re, gardez vos yeux ouverts et gardez au moins un espace de deux secondes. <\/p>\n\n\n\n<p style=\"font-size:clamp(15.747px, 0.984rem + ((1vw - 3.2px) * 0.73), 24px);\"><strong>Rouler seul ou en groupe<\/strong><\/p>\n\n\n\n<p>Si vous \u00eates le premier \u00e0 traverser une intersection apr\u00e8s que la lumi\u00e8re devienne verte, regardez toujours \u00e0 gauche et \u00e0 droite avant de d\u00e9coller. Au cas ou un conducteur br\u00fble le feu rouge.<\/p>\n\n\n\n<p>Ne br\u00fblez pas les STOP, dans votre voiture vous perdez une porte ou une aile. Sur un Spyder on peux perdre une jambe. <\/p>\n\n\n\n<p><strong>\"SEE - Search, Evaluate and Execute\" - \"(observer, \u00e9valuer et ex\u00e9cuter)\"<\/strong> (observer, \u00e9valuer et ex\u00e9cuter) : <strong>Observer<\/strong> r\u00e9f\u00e8re \u00e0 identifier un danger ou un obstacle. <strong>Evaluer<\/strong> r\u00e9f\u00e8re \u00e0 analyser les probl\u00e8mes potentiels. <strong>Ex\u00e9cuter<\/strong> r\u00e9f\u00e8re \u00e0 effectuer une maneouvre pour pr\u00e9venir un \ndanger ou obstacle. <\/p>\n\n\n\n<p>Si vous devez frapper un obstacle, autant que  possible, prenez l'impact avec le pneu arri\u00e8re, pas avec vos pneus avant. Vous pouvez \u00e9galement utiliser vos jambes comme amortisseurs lorsque vous passez par-dessus une bosse in\u00e9vitable dans la route. Si vous ne pouvez eviter un nid de poule, bosse ou animal d\u00e9c\u00e9d\u00e9 sur la route, essayez de placez l'obstacle entre les deux roues avant votre Spyder.<\/p>\n\n\n\n<p>Toujours portez un \u00e9quipement de conduite appropri\u00e9 et \u00eatre habill\u00e9 selon la temp\u00e9rature et avoir des v\u00eatements suppl\u00e9mentaires pour les intemp\u00e9ries. <strong>\"ATGATT<\/strong> All the Gear All the Time\" Tout le Gear tout le temps. Il y a des groupes qui veulent que leurs gens aient une tenue de conduite appropri\u00e9e tout le temps. Bottes, gants, casque, bouclier, veste de protection et pantalon.<\/p>\n\n\n\n<p style=\"font-size:clamp(15.747px, 0.984rem + ((1vw - 3.2px) * 0.73), 24px);\"><strong>Etiquette pour la conduite en groupe<\/strong><\/p>\n\n\n\n<ul class=\"wp-block-list\">\n<li>Avoir une r\u00e9union avant de partir en groupe.<\/li>\n<\/ul>\n\n\n\n<ul class=\"wp-block-list\">\n<li>Arrivez \u00e0 la randonn\u00e9e avec une vessie vide et un r\u00e9servoir plein de gaz, sans exception.<\/li>\n<\/ul>\n\n\n\n<ul class=\"wp-block-list\">\n<li>N'oubliez pas de faire une  inspection de votre Spyder avant vos randonn\u00e9es, V\u00e9rifiez vos pneus, controles, lumi\u00e8res, huile, niveaux de fluide, etc\u2026<\/li>\n<\/ul>\n\n\n\n<ul class=\"wp-block-list\">\n<li>Portez des v\u00eatements appropri\u00e9s pour la m\u00e9t\u00e9o, c'est-\u00e0-dire des v\u00eatements de pluie, un sweat-shirt suppl\u00e9mentaire ou un gilet de refroidissement.<\/li>\n<\/ul>\n\n\n\n<ul class=\"wp-block-list\">\n<li>Roulez avec un groupe de personnes ayant des comp\u00e9tences similaires. Faites savoir au Capitaine de la ride de vos lacunes ou talents. Exemple \u00ab C\u2019est mon premier tour en groupe \u00bb ou \u00ab Je conduis des motos depuis des ann\u00e9es et j\u2019ai suivi des cours de s\u00e9curit\u00e9 \u00bb<\/li>\n<\/ul>\n\n\n\n<ul class=\"wp-block-list\">\n<li>Conna\u00eetre les signaux les plus courants.<\/li>\n<\/ul>\n\n\n\n<ul class=\"wp-block-list\">\n<li>Ne quittez jamais un groupe sans le dire au Capitaine de la Randonn\u00e9e ou la personne responsable \u00e0 l\u2019arri\u00e8re. Le Capitaine de la Randonn\u00e9e et la personne responsable \u00e0 l\u2019arri\u00e8re ne devraient jamais partir avec le groupe tant que tout le monde ne sois pr\u00e9sent. Cela ne signifie pas qu'ils vous attendront encore dix minutes pendant que vous ganbader. Si le Le Capitaine de la Randonn\u00e9e vous informe d'\u00eatre pr\u00eat \u00e0 quitter l'arr\u00eat de gaz dans vingt minutes, soyez pr\u00eat \u00e0 partir a l'heure indiquer.<\/li>\n<\/ul>\n\n\n\n<ul class=\"wp-block-list\">\n<li>En cas d'une situation d'urgence informez quelq'un La communication est la cl\u00e9<\/li>\n<\/ul>\n\n\n\n<p style=\"font-size:clamp(15.747px, 0.984rem + ((1vw - 3.2px) * 0.73), 24px);\"><strong>Astuces pour n\u00e9gocier les courbes<\/strong><\/p>\n\n\n\n<p>Voici quelque conseils pour bien prendre les courbes en Spyder ou Ryker. Lorsque vous prenez une courbe \u00e0 droite, tirez sur votre poign\u00e9e droite tout en poussant sur votre poign\u00e9e gauche. Penchez vous \u00e0 droite vers le miroir et vos pieds fermement sur les marche-pieds de votre Spyder ou Ryker. Pour une courbe a gauche pousser sur la main droite tout en tirant avec votre main gauche. Penchez vous \u00e0 gauche, et vos pieds fermement sur les marche-pieds, cela vous permet de prendre la courbe sans avoir le sentiment d'\u00eatre projet\u00e9 hors du si\u00e8ge.<\/p>\n\n\n\n<p style=\"font-size:clamp(15.747px, 0.984rem + ((1vw - 3.2px) * 0.73), 24px);\"><strong>Passager<\/strong><\/p>\n\n\n\n<p>L'organisation GWRRA - Gold Wing Road Riders Association appelle les passagers des cavaliers (co-riders) afin qu'ils puissent jouer un r\u00f4le dans la conduite de la moto. Le cavalier peut aider \u00e0 naviguer dans la circulation et peut aussi \n utiliser des signaux manuels en plus des clignotants. Le cavalier peut signaler les dangers de la route au Spyder derri\u00e8re. M\u00eame sans cavalier, tous les conducteurs dans un groupe doivent signaler les dangers de la route (par exemple des roches, des nids de poules, des animaux morts, etc.) aux Spyder derri\u00e8re eux et cel\u00e0 devrait \u00eatre r\u00e9p\u00e9t\u00e9 par tous les Spyders qui suivent. <\/p>\n\n\n\n<div style=\"height:100px\" aria-hidden=\"true\" class=\"wp-block-spacer\"><\/div>","protected":false},"excerpt":{"rendered":"<p>While you are with us at Spyderquest we offer both guided and unguided rides. Please use the below safety tips while with us and while you are home doing your own rides, When riding with us, in our group(guided) rides, you will be experiencing both breath taking views and beautiful roads. Enjoying the beautiful scenery &hellip; <\/p>\n<p class=\"link-more\"><a href=\"https:\/\/spyderquest.com\/fr\/safety-2\/\" class=\"more-link\">Read more<span class=\"screen-reader-text\"> &#8220;Safety&#8221;<\/span><\/a><\/p>","protected":false},"author":1,"featured_media":0,"parent":0,"menu_order":0,"comment_status":"closed","ping_status":"closed","template":"custom-template","meta":{"bBlocksCursorData":"","inspiro_hide_title":false,"footnotes":""},"class_list":["post-2011","page","type-page","status-publish","hentry"],"featured_image_src":null,"_links":{"self":[{"href":"https:\/\/spyderquest.com\/fr\/wp-json\/wp\/v2\/pages\/2011","targetHints":{"allow":["GET"]}}],"collection":[{"href":"https:\/\/spyderquest.com\/fr\/wp-json\/wp\/v2\/pages"}],"about":[{"href":"https:\/\/spyderquest.com\/fr\/wp-json\/wp\/v2\/types\/page"}],"author":[{"embeddable":true,"href":"https:\/\/spyderquest.com\/fr\/wp-json\/wp\/v2\/users\/1"}],"replies":[{"embeddable":true,"href":"https:\/\/spyderquest.com\/fr\/wp-json\/wp\/v2\/comments?post=2011"}],"version-history":[{"count":5,"href":"https:\/\/spyderquest.com\/fr\/wp-json\/wp\/v2\/pages\/2011\/revisions"}],"predecessor-version":[{"id":2377,"href":"https:\/\/spyderquest.com\/fr\/wp-json\/wp\/v2\/pages\/2011\/revisions\/2377"}],"wp:attachment":[{"href":"https:\/\/spyderquest.com\/fr\/wp-json\/wp\/v2\/media?parent=2011"}],"curies":[{"name":"wp","href":"https:\/\/api.w.org\/{rel}","templated":true}]}}