{"id":1944,"date":"2024-01-30T15:54:50","date_gmt":"2024-01-30T15:54:50","guid":{"rendered":"https:\/\/spyderquest.com\/?page_id=1944"},"modified":"2025-11-15T17:21:06","modified_gmt":"2025-11-15T22:21:06","slug":"online-registration","status":"publish","type":"page","link":"https:\/\/spyderquest.com\/fr\/online-registration\/","title":{"rendered":"Inscription en ligne"},"content":{"rendered":"<div style=\"height:37px\" aria-hidden=\"true\" class=\"wp-block-spacer\"><\/div>\n\n\n<div id=\"mega-menu-wrap-primary\" class=\"mega-menu-wrap\"><div class=\"mega-menu-toggle\"><div class=\"mega-toggle-blocks-left\"><div class='mega-toggle-block mega-menu-toggle-animated-block mega-toggle-block-1' id='mega-toggle-block-1'><button aria-controls=\"mega-menu-primary\" aria-expanded=\"false\" aria-haspopup=\"true\" aria-label=\"Menu\" class=\"mega-toggle-animated mega-toggle-animated-slider\" type=\"button\">\n                  <span class=\"mega-toggle-animated-box\">\n                    <span class=\"mega-toggle-animated-inner\"><\/span>\n                  <\/span>\n                <\/button><\/div><\/div><div class=\"mega-toggle-blocks-center\"><\/div><div class=\"mega-toggle-blocks-right\"><\/div><\/div><ul id=\"mega-menu-primary\" class=\"mega-menu max-mega-menu mega-menu-horizontal mega-no-js\" data-event=\"hover_intent\" data-effect=\"fade_up\" data-effect-speed=\"200\" data-effect-mobile=\"disabled\" data-effect-speed-mobile=\"0\" data-mobile-force-width=\"false\" data-second-click=\"go\" data-document-click=\"collapse\" data-vertical-behaviour=\"standard\" data-breakpoint=\"768\" data-unbind=\"true\" data-mobile-state=\"collapse_all\" data-mobile-direction=\"vertical\"><li class=\"mega-menu-item mega-menu-item-type-post_type mega-menu-item-object-page mega-menu-item-home mega-align-bottom-left mega-menu-flyout mega-has-icon mega-icon-left mega-menu-item-2244\" id=\"mega-menu-item-2244\"><a class=\"dashicons-admin-home mega-menu-link\" href=\"https:\/\/spyderquest.com\/fr\/\">Accueil<\/a><\/li><li class=\"mega-menu-item mega-menu-item-type-post_type mega-menu-item-object-page mega-align-bottom-left mega-menu-flyout mega-menu-item-2283\" id=\"mega-menu-item-2283\"><a class=\"mega-menu-link\" href=\"https:\/\/spyderquest.com\/fr\/vendors-sponsors-donations\/\">Commanditaires<\/a><\/li><li class=\"mega-menu-item mega-menu-item-type-post_type mega-menu-item-object-page mega-align-bottom-left mega-menu-flyout mega-menu-item-2247\" id=\"mega-menu-item-2247\"><a class=\"mega-menu-link\" href=\"https:\/\/spyderquest.com\/fr\/itinerary\/\">Horaire<\/a><\/li><li class=\"mega-menu-item mega-menu-item-type-post_type mega-menu-item-object-page mega-align-bottom-left mega-menu-flyout mega-menu-item-2248\" id=\"mega-menu-item-2248\"><a class=\"mega-menu-link\" href=\"https:\/\/spyderquest.com\/fr\/online-registration\/\">Inscription en ligne<\/a><\/li><li class=\"mega-menu-item mega-menu-item-type-post_type mega-menu-item-object-page mega-align-bottom-left mega-menu-flyout mega-menu-item-2249\" id=\"mega-menu-item-2249\"><a class=\"mega-menu-link\" href=\"https:\/\/spyderquest.com\/fr\/pictures\/\">Images<\/a><\/li><li class=\"mega-menu-item mega-menu-item-type-post_type mega-menu-item-object-page mega-align-bottom-left mega-menu-flyout mega-menu-item-2253\" id=\"mega-menu-item-2253\"><a class=\"mega-menu-link\" href=\"https:\/\/spyderquest.com\/fr\/where-to-stay\/\">H\u00e9bergement<\/a><\/li><li class=\"mega-menu-item mega-menu-item-type-post_type mega-menu-item-object-page mega-align-bottom-left mega-menu-flyout mega-menu-item-2245\" id=\"mega-menu-item-2245\"><a class=\"mega-menu-link\" href=\"https:\/\/spyderquest.com\/fr\/contact\/\">Nous joindre<\/a><\/li><li class=\"mega-menu-item mega-menu-item-type-post_type mega-menu-item-object-page mega-align-bottom-left mega-menu-flyout mega-menu-item-2926\" id=\"mega-menu-item-2926\"><a class=\"mega-menu-link\" href=\"https:\/\/spyderquest.com\/fr\/charity\/\">Ouvre de bienfaisance<\/a><\/li><li class=\"mega-menu-item mega-menu-item-type-post_type mega-menu-item-object-page mega-align-bottom-left mega-menu-flyout mega-menu-item-2931\" id=\"mega-menu-item-2931\"><a class=\"mega-menu-link\" href=\"https:\/\/spyderquest.com\/fr\/thank-you\/\">Merci<\/a><\/li><li class=\"mega-menu-item mega-menu-item-type-post_type mega-menu-item-object-page mega-align-bottom-left mega-menu-flyout mega-menu-item-2932\" id=\"mega-menu-item-2932\"><a class=\"mega-menu-link\" href=\"https:\/\/spyderquest.com\/fr\/things-to-do\/\">Choses \u00e0 faire<\/a><\/li><li class=\"mega-menu-item mega-menu-item-type-post_type mega-menu-item-object-page mega-align-bottom-left mega-menu-flyout mega-menu-item-2246\" id=\"mega-menu-item-2246\"><a class=\"mega-menu-link\" href=\"https:\/\/spyderquest.com\/fr\/vendor-form\/\">FAQ<\/a><\/li><li class=\"mega-menu-item mega-menu-item-type-post_type mega-menu-item-object-page mega-align-bottom-left mega-menu-flyout mega-menu-item-2251\" id=\"mega-menu-item-2251\"><a class=\"mega-menu-link\" href=\"https:\/\/spyderquest.com\/fr\/safety\/\">S\u00e9curit\u00e9<\/a><\/li><\/ul><\/div>\n\n\n<div style=\"height:100px\" aria-hidden=\"true\" class=\"wp-block-spacer\"><\/div>\n\n\n<div style=\"gap: ;margin-top: var(--wp--preset--spacing--medium); margin-bottom: var(--wp--preset--spacing--medium); \" class=\"align-button-center ub-buttons orientation-button-row ub-flex-wrap wp-block-ub-button\" id=\"ub-button-874993ec-b147-4401-b424-740bf1109935\"><div class=\"ub-button-container\">\n\t\t\t<a href=\"http:\/\/spyderquestregistration.godaddysites.com\" target=\"_blank\" rel=\"noopener noreferrer\" class=\"ub-button-block-main   ub-button-flex\" role=\"button\" style=\"--ub-button-background-color: rgb(11, 180, 170); --ub-button-color: rgb(255, 255, 255); --ub-button-border: none; --ub-button-hover-background-color: #313131; --ub-button-hover-color: #ffffff; --ub-button-hover-border: none; font-size: 17px; padding-top: 10px; padding-right: 10px; padding-bottom: 10px; padding-left: 10px; border-top-left-radius: 0px;; border-top-right-radius: 0px;; border-bottom-left-radius: 0px;; border-bottom-right-radius: 0px;; \">\n\t\t\t\t<div class=\"ub-button-content-holder\" style=\"flex-direction: row\">\n\t\t\t\t\t<span class=\"ub-button-block-btn\">Registration for SpyderQuest 2026 are not open<\/span>\n\t\t\t\t<\/div>\n\t\t\t<\/a>\n\t\t<\/div><\/div>\n\n\n<p class=\"has-text-align-center\"><strong>En soumettant votre inscription en ligne, vous acceptez les termes et conditions contenus dans le formulaire de d\u00e9charge de responsabilit\u00e9 (Waiver Release From).<\/strong><\/p>\n\n\n\n<div class=\"wp-block-file aligncenter\"><a id=\"wp-block-file--media-0892b09f-e713-4ae3-9ddb-67da549a8e0c\" href=\"https:\/\/spyderquest.com\/wp-content\/uploads\/2025\/03\/Waiver-Release-Form-2025.pdf\">Formulaire de d\u00e9charge de responsabilit\u00e9 2025<\/a><a href=\"https:\/\/spyderquest.com\/wp-content\/uploads\/2025\/03\/Waiver-Release-Form-2025.pdf\" class=\"wp-block-file__button wp-element-button\" download aria-describedby=\"wp-block-file--media-0892b09f-e713-4ae3-9ddb-67da549a8e0c\">Download<\/a><\/div>\n\n\n\n<div style=\"height:22px\" aria-hidden=\"true\" class=\"wp-block-spacer\"><\/div>\n\n\n\n<p>Pour vous inscrire, il suffit de cliquer sur le lien d'inscription en ligne ci-dessus. Sur le site d'inscription s\u00e9lectionnez l\u2019onglet \u201cboutique\u201d en haut pour entrer dans la boutique en ligne. Utilisez les onglets de gauche pour naviguer dans les diff\u00e9rentes options. Apr\u00e8s avoir ajout\u00e9 un article \u00e0 votre panier, s\u00e9lectionnez continuer \u00e0 magasiner pour choisir une autre randonn\u00e9e ou \u00e9v\u00e9nements. M\u00eame si certaines randonn\u00e9es  ou \u00e9v\u00e9nements sont gratuits, vous devez les ajouter \u00e0 votre panier si vous pr\u00e9voyez y assister. Ceci nous permettra d'avoir le nombre exact de participants.<\/p>\n\n\n\n<p>You can register up to four people on a single order. We just ask that you put first and last names in the comment section to ensure we know who you are registering in your group. Registration is $85.00 Per Person<\/p>\n\n\n\n<p>Ce qui est inclus dans votre inscription payer: <\/p>\n\n\n\n<ul class=\"wp-block-list\">\n<li>T-shirt de l'\u00e9v\u00e9nement<\/li>\n\n\n\n<li>Tasse ou mug de l'\u00e9v\u00e9nement<\/li>\n\n\n\n<li>Patch<\/li>\n\n\n\n<li>Autocollant<\/li>\n\n\n\n<li>\u00c9pinglette<\/li>\n\n\n\n<li>C\u00e9r\u00e9monie de cl\u00f4ture :<\/li>\n\n\n\n<li>Plusieurs randonn\u00e9es (certaines gratuites)<\/li>\n\n\n\n<li>Vendeurs sur place<\/li>\n\n\n\n<li>Amis, amis et encore des amis<\/li>\n<\/ul>\n\n\n\n<p><\/p>\n\n\n\n<p>Lors de l'inscription pr\u00e9alable (avant le 13 juillet) chaque personne qui s'inscrit recevra un t-shirt gratuit en ajoutant \"t-shirt gratuit\" \u00e0 votre panier. Vous devez s\u00e9lectionner un t-shirt (taille \/ style) pour chaque personne sur votre commande d'inscription.<\/p>\n\n\n\n<p>Chaque journ\u00e9e \u00e9num\u00e9rera toutes les randonn\u00e9es et \u00e9v\u00e9nements disponibles. Certaines randonn\u00e9es ont une limite sur le nombre de Spyder permis afin que le trajet puisse \u00eatre appr\u00e9ci\u00e9 par tous. Une fois la capacit\u00e9 de chaque randonn\u00e9e atteinte, la mention 'complet' sera indiqu\u00e9e.<\/p>\n\n\n\n<p>PayPal ou un ch\u00e8que peuvent \u00eatre utilis\u00e9s pour payer votre inscription. Vous pouvez utiliser \"PayPal Guest\" pour payer par carte de cr\u00e9dit.&nbsp;<strong>Faite v\u00f4tre ch\u00e8que payable \u00e0 : NY Spyder Riders et les envoyer \u00e0 : PO Box 866 Oneonta, NY 13820.<\/strong><\/p>\n\n\n\n<p>Si vous avez des questions concernant l'inscription en ligne, n'h\u00e9sitez pas \u00e0 nous contacter au spyderquestcontinues@gmail.com.<\/p>\n\n\n\n<div style=\"height:100px\" aria-hidden=\"true\" class=\"wp-block-spacer\"><\/div>\n\n\n\n<figure class=\"wp-block-embed aligncenter is-type-video is-provider-youtube wp-block-embed-youtube wp-embed-aspect-16-9 wp-has-aspect-ratio\" style=\"margin-top:var(--wp--preset--spacing--large);margin-right:0;margin-bottom:var(--wp--preset--spacing--large);margin-left:0\"><div class=\"wp-block-embed__wrapper\">\n<iframe loading=\"lazy\" title=\"How to Register for SpyderQuest 2025\" width=\"950\" height=\"534\" src=\"https:\/\/www.youtube.com\/embed\/JVi7wGTcDSw?feature=oembed\" frameborder=\"0\" allow=\"accelerometer; autoplay; clipboard-write; encrypted-media; gyroscope; picture-in-picture; web-share\" referrerpolicy=\"strict-origin-when-cross-origin\" allowfullscreen><\/iframe>\n<\/div><\/figure>\n\n\n\n<div style=\"height:179px\" aria-hidden=\"true\" class=\"wp-block-spacer\"><\/div>","protected":false},"excerpt":{"rendered":"<p>By submitting your online registration, you are accepting the terms and conditions contained on the Waiver Release From. To fill out your registration just click on the online registration link above and it will take you to our registration page. Select the \u201cshop\u201d tab at the top to go into the online store. Use the &hellip; <\/p>\n<p class=\"link-more\"><a href=\"https:\/\/spyderquest.com\/fr\/online-registration\/\" class=\"more-link\">Read more<span class=\"screen-reader-text\"> &#8220;ONLINE REGISTRATION&#8221;<\/span><\/a><\/p>","protected":false},"author":1,"featured_media":0,"parent":0,"menu_order":0,"comment_status":"closed","ping_status":"closed","template":"custom-template","meta":{"bBlocksCursorData":"","inspiro_hide_title":false,"footnotes":""},"class_list":["post-1944","page","type-page","status-publish","hentry"],"featured_image_src":null,"_links":{"self":[{"href":"https:\/\/spyderquest.com\/fr\/wp-json\/wp\/v2\/pages\/1944","targetHints":{"allow":["GET"]}}],"collection":[{"href":"https:\/\/spyderquest.com\/fr\/wp-json\/wp\/v2\/pages"}],"about":[{"href":"https:\/\/spyderquest.com\/fr\/wp-json\/wp\/v2\/types\/page"}],"author":[{"embeddable":true,"href":"https:\/\/spyderquest.com\/fr\/wp-json\/wp\/v2\/users\/1"}],"replies":[{"embeddable":true,"href":"https:\/\/spyderquest.com\/fr\/wp-json\/wp\/v2\/comments?post=1944"}],"version-history":[{"count":53,"href":"https:\/\/spyderquest.com\/fr\/wp-json\/wp\/v2\/pages\/1944\/revisions"}],"predecessor-version":[{"id":3706,"href":"https:\/\/spyderquest.com\/fr\/wp-json\/wp\/v2\/pages\/1944\/revisions\/3706"}],"wp:attachment":[{"href":"https:\/\/spyderquest.com\/fr\/wp-json\/wp\/v2\/media?parent=1944"}],"curies":[{"name":"wp","href":"https:\/\/api.w.org\/{rel}","templated":true}]}}