{"id":1843,"date":"2023-12-22T15:43:21","date_gmt":"2023-12-22T15:43:21","guid":{"rendered":"https:\/\/spyderquest.com\/?page_id=1843"},"modified":"2026-04-15T15:40:30","modified_gmt":"2026-04-15T19:40:30","slug":"friday-rides","status":"publish","type":"page","link":"https:\/\/spyderquest.com\/fr\/friday-rides\/","title":{"rendered":"Friday Rides"},"content":{"rendered":"<p class=\"has-text-align-center\"><strong>Veuillez vous pr\u00e9senter 30 minutes avant l'heure de d\u00e9part pr\u00e9vue, avec un r\u00e9servoir plein et la vessie vide. <br>Les d\u00e9parts se font \u00e0 l'heure pr\u00e9cise.<\/strong><\/p>\n\n\n<div style=\"gap: 20px;margin-top: var(--wp--preset--spacing--x-small); margin-bottom: var(--wp--preset--spacing--x-small); \" class=\"align-button-center ub-buttons orientation-button-row ub-flex-wrap wp-block-ub-button\" id=\"ub-button-a96f8d1f-2a98-40b9-ba36-298452395b6d\"><div class=\"ub-button-container\">\n\t\t\t<a href=\"https:\/\/spyderquest.com\/fr\/?page_id=2378\" target=\"_self\" class=\"ub-button-block-main\" role=\"button\" style=\"--ub-button-background-color: #0bb4aa; --ub-button-color: #ffffff; --ub-button-border: none; --ub-button-hover-background-color: #313131; --ub-button-hover-color: #ffffff; --ub-button-hover-border: none; font-size: 22px; width: 300px; padding-top: 10px; padding-right: 10px; padding-bottom: 10px; padding-left: 10px; border-top-left-radius: 10px;; border-top-right-radius: 10px;; border-bottom-left-radius: 10px;; border-bottom-right-radius: 10px;; \">\n\t\t\t\t<div class=\"ub-button-content-holder\" style=\"flex-direction: row\">\n\t\t\t\t\t<span class=\"ub-button-block-btn\"><strong>Aller nulle part rapidement<br>6:45 AM<\/strong><\/span>\n\t\t\t\t<\/div>\n\t\t\t<\/a>\n\t\t<\/div><\/div>\n\n\n\n<div style=\"gap: 20px;margin-top: var(--wp--preset--spacing--x-small); margin-bottom: var(--wp--preset--spacing--x-small); \" class=\"align-button-center ub-buttons orientation-button-row ub-flex-wrap wp-block-ub-button\" id=\"ub-button-d19f3d33-8d6d-4004-af87-2eb1fc724826\"><div class=\"ub-button-container\">\n\t\t\t<a href=\"https:\/\/spyderquest.com\/fr\/star-trek-experience\/\" target=\"_self\" class=\"ub-button-block-main\" role=\"button\" style=\"--ub-button-background-color: #0bb4aa; --ub-button-color: #ffffff; --ub-button-border: none; --ub-button-hover-background-color: #313131; --ub-button-hover-color: #ffffff; --ub-button-hover-border: none; font-size: 22px; width: 300px; padding-top: 10px; padding-right: 10px; padding-bottom: 10px; padding-left: 10px; border-top-left-radius: 10px;; border-top-right-radius: 10px;; border-bottom-left-radius: 10px;; border-bottom-right-radius: 10px;; \">\n\t\t\t\t<div class=\"ub-button-content-holder\" style=\"flex-direction: row\">\n\t\t\t\t\t<span class=\"ub-button-block-btn\"><strong>Star Trek<br>8:00 AM<\/strong><br><\/span>\n\t\t\t\t<\/div>\n\t\t\t<\/a>\n\t\t<\/div><\/div>\n\n<div style=\"gap: 20px;margin-top: var(--wp--preset--spacing--x-small); margin-bottom: var(--wp--preset--spacing--x-small); \" class=\"align-button-center ub-buttons orientation-button-row ub-flex-wrap wp-block-ub-button\" id=\"ub-button-cedf86ad-ab6b-4f26-aa73-4de2d5822cd6\"><div class=\"ub-button-container\">\n\t\t\t<a href=\"https:\/\/spyderquest.com\/fr\/lake-george-loop\/\" target=\"_self\" class=\"ub-button-block-main\" role=\"button\" style=\"--ub-button-background-color: #0bb4aa; --ub-button-color: #ffffff; --ub-button-border: none; --ub-button-hover-background-color: #313131; --ub-button-hover-color: #ffffff; --ub-button-hover-border: none; font-size: 22px; width: 300px; padding-top: 10px; padding-right: 10px; padding-bottom: 10px; padding-left: 10px; border-top-left-radius: 10px;; border-top-right-radius: 10px;; border-bottom-left-radius: 10px;; border-bottom-right-radius: 10px;; \">\n\t\t\t\t<div class=\"ub-button-content-holder\" style=\"flex-direction: row\">\n\t\t\t\t\t<span class=\"ub-button-block-btn\"><strong>Lake George Loop<br>8:30 AM<\/strong> <\/span>\n\t\t\t\t<\/div>\n\t\t\t<\/a>\n\t\t<\/div><\/div>\n\n<div style=\"gap: 20px;margin-top: var(--wp--preset--spacing--x-small); margin-bottom: var(--wp--preset--spacing--x-small); \" class=\"align-button-center ub-buttons orientation-button-row ub-flex-wrap wp-block-ub-button\" id=\"ub-button-5d4b5113-7a1c-4888-8cef-aec44c19572e\"><div class=\"ub-button-container\">\n\t\t\t<a href=\"https:\/\/spyderquest.com\/fr\/poker-run\/\" target=\"_self\" class=\"ub-button-block-main\" role=\"button\" style=\"--ub-button-background-color: #0bb4aa; --ub-button-color: #ffffff; --ub-button-border: none; --ub-button-hover-background-color: #313131; --ub-button-hover-color: #ffffff; --ub-button-hover-border: none; font-size: 22px; width: 300px; padding-top: 10px; padding-right: 10px; padding-bottom: 10px; padding-left: 10px; border-top-left-radius: 10px;; border-top-right-radius: 10px;; border-bottom-left-radius: 10px;; border-bottom-right-radius: 10px;; \">\n\t\t\t\t<div class=\"ub-button-content-holder\" style=\"flex-direction: row\">\n\t\t\t\t\t<span class=\"ub-button-block-btn\"><strong>Poker Run<br>9:00 AM<\/strong> <\/span>\n\t\t\t\t<\/div>\n\t\t\t<\/a>\n\t\t<\/div><\/div>\n\n<div style=\"gap: 20px;margin-top: var(--wp--preset--spacing--x-small); margin-bottom: var(--wp--preset--spacing--x-small); \" class=\"align-button-center ub-buttons orientation-button-row ub-flex-wrap wp-block-ub-button\" id=\"ub-button-039cdb69-401a-4c85-aa56-044cb2076df5\"><div class=\"ub-button-container\">\n\t\t\t<a href=\"https:\/\/spyderquest.com\/fr\/howes-cavern-cobleskill\/\" target=\"_self\" class=\"ub-button-block-main\" role=\"button\" style=\"--ub-button-background-color: #0bb4aa; --ub-button-color: #ffffff; --ub-button-border: none; --ub-button-hover-background-color: #313131; --ub-button-hover-color: #ffffff; --ub-button-hover-border: none; font-size: 22px; width: 300px; padding-top: 10px; padding-right: 10px; padding-bottom: 10px; padding-left: 10px; border-top-left-radius: 10px;; border-top-right-radius: 10px;; border-bottom-left-radius: 10px;; border-bottom-right-radius: 10px;; \">\n\t\t\t\t<div class=\"ub-button-content-holder\" style=\"flex-direction: row\">\n\t\t\t\t\t<span class=\"ub-button-block-btn\"><strong><strong>Historical Howes Caverns<\/strong><br>9:30 AM<\/strong><\/span>\n\t\t\t\t<\/div>\n\t\t\t<\/a>\n\t\t<\/div><\/div>\n\n<div style=\"gap: 20px;margin-top: var(--wp--preset--spacing--x-small); margin-bottom: var(--wp--preset--spacing--x-small); \" class=\"align-button-center ub-buttons orientation-button-row ub-flex-wrap wp-block-ub-button\" id=\"ub-button-39628c91-ac69-4f2b-9425-bedf3ab72ba7\"><div class=\"ub-button-container\">\n\t\t\t<a href=\"https:\/\/spyderquest.com\/fr\/salem-art-park-scoot\/\" target=\"_self\" class=\"ub-button-block-main\" role=\"button\" style=\"--ub-button-background-color: #0bb4aa; --ub-button-color: #ffffff; --ub-button-border: none; --ub-button-hover-background-color: #313131; --ub-button-hover-color: #ffffff; --ub-button-hover-border: none; font-size: 22px; width: 300px; padding-top: 10px; padding-right: 10px; padding-bottom: 10px; padding-left: 10px; border-top-left-radius: 10px;; border-top-right-radius: 10px;; border-bottom-left-radius: 10px;; border-bottom-right-radius: 10px;; \">\n\t\t\t\t<div class=\"ub-button-content-holder\" style=\"flex-direction: row\">\n\t\t\t\t\t<span class=\"ub-button-block-btn\"><strong>Salem Art Works<br>9:45 AM<\/strong> <\/span>\n\t\t\t\t<\/div>\n\t\t\t<\/a>\n\t\t<\/div><\/div>\n\n<div style=\"gap: 20px;margin-top: var(--wp--preset--spacing--x-small); margin-bottom: var(--wp--preset--spacing--x-small); \" class=\"align-button-center ub-buttons orientation-button-row ub-flex-wrap wp-block-ub-button\" id=\"ub-button-9049b579-47ee-436b-87af-3a10ec5cb303\"><div class=\"ub-button-container\">\n\t\t\t<a href=\"https:\/\/spyderquest.com\/fr\/bucks-county-biscotti-dax-free-lunch-ride\/\" target=\"_self\" class=\"ub-button-block-main\" role=\"button\" style=\"--ub-button-background-color: #0bb4aa; --ub-button-color: #ffffff; --ub-button-border: none; --ub-button-hover-background-color: #313131; --ub-button-hover-color: #ffffff; --ub-button-hover-border: none; font-size: 22px; width: 300px; padding-top: 10px; padding-right: 10px; padding-bottom: 10px; padding-left: 10px; border-top-left-radius: 10px;; border-top-right-radius: 10px;; border-bottom-left-radius: 10px;; border-bottom-right-radius: 10px;; \">\n\t\t\t\t<div class=\"ub-button-content-holder\" style=\"flex-direction: row\">\n\t\t\t\t\t<span class=\"ub-button-block-btn\"><strong>Bucks County Biscotti<br>10:30 AM<\/strong><\/span>\n\t\t\t\t<\/div>\n\t\t\t<\/a>\n\t\t<\/div><\/div>\n\n<div style=\"gap: 20px;margin-top: var(--wp--preset--spacing--x-small); margin-bottom: var(--wp--preset--spacing--x-small); \" class=\"align-button-center ub-buttons orientation-button-row ub-flex-wrap wp-block-ub-button\" id=\"ub-button-ae429d3c-96c3-4c91-8055-2fa00fb07b78\"><div class=\"ub-button-container\">\n\t\t\t<a href=\"https:\/\/spyderquest.com\/fr\/spier-falls-scoot\/\" target=\"_self\" class=\"ub-button-block-main\" role=\"button\" style=\"--ub-button-background-color: #0bb4aa; --ub-button-color: #ffffff; --ub-button-border: none; --ub-button-hover-background-color: #313131; --ub-button-hover-color: #ffffff; --ub-button-hover-border: none; font-size: 22px; width: 300px; padding-top: 10px; padding-right: 10px; padding-bottom: 10px; padding-left: 10px; border-top-left-radius: 10px;; border-top-right-radius: 10px;; border-bottom-left-radius: 10px;; border-bottom-right-radius: 10px;; \">\n\t\t\t\t<div class=\"ub-button-content-holder\" style=\"flex-direction: row\">\n\t\t\t\t\t<span class=\"ub-button-block-btn\"><strong>Spier Falls Scoot<br>2:30 PM<\/strong><\/span>\n\t\t\t\t<\/div>\n\t\t\t<\/a>\n\t\t<\/div><\/div>\n\n<div style=\"gap: 20px;margin-top: var(--wp--preset--spacing--x-small); margin-bottom: var(--wp--preset--spacing--x-small); \" class=\"align-button-center ub-buttons orientation-button-row ub-flex-wrap wp-block-ub-button\" id=\"ub-button-64ee9fb4-bf1b-4626-8f16-d8b767bee83c\"><div class=\"ub-button-container\">\n\t\t\t<a href=\"https:\/\/spyderquest.com\/fr\/presidents-ride-dinner\/\" target=\"_self\" class=\"ub-button-block-main\" role=\"button\" style=\"--ub-button-background-color: #0bb4aa; --ub-button-color: #ffffff; --ub-button-border: none; --ub-button-hover-background-color: #313131; --ub-button-hover-color: #ffffff; --ub-button-hover-border: none; font-size: 22px; width: 300px; padding-top: 10px; padding-right: 10px; padding-bottom: 10px; padding-left: 10px; border-top-left-radius: 10px;; border-top-right-radius: 10px;; border-bottom-left-radius: 10px;; border-bottom-right-radius: 10px;; \">\n\t\t\t\t<div class=\"ub-button-content-holder\" style=\"flex-direction: row\">\n\t\t\t\t\t<span class=\"ub-button-block-btn\"><strong>Presidents ride (Commandit\u00e9 par Can-Am)<br>3:00 PM<\/strong> <\/span>\n\t\t\t\t<\/div>\n\t\t\t<\/a>\n\t\t<\/div><\/div>\n\n\n<div style=\"height:100px\" aria-hidden=\"true\" class=\"wp-block-spacer\"><\/div>\n\n\n\n<p><\/p>\n\n\n\n<p><\/p>\n\n\n\n<p><\/p>\n\n\n\n<p><\/p>\n\n\n\n<p><\/p>\n\n\n\n<p><\/p>","protected":false},"excerpt":{"rendered":"<p>Please show up 30 minutes prior to listed departure time with a full tank and an empty bladder. Rides leave at the listed time.<\/p>","protected":false},"author":1,"featured_media":0,"parent":0,"menu_order":0,"comment_status":"closed","ping_status":"closed","template":"custom-template","meta":{"bBlocksCursorData":"","inspiro_hide_title":false,"footnotes":""},"class_list":["post-1843","page","type-page","status-publish","hentry"],"featured_image_src":null,"_links":{"self":[{"href":"https:\/\/spyderquest.com\/fr\/wp-json\/wp\/v2\/pages\/1843","targetHints":{"allow":["GET"]}}],"collection":[{"href":"https:\/\/spyderquest.com\/fr\/wp-json\/wp\/v2\/pages"}],"about":[{"href":"https:\/\/spyderquest.com\/fr\/wp-json\/wp\/v2\/types\/page"}],"author":[{"embeddable":true,"href":"https:\/\/spyderquest.com\/fr\/wp-json\/wp\/v2\/users\/1"}],"replies":[{"embeddable":true,"href":"https:\/\/spyderquest.com\/fr\/wp-json\/wp\/v2\/comments?post=1843"}],"version-history":[{"count":76,"href":"https:\/\/spyderquest.com\/fr\/wp-json\/wp\/v2\/pages\/1843\/revisions"}],"predecessor-version":[{"id":4283,"href":"https:\/\/spyderquest.com\/fr\/wp-json\/wp\/v2\/pages\/1843\/revisions\/4283"}],"wp:attachment":[{"href":"https:\/\/spyderquest.com\/fr\/wp-json\/wp\/v2\/media?parent=1843"}],"curies":[{"name":"wp","href":"https:\/\/api.w.org\/{rel}","templated":true}]}}