{"id":1840,"date":"2023-12-22T15:41:57","date_gmt":"2023-12-22T15:41:57","guid":{"rendered":"https:\/\/spyderquest.com\/?page_id=1840"},"modified":"2026-04-15T15:36:50","modified_gmt":"2026-04-15T19:36:50","slug":"thursday-rides","status":"publish","type":"page","link":"https:\/\/spyderquest.com\/fr\/thursday-rides\/","title":{"rendered":"Thursday Rides"},"content":{"rendered":"<p class=\"has-text-align-center\"><strong>Veuillez vous pr\u00e9senter 30 minutes avant l'heure de d\u00e9part pr\u00e9vue, avec un r\u00e9servoir plein et la vessie vide. <br>Les d\u00e9parts se font \u00e0 l'heure pr\u00e9cise.<\/strong><\/p>\n\n\n\n\n<div style=\"gap: 20px;margin-top: var(--wp--preset--spacing--x-small); margin-bottom: var(--wp--preset--spacing--x-small); \" class=\"align-button-center ub-buttons orientation-button-row ub-flex-wrap wp-block-ub-button\" id=\"ub-button-1dad5470-a16f-41d9-a5b6-3ef89552e19f\"><div class=\"ub-button-container\">\n\t\t\t<a href=\"https:\/\/spyderquest.com\/fr\/going-nowhere-fast\/\" target=\"_self\" class=\"ub-button-block-main\" role=\"button\" style=\"--ub-button-background-color: #0bb4aa; --ub-button-color: #ffffff; --ub-button-border: none; --ub-button-hover-background-color: #313131; --ub-button-hover-color: #ffffff; --ub-button-hover-border: none; font-size: 22px; width: 250px; padding-top: 10px; padding-right: 10px; padding-bottom: 10px; padding-left: 10px; border-top-left-radius: 10px;; border-top-right-radius: 10px;; border-bottom-left-radius: 10px;; border-bottom-right-radius: 10px;; \">\n\t\t\t\t<div class=\"ub-button-content-holder\" style=\"flex-direction: row\">\n\t\t\t\t\t<span class=\"ub-button-block-btn\"><strong><strong><strong>Aller nulle part rapidement<br>6:45 AM<\/strong><\/strong><\/strong>   <\/span>\n\t\t\t\t<\/div>\n\t\t\t<\/a>\n\t\t<\/div><\/div>\n\n<div style=\"gap: 20px;margin-top: var(--wp--preset--spacing--x-small); margin-bottom: var(--wp--preset--spacing--x-small); \" class=\"align-button-center ub-buttons orientation-button-row ub-flex-wrap wp-block-ub-button\" id=\"ub-button-96d81aa8-66ea-4959-9067-314943143474\"><div class=\"ub-button-container\">\n\t\t\t<a href=\"https:\/\/spyderquest.com\/fr\/vermont-country-store\/\" target=\"_self\" class=\"ub-button-block-main\" role=\"button\" style=\"--ub-button-background-color: #0bb4aa; --ub-button-color: #ffffff; --ub-button-border: none; --ub-button-hover-background-color: #313131; --ub-button-hover-color: #ffffff; --ub-button-hover-border: none; font-size: 22px; width: 250px; padding-top: 10px; padding-right: 10px; padding-bottom: 10px; padding-left: 10px; border-top-left-radius: 10px;; border-top-right-radius: 10px;; border-bottom-left-radius: 10px;; border-bottom-right-radius: 10px;; \">\n\t\t\t\t<div class=\"ub-button-content-holder\" style=\"flex-direction: row\">\n\t\t\t\t\t<span class=\"ub-button-block-btn\"><strong>Vermont Country Store<br>8:00 AM<\/strong><\/span>\n\t\t\t\t<\/div>\n\t\t\t<\/a>\n\t\t<\/div><\/div>\n\n<div style=\"gap: 20px;margin-top: var(--wp--preset--spacing--x-small); margin-bottom: var(--wp--preset--spacing--x-small); \" class=\"align-button-center ub-buttons orientation-button-row  wp-block-ub-button\" id=\"ub-button-1d9283ad-0268-4cca-bb64-b946b5f7589b\"><div class=\"ub-button-container\">\n\t\t\t<a href=\"https:\/\/spyderquest.com\/fr\/mount-equinox\/\" target=\"_self\" class=\"ub-button-block-main\" role=\"button\" style=\"--ub-button-background-color: #0bb4aa; --ub-button-color: #ffffff; --ub-button-border: none; --ub-button-hover-background-color: #313131; --ub-button-hover-color: #ffffff; --ub-button-hover-border: none; font-size: 22px; width: 250px; padding-top: 10px; padding-right: 10px; padding-bottom: 10px; padding-left: 10px; border-top-left-radius: 10px;; border-top-right-radius: 10px;; border-bottom-left-radius: 10px;; border-bottom-right-radius: 10px;; \">\n\t\t\t\t<div class=\"ub-button-content-holder\" style=\"flex-direction: row\">\n\t\t\t\t\t<span class=\"ub-button-block-btn\"><strong>Meander to Mount Equinox<br>9:30 AM<\/strong><\/span>\n\t\t\t\t<\/div>\n\t\t\t<\/a>\n\t\t<\/div><\/div>\n\n<div style=\"gap: 20px;margin-top: var(--wp--preset--spacing--x-small); margin-bottom: var(--wp--preset--spacing--x-small); \" class=\"align-button-center ub-buttons orientation-button-row ub-flex-wrap wp-block-ub-button\" id=\"ub-button-51f798d4-cc34-47dd-8706-a3578088298d\"><div class=\"ub-button-container\">\n\t\t\t<a href=\"https:\/\/spyderquest.com\/fr\/the-triple-treat-tour\/\" target=\"_self\" class=\"ub-button-block-main\" role=\"button\" style=\"--ub-button-background-color: #0bb4aa; --ub-button-color: #ffffff; --ub-button-border: none; --ub-button-hover-background-color: #313131; --ub-button-hover-color: #ffffff; --ub-button-hover-border: none; font-size: 22px; width: 250px; padding-top: 10px; padding-right: 10px; padding-bottom: 10px; padding-left: 10px; border-top-left-radius: 10px;; border-top-right-radius: 10px;; border-bottom-left-radius: 10px;; border-bottom-right-radius: 10px;; \">\n\t\t\t\t<div class=\"ub-button-content-holder\" style=\"flex-direction: row\">\n\t\t\t\t\t<span class=\"ub-button-block-btn\"><strong>The Triple Treat Tour - La Tourn\u00e9e Triple Plaisir<br>10:00 AM<\/strong><\/span>\n\t\t\t\t<\/div>\n\t\t\t<\/a>\n\t\t<\/div><\/div>\n\n<div style=\"gap: 20px;margin-top: var(--wp--preset--spacing--x-small); margin-bottom: var(--wp--preset--spacing--x-small); \" class=\"align-button-center ub-buttons orientation-button-row ub-flex-wrap wp-block-ub-button\" id=\"ub-button-7cb17ecc-3e2e-43d2-afea-91455a339a37\"><div class=\"ub-button-container\">\n\t\t\t<a href=\"https:\/\/spyderquest.com\/fr\/saratoga-winery\/\" target=\"_self\" class=\"ub-button-block-main\" role=\"button\" style=\"--ub-button-background-color: #0bb4aa; --ub-button-color: #ffffff; --ub-button-border: none; --ub-button-hover-background-color: #313131; --ub-button-hover-color: #ffffff; --ub-button-hover-border: none; font-size: 22px; width: 250px; padding-top: 10px; padding-right: 10px; padding-bottom: 10px; padding-left: 10px; border-top-left-radius: 10px;; border-top-right-radius: 10px;; border-bottom-left-radius: 10px;; border-bottom-right-radius: 10px;; \">\n\t\t\t\t<div class=\"ub-button-content-holder\" style=\"flex-direction: row\">\n\t\t\t\t\t<span class=\"ub-button-block-btn\"><strong>Saratoga Winery<br>11:00 AM<\/strong> <\/span>\n\t\t\t\t<\/div>\n\t\t\t<\/a>\n\t\t<\/div><\/div>\n\n<div style=\"gap: 20px;margin-top: var(--wp--preset--spacing--x-small); margin-bottom: var(--wp--preset--spacing--x-small); \" class=\"align-button-center ub-buttons orientation-button-row ub-flex-wrap wp-block-ub-button\" id=\"ub-button-6a8dd3ec-9799-4e33-a500-19b3078ee9b7\"><div class=\"ub-button-container\">\n\t\t\t<a href=\"https:\/\/spyderquest.com\/fr\/fast-factory-lunch-saratoga-lake-loop\/\" target=\"_self\" class=\"ub-button-block-main\" role=\"button\" style=\"--ub-button-background-color: #0bb4aa; --ub-button-color: #ffffff; --ub-button-border: none; --ub-button-hover-background-color: #313131; --ub-button-hover-color: #ffffff; --ub-button-hover-border: none; font-size: 22px; width: 250px; padding-top: 10px; padding-right: 10px; padding-bottom: 10px; padding-left: 10px; border-top-left-radius: 10px;; border-top-right-radius: 10px;; border-bottom-left-radius: 10px;; border-bottom-right-radius: 10px;; \">\n\t\t\t\t<div class=\"ub-button-content-holder\" style=\"flex-direction: row\">\n\t\t\t\t\t<span class=\"ub-button-block-btn\"><strong>Saratoga Lake Loop &amp; Lunch<br>11:15 AM<\/strong><\/span>\n\t\t\t\t<\/div>\n\t\t\t<\/a>\n\t\t<\/div><\/div>\n\n<div style=\"gap: 20px;margin-top: var(--wp--preset--spacing--x-small); margin-bottom: var(--wp--preset--spacing--x-small); \" class=\"align-button-center ub-buttons orientation-button-row ub-flex-wrap wp-block-ub-button\" id=\"ub-button-557c79a9-a293-428a-8e8d-7406d31e763b\"><div class=\"ub-button-container\">\n\t\t\t<a href=\"https:\/\/spyderquest.com\/fr\/marthas-dandee-ice-cream-scoot\/\" target=\"_self\" class=\"ub-button-block-main\" role=\"button\" style=\"--ub-button-background-color: #0bb4aa; --ub-button-color: #ffffff; --ub-button-border: none; --ub-button-hover-background-color: #313131; --ub-button-hover-color: #ffffff; --ub-button-hover-border: none; font-size: 22px; width: 250px; padding-top: 10px; padding-right: 10px; padding-bottom: 10px; padding-left: 10px; border-top-left-radius: 10px;; border-top-right-radius: 10px;; border-bottom-left-radius: 10px;; border-bottom-right-radius: 10px;; \">\n\t\t\t\t<div class=\"ub-button-content-holder\" style=\"flex-direction: row\">\n\t\t\t\t\t<span class=\"ub-button-block-btn\"><strong>Martha Ice Cream Scoot<br>1:00 PM<\/strong> <\/span>\n\t\t\t\t<\/div>\n\t\t\t<\/a>\n\t\t<\/div><\/div>\n\n<div style=\"gap: 20px;margin-top: var(--wp--preset--spacing--x-small); margin-bottom: var(--wp--preset--spacing--x-small); \" class=\"align-button-center ub-buttons orientation-button-row ub-flex-wrap wp-block-ub-button\" id=\"ub-button-cc6c67df-86f0-4b21-8eb4-6d00497f8ca9\"><div class=\"ub-button-container\">\n\t\t\t<a href=\"https:\/\/spyderquest.com\/fr\/afternoon-stroll\/\" target=\"_self\" class=\"ub-button-block-main\" role=\"button\" style=\"--ub-button-background-color: #0bb4aa; --ub-button-color: #ffffff; --ub-button-border: none; --ub-button-hover-background-color: #313131; --ub-button-hover-color: #ffffff; --ub-button-hover-border: none; font-size: 22px; width: 250px; padding-top: 10px; padding-right: 10px; padding-bottom: 10px; padding-left: 10px; border-top-left-radius: 10px;; border-top-right-radius: 10px;; border-bottom-left-radius: 10px;; border-bottom-right-radius: 10px;; \">\n\t\t\t\t<div class=\"ub-button-content-holder\" style=\"flex-direction: row\">\n\t\t\t\t\t<span class=\"ub-button-block-btn\"><strong>Afternoon Stroller<br>1:30 PM<\/strong><\/span>\n\t\t\t\t<\/div>\n\t\t\t<\/a>\n\t\t<\/div><\/div>\n\n<div style=\"gap: 20px;margin-top: var(--wp--preset--spacing--x-small); margin-bottom: var(--wp--preset--spacing--x-small); \" class=\"align-button-center ub-buttons orientation-button-row ub-flex-wrap wp-block-ub-button\" id=\"ub-button-543b6577-d144-4937-8c1f-7d15d244b05a\"><div class=\"ub-button-container\">\n\t\t\t<a href=\"https:\/\/spyderquest.com\/fr\/saratoga-battlefield\/\" target=\"_self\" class=\"ub-button-block-main\" role=\"button\" style=\"--ub-button-background-color: #0bb4aa; --ub-button-color: #ffffff; --ub-button-border: none; --ub-button-hover-background-color: #313131; --ub-button-hover-color: #ffffff; --ub-button-hover-border: none; font-size: 22px; width: 250px; padding-top: 10px; padding-right: 10px; padding-bottom: 10px; padding-left: 10px; border-top-left-radius: 10px;; border-top-right-radius: 10px;; border-bottom-left-radius: 10px;; border-bottom-right-radius: 10px;; \">\n\t\t\t\t<div class=\"ub-button-content-holder\" style=\"flex-direction: row\">\n\t\t\t\t\t<span class=\"ub-button-block-btn\"><strong>Saratoga Battlefield<br>2:00 PM<\/strong><br><\/span>\n\t\t\t\t<\/div>\n\t\t\t<\/a>\n\t\t<\/div><\/div>\n\n<div style=\"gap: 20px;margin-top: var(--wp--preset--spacing--x-small); margin-bottom: var(--wp--preset--spacing--x-small); \" class=\"align-button-center ub-buttons orientation-button-row ub-flex-wrap wp-block-ub-button\" id=\"ub-button-b547c8ab-2774-42e5-8016-6f2e6c8ce2db\"><div class=\"ub-button-container\">\n\t\t\t<a href=\"https:\/\/spyderquest.com\/fr\/lost-but-making-good-time\/\" target=\"_self\" class=\"ub-button-block-main\" role=\"button\" style=\"--ub-button-background-color: #0bb4aa; --ub-button-color: #ffffff; --ub-button-border: none; --ub-button-hover-background-color: #313131; --ub-button-hover-color: #ffffff; --ub-button-hover-border: none; font-size: 22px; width: 250px; padding-top: 10px; padding-right: 10px; padding-bottom: 10px; padding-left: 10px; border-top-left-radius: 10px;; border-top-right-radius: 10px;; border-bottom-left-radius: 10px;; border-bottom-right-radius: 10px;; \">\n\t\t\t\t<div class=\"ub-button-content-holder\" style=\"flex-direction: row\">\n\t\t\t\t\t<span class=\"ub-button-block-btn\"><strong>Lost But Making Good Time<br>2:30 PM<\/strong><\/span>\n\t\t\t\t<\/div>\n\t\t\t<\/a>\n\t\t<\/div><\/div>\n\n<div style=\"gap: 20px;margin-top: var(--wp--preset--spacing--x-small); margin-bottom: var(--wp--preset--spacing--x-small); \" class=\"align-button-center ub-buttons orientation-button-row ub-flex-wrap wp-block-ub-button\" id=\"ub-button-5ce43eaf-8abd-4573-adc0-61958f75b6dc\"><div class=\"ub-button-container\">\n\t\t\t<a href=\"https:\/\/spyderquest.com\/fr\/light-parade\/\" target=\"_self\" class=\"ub-button-block-main\" role=\"button\" style=\"--ub-button-background-color: #0bb4aa; --ub-button-color: #ffffff; --ub-button-border: none; --ub-button-hover-background-color: #313131; --ub-button-hover-color: #ffffff; --ub-button-hover-border: none; font-size: 22px; width: 250px; padding-top: 10px; padding-right: 10px; padding-bottom: 10px; padding-left: 10px; border-top-left-radius: 10px;; border-top-right-radius: 10px;; border-bottom-left-radius: 10px;; border-bottom-right-radius: 10px;; \">\n\t\t\t\t<div class=\"ub-button-content-holder\" style=\"flex-direction: row\">\n\t\t\t\t\t<span class=\"ub-button-block-btn\"><strong>D\u00e9fil\u00e9 des lumi\u00e8res<br>7:00 PM<\/strong><br><\/span>\n\t\t\t\t<\/div>\n\t\t\t<\/a>\n\t\t<\/div><\/div>\n\n\n<p><\/p>\n\n\n\n<p><\/p>\n\n\n\n<p><\/p>\n\n\n\n<p><\/p>\n\n\n\n<p><\/p>\n\n\n\n<p><\/p>\n\n\n\n<p><\/p>\n\n\n\n<p><\/p>\n\n\n\n<p><\/p>\n\n\n\n<p><\/p>\n\n\n\n<p><\/p>\n\n\n\n<p><\/p>","protected":false},"excerpt":{"rendered":"<p>Please show up 30 minutes prior to listed departure time with a full tank and an empty bladder. Rides leave at the listed time.<\/p>","protected":false},"author":1,"featured_media":0,"parent":0,"menu_order":0,"comment_status":"closed","ping_status":"closed","template":"custom-template","meta":{"bBlocksCursorData":"","inspiro_hide_title":false,"footnotes":""},"class_list":["post-1840","page","type-page","status-publish","hentry"],"featured_image_src":null,"_links":{"self":[{"href":"https:\/\/spyderquest.com\/fr\/wp-json\/wp\/v2\/pages\/1840","targetHints":{"allow":["GET"]}}],"collection":[{"href":"https:\/\/spyderquest.com\/fr\/wp-json\/wp\/v2\/pages"}],"about":[{"href":"https:\/\/spyderquest.com\/fr\/wp-json\/wp\/v2\/types\/page"}],"author":[{"embeddable":true,"href":"https:\/\/spyderquest.com\/fr\/wp-json\/wp\/v2\/users\/1"}],"replies":[{"embeddable":true,"href":"https:\/\/spyderquest.com\/fr\/wp-json\/wp\/v2\/comments?post=1840"}],"version-history":[{"count":77,"href":"https:\/\/spyderquest.com\/fr\/wp-json\/wp\/v2\/pages\/1840\/revisions"}],"predecessor-version":[{"id":4281,"href":"https:\/\/spyderquest.com\/fr\/wp-json\/wp\/v2\/pages\/1840\/revisions\/4281"}],"wp:attachment":[{"href":"https:\/\/spyderquest.com\/fr\/wp-json\/wp\/v2\/media?parent=1840"}],"curies":[{"name":"wp","href":"https:\/\/api.w.org\/{rel}","templated":true}]}}