{"id":1738,"date":"2023-12-13T02:46:41","date_gmt":"2023-12-13T02:46:41","guid":{"rendered":"https:\/\/spyderquest.com\/?page_id=1738"},"modified":"2026-04-15T15:49:06","modified_gmt":"2026-04-15T19:49:06","slug":"saturday-rides","status":"publish","type":"page","link":"https:\/\/spyderquest.com\/fr\/saturday-rides\/","title":{"rendered":"Saturday Rides"},"content":{"rendered":"<p class=\"has-text-align-center\"><strong>Veuillez vous pr\u00e9senter 30 minutes avant l'heure de d\u00e9part pr\u00e9vue, avec un r\u00e9servoir plein et la vessie vide. <br>Rides leave at the listed time, rain or shine.<\/strong><\/p>\n\n\n\n\n\n\n\n\n<div style=\"gap: 20px;margin-top: var(--wp--preset--spacing--x-small); margin-bottom: var(--wp--preset--spacing--x-small); \" class=\"align-button-center ub-buttons orientation-button-row ub-flex-wrap wp-block-ub-button\" id=\"ub-button-a718c18f-c8b6-4861-a627-3d8346650c96\"><div class=\"ub-button-container\">\n\t\t\t<a href=\"https:\/\/spyderquest.com\/fr\/going-nowhere-fast\/\" target=\"_self\" class=\"ub-button-block-main\" role=\"button\" style=\"--ub-button-background-color: #0bb4aa; --ub-button-color: #ffffff; --ub-button-border: none; --ub-button-hover-background-color: #313131; --ub-button-hover-color: #ffffff; --ub-button-hover-border: none; font-size: 22px; width: 300px; padding-top: 10px; padding-right: 10px; padding-bottom: 10px; padding-left: 10px; border-top-left-radius: 10px;; border-top-right-radius: 10px;; border-bottom-left-radius: 10px;; border-bottom-right-radius: 10px;; \">\n\t\t\t\t<div class=\"ub-button-content-holder\" style=\"flex-direction: row\">\n\t\t\t\t\t<span class=\"ub-button-block-btn\"><strong><strong>Aller nulle part rapidement<br>6:45 AM<\/strong><\/strong><\/span>\n\t\t\t\t<\/div>\n\t\t\t<\/a>\n\t\t<\/div><\/div>\n\n<div style=\"gap: 20px;margin-top: var(--wp--preset--spacing--x-small); margin-bottom: var(--wp--preset--spacing--x-small); \" class=\"align-button-center ub-buttons orientation-button-row ub-flex-wrap wp-block-ub-button\" id=\"ub-button-72f7b6c1-07bb-4c50-bdd3-4f523aad911a\"><div class=\"ub-button-container\">\n\t\t\t<a href=\"https:\/\/spyderquest.com\/fr\/bennington-battle-monument-covered-bridge-loop\/\" target=\"_self\" class=\"ub-button-block-main\" role=\"button\" style=\"--ub-button-background-color: #0bb4aa; --ub-button-color: #ffffff; --ub-button-border: none; --ub-button-hover-background-color: #313131; --ub-button-hover-color: #ffffff; --ub-button-hover-border: none; font-size: 22px; width: 300px; padding-top: 10px; padding-right: 10px; padding-bottom: 10px; padding-left: 10px; border-top-left-radius: 10px;; border-top-right-radius: 10px;; border-bottom-left-radius: 10px;; border-bottom-right-radius: 10px;; \">\n\t\t\t\t<div class=\"ub-button-content-holder\" style=\"flex-direction: row\">\n\t\t\t\t\t<span class=\"ub-button-block-btn\"><strong>Bennington Battle Monument &amp; Covered Bridge Loop<br>8:00 AM<\/strong> <\/span>\n\t\t\t\t<\/div>\n\t\t\t<\/a>\n\t\t<\/div><\/div>\n\n<div style=\"gap: 20px;margin-top: var(--wp--preset--spacing--x-small); margin-bottom: var(--wp--preset--spacing--x-small); \" class=\"align-button-center ub-buttons orientation-button-row ub-flex-wrap wp-block-ub-button\" id=\"ub-button-c416a197-3f55-4a47-ba02-69e3a9f1e896\"><div class=\"ub-button-container\">\n\t\t\t<a href=\"https:\/\/spyderquest.com\/fr\/historic-schoharie-crossing-yankee-hill-lock-28\/\" target=\"_self\" class=\"ub-button-block-main\" role=\"button\" style=\"--ub-button-background-color: #0bb4aa; --ub-button-color: #ffffff; --ub-button-border: none; --ub-button-hover-background-color: #313131; --ub-button-hover-color: #ffffff; --ub-button-hover-border: none; font-size: 22px; width: 300px; padding-top: 10px; padding-right: 10px; padding-bottom: 10px; padding-left: 10px; border-top-left-radius: 10px;; border-top-right-radius: 10px;; border-bottom-left-radius: 10px;; border-bottom-right-radius: 10px;; \">\n\t\t\t\t<div class=\"ub-button-content-holder\" style=\"flex-direction: row\">\n\t\t\t\t\t<span class=\"ub-button-block-btn\"><strong>Historic Schoharie Crossing &amp; Yankee Hill Lock #28<br>9:00 AM<\/strong><\/span>\n\t\t\t\t<\/div>\n\t\t\t<\/a>\n\t\t<\/div><\/div>\n\n<div style=\"gap: 20px;margin-top: var(--wp--preset--spacing--x-small); margin-bottom: var(--wp--preset--spacing--x-small); \" class=\"align-button-center ub-buttons orientation-button-row ub-flex-wrap wp-block-ub-button\" id=\"ub-button-99b80dbf-1b75-4abd-87ee-90d52a1f2281\"><div class=\"ub-button-container\">\n\t\t\t<a href=\"https:\/\/spyderquest.com\/fr\/speculator\/\" target=\"_self\" class=\"ub-button-block-main\" role=\"button\" style=\"--ub-button-background-color: #0bb4aa; --ub-button-color: #ffffff; --ub-button-border: none; --ub-button-hover-background-color: #313131; --ub-button-hover-color: #ffffff; --ub-button-hover-border: none; font-size: 22px; width: 300px; padding-top: 10px; padding-right: 10px; padding-bottom: 10px; padding-left: 10px; border-top-left-radius: 10px;; border-top-right-radius: 10px;; border-bottom-left-radius: 10px;; border-bottom-right-radius: 10px;; \">\n\t\t\t\t<div class=\"ub-button-content-holder\" style=\"flex-direction: row\">\n\t\t\t\t\t<span class=\"ub-button-block-btn\"><strong><strong>Speculator<br>9:30 AM<\/strong><\/strong> <\/span>\n\t\t\t\t<\/div>\n\t\t\t<\/a>\n\t\t<\/div><\/div>\n\n<div style=\"gap: 20px;margin-top: var(--wp--preset--spacing--x-small); margin-bottom: var(--wp--preset--spacing--x-small); \" class=\"align-button-center ub-buttons orientation-button-row ub-flex-wrap wp-block-ub-button\" id=\"ub-button-9ce6eb2c-88b8-4e2a-84cc-1e0bb109ad23\"><div class=\"ub-button-container\">\n\t\t\t<a href=\"https:\/\/spyderquest.com\/fr\/patriot-ride-lunch\/\" target=\"_self\" class=\"ub-button-block-main\" role=\"button\" style=\"--ub-button-background-color: #0bb4aa; --ub-button-color: #ffffff; --ub-button-border: none; --ub-button-hover-background-color: #313131; --ub-button-hover-color: #ffffff; --ub-button-hover-border: none; font-size: 22px; width: 293px; padding-top: 10px; padding-right: 10px; padding-bottom: 10px; padding-left: 10px; border-top-left-radius: 10px;; border-top-right-radius: 10px;; border-bottom-left-radius: 10px;; border-bottom-right-radius: 10px;; \">\n\t\t\t\t<div class=\"ub-button-content-holder\" style=\"flex-direction: row\">\n\t\t\t\t\t<span class=\"ub-button-block-btn\"><strong><strong>Patriot Ride avec lunch<br>10:00 AM<\/strong><\/strong>  <\/span>\n\t\t\t\t<\/div>\n\t\t\t<\/a>\n\t\t<\/div><\/div>\n\n<div style=\"gap: 20px;margin-top: var(--wp--preset--spacing--x-small); margin-bottom: var(--wp--preset--spacing--x-small); \" class=\"align-button-center ub-buttons orientation-button-row ub-flex-wrap wp-block-ub-button\" id=\"ub-button-73b215b5-9511-4ae6-8ee6-abacca26ad9b\"><div class=\"ub-button-container\">\n\t\t\t<a href=\"https:\/\/spyderquest.com\/fr\/saratoga-homestead-farmers-daughter-ice-cream-run\/\" target=\"_self\" class=\"ub-button-block-main\" role=\"button\" style=\"--ub-button-background-color: #0bb4aa; --ub-button-color: #ffffff; --ub-button-border: none; --ub-button-hover-background-color: #313131; --ub-button-hover-color: #ffffff; --ub-button-hover-border: none; font-size: 22px; width: 300px; padding-top: 10px; padding-right: 10px; padding-bottom: 10px; padding-left: 10px; border-top-left-radius: 10px;; border-top-right-radius: 10px;; border-bottom-left-radius: 10px;; border-bottom-right-radius: 10px;; \">\n\t\t\t\t<div class=\"ub-button-content-holder\" style=\"flex-direction: row\">\n\t\t\t\t\t<span class=\"ub-button-block-btn\"><strong>Saratoga Homestead-Farmers Daughter ice cream run<br>10:15 AM<\/strong> <\/span>\n\t\t\t\t<\/div>\n\t\t\t<\/a>\n\t\t<\/div><\/div>\n\n<div style=\"gap: 20px;margin-top: var(--wp--preset--spacing--x-small); margin-bottom: var(--wp--preset--spacing--x-small); \" class=\"align-button-center ub-buttons orientation-button-row ub-flex-wrap wp-block-ub-button\" id=\"ub-button-7f72a4ed-6188-4355-aa87-7437b48e48bc\"><div class=\"ub-button-container\">\n\t\t\t<a href=\"https:\/\/spyderquest.com\/fr\/ladies-ride\/\" target=\"_self\" class=\"ub-button-block-main\" role=\"button\" style=\"--ub-button-background-color: #0bb4aa; --ub-button-color: #ffffff; --ub-button-border: none; --ub-button-hover-background-color: #313131; --ub-button-hover-color: #ffffff; --ub-button-hover-border: none; font-size: 22px; width: 300px; padding-top: 10px; padding-right: 10px; padding-bottom: 10px; padding-left: 10px; border-top-left-radius: 10px;; border-top-right-radius: 10px;; border-bottom-left-radius: 10px;; border-bottom-right-radius: 10px;; \">\n\t\t\t\t<div class=\"ub-button-content-holder\" style=\"flex-direction: row\">\n\t\t\t\t\t<span class=\"ub-button-block-btn\"><strong><strong>Can-Am Windsisters (Randonn\u00e9e des femmes avec  diner inclus<\/strong>)<br>10:30 AM<\/strong><\/span>\n\t\t\t\t<\/div>\n\t\t\t<\/a>\n\t\t<\/div><\/div>\n\n<div style=\"gap: 20px;margin-top: var(--wp--preset--spacing--x-small); margin-bottom: var(--wp--preset--spacing--x-small); \" class=\"align-button-center ub-buttons orientation-button-row ub-flex-wrap wp-block-ub-button\" id=\"ub-button-bc6d43fb-4fe7-4ab3-864e-03feda376c37\"><div class=\"ub-button-container\">\n\t\t\t<a href=\"https:\/\/spyderquest.com\/fr\/covered-bridge-marthas-ice-cream\/\" target=\"_self\" class=\"ub-button-block-main\" role=\"button\" style=\"--ub-button-background-color: #0bb4aa; --ub-button-color: #ffffff; --ub-button-border: none; --ub-button-hover-background-color: #313131; --ub-button-hover-color: #ffffff; --ub-button-hover-border: none; font-size: 22px; width: 300px; padding-top: 10px; padding-right: 10px; padding-bottom: 10px; padding-left: 10px; border-top-left-radius: 10px;; border-top-right-radius: 10px;; border-bottom-left-radius: 10px;; border-bottom-right-radius: 10px;; \">\n\t\t\t\t<div class=\"ub-button-content-holder\" style=\"flex-direction: row\">\n\t\t\t\t\t<span class=\"ub-button-block-btn\"><strong>Covered Bridge\/Martha&#8217;s Ice Cream<br>11:00 AM<\/strong> <\/span>\n\t\t\t\t<\/div>\n\t\t\t<\/a>\n\t\t<\/div><\/div>\n\n\n<p><\/p>\n\n\n\n<p><\/p>\n\n\n\n<p><\/p>\n\n\n\n<p><\/p>\n\n\n\n<p><\/p>\n\n\n\n<p><\/p>\n\n\n\n<p><\/p>\n\n\n\n<p><\/p>\n\n\n\n<p><\/p>\n\n\n\n<div style=\"height:100px\" aria-hidden=\"true\" class=\"wp-block-spacer\"><\/div>","protected":false},"excerpt":{"rendered":"<p>Please show up 30 minutes prior to listed departure time with a full tank and an empty bladder. Rides leave at the listed time, rain or shine.<\/p>","protected":false},"author":1,"featured_media":0,"parent":0,"menu_order":0,"comment_status":"closed","ping_status":"closed","template":"custom-template","meta":{"bBlocksCursorData":"","inspiro_hide_title":false,"footnotes":""},"class_list":["post-1738","page","type-page","status-publish","hentry"],"featured_image_src":null,"_links":{"self":[{"href":"https:\/\/spyderquest.com\/fr\/wp-json\/wp\/v2\/pages\/1738","targetHints":{"allow":["GET"]}}],"collection":[{"href":"https:\/\/spyderquest.com\/fr\/wp-json\/wp\/v2\/pages"}],"about":[{"href":"https:\/\/spyderquest.com\/fr\/wp-json\/wp\/v2\/types\/page"}],"author":[{"embeddable":true,"href":"https:\/\/spyderquest.com\/fr\/wp-json\/wp\/v2\/users\/1"}],"replies":[{"embeddable":true,"href":"https:\/\/spyderquest.com\/fr\/wp-json\/wp\/v2\/comments?post=1738"}],"version-history":[{"count":62,"href":"https:\/\/spyderquest.com\/fr\/wp-json\/wp\/v2\/pages\/1738\/revisions"}],"predecessor-version":[{"id":4285,"href":"https:\/\/spyderquest.com\/fr\/wp-json\/wp\/v2\/pages\/1738\/revisions\/4285"}],"wp:attachment":[{"href":"https:\/\/spyderquest.com\/fr\/wp-json\/wp\/v2\/media?parent=1738"}],"curies":[{"name":"wp","href":"https:\/\/api.w.org\/{rel}","templated":true}]}}