{"id":1734,"date":"2023-12-13T02:42:59","date_gmt":"2023-12-13T02:42:59","guid":{"rendered":"https:\/\/spyderquest.com\/?page_id=1734"},"modified":"2025-04-27T19:03:17","modified_gmt":"2025-04-27T23:03:17","slug":"closing-ceremony","status":"publish","type":"page","link":"https:\/\/spyderquest.com\/fr\/closing-ceremony\/","title":{"rendered":"C\u00e9r\u00e9monie de cl\u00f4ture :"},"content":{"rendered":"<div style=\"height:37px\" aria-hidden=\"true\" class=\"wp-block-spacer\"><\/div>\n\n\n\n<p class=\"has-text-align-center has-large-font-size\"><strong>17:00 \u00e0 21:30 <\/strong><\/p>\n\n\n\n<div style=\"height:37px\" aria-hidden=\"true\" class=\"wp-block-spacer\"><\/div>\n\n\n\n<p class=\"has-text-align-center\">\u00a0La c\u00e9r\u00e9monie d'ouverture se tiendra dans la salle de bal du Gideon Putnam.<\/p>\n\n\n\n<p class=\"has-text-align-center\">Dinner style buffet, avec un bar payant. Beaucoup de plaisir avec du bingo Farkle, des tirages au sort, des ench\u00e8res en centimes et tout simplement un excellent moment. Profitez de ce moment agr\u00e9able avec les nouveaux amis que vous avez rencontr\u00e9s lors de l'\u00e9dition de cette ann\u00e9e de SpyderQuest<\/p>\n\n\n\n<p><\/p>\n\n\n\n<p class=\"has-text-align-center has-secondary-color has-text-color has-link-color wp-elements-b37564e0c63937673469bbfdbe1cbac6\"><mark class=\"bBlocksTextHighlight\"><strong>N\u2019oubliez pas vos billets pour la ventes aux ench\u00e8res\u2026<\/strong><\/mark><\/p>\n\n\n\n<figure class=\"wp-block-image aligncenter size-full\"><img loading=\"lazy\" decoding=\"async\" width=\"800\" height=\"533\" src=\"https:\/\/spyderquest.com\/wp-content\/uploads\/2025\/03\/image-15.png\" alt=\"\" class=\"wp-image-3363\" srcset=\"https:\/\/spyderquest.com\/wp-content\/uploads\/2025\/03\/image-15.png 800w, https:\/\/spyderquest.com\/wp-content\/uploads\/2025\/03\/image-15-300x200.png 300w, https:\/\/spyderquest.com\/wp-content\/uploads\/2025\/03\/image-15-18x12.png 18w\" sizes=\"auto, (max-width: 800px) 100vw, 800px\" \/><\/figure>\n\n\n\n<figure class=\"wp-block-image aligncenter size-full is-resized\"><img loading=\"lazy\" decoding=\"async\" width=\"800\" height=\"471\" src=\"https:\/\/spyderquest.com\/wp-content\/uploads\/2024\/02\/Closing.jpg\" alt=\"\" class=\"wp-image-2059\" style=\"width:754px;height:auto\" srcset=\"https:\/\/spyderquest.com\/wp-content\/uploads\/2024\/02\/Closing.jpg 800w, https:\/\/spyderquest.com\/wp-content\/uploads\/2024\/02\/Closing-300x177.jpg 300w, https:\/\/spyderquest.com\/wp-content\/uploads\/2024\/02\/Closing-18x12.jpg 18w\" sizes=\"auto, (max-width: 800px) 100vw, 800px\" \/><\/figure>\n\n\n\n<figure class=\"wp-block-image aligncenter size-full\"><img loading=\"lazy\" decoding=\"async\" width=\"800\" height=\"533\" src=\"https:\/\/spyderquest.com\/wp-content\/uploads\/2025\/03\/image-16.png\" alt=\"\" class=\"wp-image-3365\" srcset=\"https:\/\/spyderquest.com\/wp-content\/uploads\/2025\/03\/image-16.png 800w, https:\/\/spyderquest.com\/wp-content\/uploads\/2025\/03\/image-16-300x200.png 300w, https:\/\/spyderquest.com\/wp-content\/uploads\/2025\/03\/image-16-18x12.png 18w\" sizes=\"auto, (max-width: 800px) 100vw, 800px\" \/><\/figure>\n\n\n\n<figure class=\"wp-block-image aligncenter size-full\"><img loading=\"lazy\" decoding=\"async\" width=\"800\" height=\"533\" src=\"https:\/\/spyderquest.com\/wp-content\/uploads\/2025\/03\/image-17.png\" alt=\"\" class=\"wp-image-3366\" srcset=\"https:\/\/spyderquest.com\/wp-content\/uploads\/2025\/03\/image-17.png 800w, https:\/\/spyderquest.com\/wp-content\/uploads\/2025\/03\/image-17-300x200.png 300w, https:\/\/spyderquest.com\/wp-content\/uploads\/2025\/03\/image-17-18x12.png 18w\" sizes=\"auto, (max-width: 800px) 100vw, 800px\" \/><\/figure>","protected":false},"excerpt":{"rendered":"<p>5:00pm &#8211; 9:30pm \u00a0Closing Ceremony will be held in the Gideon Putnam Ball Room. Formal sit-down buffet style dinner with a cash bar. Lots of fun with Farkle bingo, throw out give aways, penny auctions and just a great time. Enjoy the fun time with the new friends you have met during this year&#8217;s SpyderQuest. &hellip; <\/p>\n<p class=\"link-more\"><a href=\"https:\/\/spyderquest.com\/fr\/closing-ceremony\/\" class=\"more-link\">Read more<span class=\"screen-reader-text\"> &#8220;Closing Ceremony&#8221;<\/span><\/a><\/p>","protected":false},"author":1,"featured_media":0,"parent":0,"menu_order":0,"comment_status":"closed","ping_status":"closed","template":"custom-template","meta":{"bBlocksCursorData":"","inspiro_hide_title":false,"footnotes":""},"class_list":["post-1734","page","type-page","status-publish","hentry"],"featured_image_src":null,"_links":{"self":[{"href":"https:\/\/spyderquest.com\/fr\/wp-json\/wp\/v2\/pages\/1734","targetHints":{"allow":["GET"]}}],"collection":[{"href":"https:\/\/spyderquest.com\/fr\/wp-json\/wp\/v2\/pages"}],"about":[{"href":"https:\/\/spyderquest.com\/fr\/wp-json\/wp\/v2\/types\/page"}],"author":[{"embeddable":true,"href":"https:\/\/spyderquest.com\/fr\/wp-json\/wp\/v2\/users\/1"}],"replies":[{"embeddable":true,"href":"https:\/\/spyderquest.com\/fr\/wp-json\/wp\/v2\/comments?post=1734"}],"version-history":[{"count":10,"href":"https:\/\/spyderquest.com\/fr\/wp-json\/wp\/v2\/pages\/1734\/revisions"}],"predecessor-version":[{"id":3492,"href":"https:\/\/spyderquest.com\/fr\/wp-json\/wp\/v2\/pages\/1734\/revisions\/3492"}],"wp:attachment":[{"href":"https:\/\/spyderquest.com\/fr\/wp-json\/wp\/v2\/media?parent=1734"}],"curies":[{"name":"wp","href":"https:\/\/api.w.org\/{rel}","templated":true}]}}