{"id":15,"date":"2017-12-13T21:58:33","date_gmt":"2017-12-13T21:58:33","guid":{"rendered":"https:\/\/spyderquest.com\/?page_id=15"},"modified":"2026-04-12T11:55:51","modified_gmt":"2026-04-12T15:55:51","slug":"home","status":"publish","type":"page","link":"https:\/\/spyderquest.com\/fr\/","title":{"rendered":"Accueil"},"content":{"rendered":"<div id=\"mega-menu-wrap-primary\" class=\"mega-menu-wrap\"><div class=\"mega-menu-toggle\"><div class=\"mega-toggle-blocks-left\"><div class='mega-toggle-block mega-menu-toggle-animated-block mega-toggle-block-1' id='mega-toggle-block-1'><button aria-label=\"Menu\" class=\"mega-toggle-animated mega-toggle-animated-slider\" type=\"button\" aria-haspopup=\"true\" aria-expanded=\"false\" aria-controls=\"mega-menu-primary\">\n                  <span class=\"mega-toggle-animated-box\">\n                    <span class=\"mega-toggle-animated-inner\"><\/span>\n                  <\/span>\n                <\/button><\/div><\/div><div class=\"mega-toggle-blocks-center\"><\/div><div class=\"mega-toggle-blocks-right\"><\/div><\/div><ul id=\"mega-menu-primary\" class=\"mega-menu max-mega-menu mega-menu-horizontal mega-no-js\" data-event=\"hover_intent\" data-effect=\"fade_up\" data-effect-speed=\"200\" data-effect-mobile=\"disabled\" data-effect-speed-mobile=\"0\" data-mobile-force-width=\"false\" data-second-click=\"go\" data-document-click=\"collapse\" data-vertical-behaviour=\"standard\" data-breakpoint=\"768\" data-unbind=\"true\" data-mobile-state=\"collapse_all\" data-mobile-direction=\"vertical\" data-hover-intent-timeout=\"300\" data-hover-intent-interval=\"100\"><li class=\"mega-menu-item mega-menu-item-type-post_type mega-menu-item-object-page mega-menu-item-home mega-align-bottom-left mega-menu-flyout mega-has-icon mega-icon-left mega-menu-item-2244\" id=\"mega-menu-item-2244\"><a class=\"dashicons-admin-home mega-menu-link\" href=\"https:\/\/spyderquest.com\/fr\/\">Accueil<\/a><\/li><li class=\"mega-menu-item mega-menu-item-type-post_type mega-menu-item-object-page mega-align-bottom-left mega-menu-flyout mega-menu-item-2283\" id=\"mega-menu-item-2283\"><a class=\"mega-menu-link\" href=\"https:\/\/spyderquest.com\/fr\/vendors-sponsors-donations\/\">Commanditaires<\/a><\/li><li class=\"mega-menu-item mega-menu-item-type-post_type mega-menu-item-object-page mega-align-bottom-left mega-menu-flyout mega-menu-item-2247\" id=\"mega-menu-item-2247\"><a class=\"mega-menu-link\" href=\"https:\/\/spyderquest.com\/fr\/itinerary\/\">Horaire<\/a><\/li><li class=\"mega-menu-item mega-menu-item-type-post_type mega-menu-item-object-page mega-align-bottom-left mega-menu-flyout mega-menu-item-2248\" id=\"mega-menu-item-2248\"><a class=\"mega-menu-link\" href=\"https:\/\/spyderquest.com\/fr\/online-registration\/\">Inscription en ligne<\/a><\/li><li class=\"mega-menu-item mega-menu-item-type-post_type mega-menu-item-object-page mega-align-bottom-left mega-menu-flyout mega-menu-item-2249\" id=\"mega-menu-item-2249\"><a class=\"mega-menu-link\" href=\"https:\/\/spyderquest.com\/fr\/pictures\/\">Images<\/a><\/li><li class=\"mega-menu-item mega-menu-item-type-post_type mega-menu-item-object-page mega-align-bottom-left mega-menu-flyout mega-menu-item-2253\" id=\"mega-menu-item-2253\"><a class=\"mega-menu-link\" href=\"https:\/\/spyderquest.com\/fr\/where-to-stay\/\">H\u00e9bergement<\/a><\/li><li class=\"mega-menu-item mega-menu-item-type-post_type mega-menu-item-object-page mega-align-bottom-left mega-menu-flyout mega-menu-item-2245\" id=\"mega-menu-item-2245\"><a class=\"mega-menu-link\" href=\"https:\/\/spyderquest.com\/fr\/contact\/\">Nous joindre<\/a><\/li><li class=\"mega-menu-item mega-menu-item-type-post_type mega-menu-item-object-page mega-align-bottom-left mega-menu-flyout mega-menu-item-2926\" id=\"mega-menu-item-2926\"><a class=\"mega-menu-link\" href=\"https:\/\/spyderquest.com\/fr\/charity\/\">CHARITY<\/a><\/li><li class=\"mega-menu-item mega-menu-item-type-post_type mega-menu-item-object-page mega-align-bottom-left mega-menu-flyout mega-menu-item-2931\" id=\"mega-menu-item-2931\"><a class=\"mega-menu-link\" href=\"https:\/\/spyderquest.com\/fr\/thank-you\/\">Thank You<\/a><\/li><li class=\"mega-menu-item mega-menu-item-type-post_type mega-menu-item-object-page mega-align-bottom-left mega-menu-flyout mega-menu-item-2932\" id=\"mega-menu-item-2932\"><a class=\"mega-menu-link\" href=\"https:\/\/spyderquest.com\/fr\/things-to-do\/\">Things to do<\/a><\/li><li class=\"mega-menu-item mega-menu-item-type-post_type mega-menu-item-object-page mega-align-bottom-left mega-menu-flyout mega-menu-item-2246\" id=\"mega-menu-item-2246\"><a class=\"mega-menu-link\" href=\"https:\/\/spyderquest.com\/fr\/vendor-form\/\">FAQ<\/a><\/li><li class=\"mega-menu-item mega-menu-item-type-post_type mega-menu-item-object-page mega-align-bottom-left mega-menu-flyout mega-menu-item-2251\" id=\"mega-menu-item-2251\"><a class=\"mega-menu-link\" href=\"https:\/\/spyderquest.com\/fr\/safety\/\">S\u00e9curit\u00e9<\/a><\/li><\/ul><\/div>\n\n<div style=\"gap: 20px;\" class=\"align-button-center ub-buttons orientation-button-row ub-flex-wrap wp-block-ub-button ub-hide-on-desktop\" id=\"ub-button-bc31edd3-6fca-4b8e-a2bf-3fda85ce64e3\"><div class=\"ub-button-container ub-button-full-container\">\n\t\t\t<a href=\"https:\/\/spyderquest.com\/fr\/1694-2\/\" target=\"_self\" class=\"ub-button-block-main  ub-button-full-width\" role=\"button\" style=\"--ub-button-background-color: #00d084; --ub-button-color: #ffffff; --ub-button-border: none; --ub-button-hover-background-color: #313131; --ub-button-hover-color: #ffffff; --ub-button-hover-border: none; font-size: 17px; padding-top: 10px; padding-right: 10px; padding-bottom: 10px; padding-left: 10px; border-top-left-radius: 10px;; border-top-right-radius: 10px;; border-bottom-left-radius: 10px;; border-bottom-right-radius: 10px;; \">\n\t\t\t\t<div class=\"ub-button-content-holder\" style=\"flex-direction: row\">\n\t\t\t\t\t<span class=\"ub-button-block-btn\">Site pour t\u00e9l\u00e9phone cellulaire<\/span>\n\t\t\t\t<\/div>\n\t\t\t<\/a>\n\t\t<\/div><\/div>\n\n\n<div style=\"height:56px\" aria-hidden=\"true\" class=\"wp-block-spacer\"><\/div>\n\n\n\n<figure class=\"wp-block-image aligncenter size-full is-resized\"><img loading=\"lazy\" decoding=\"async\" width=\"1000\" height=\"1000\" src=\"https:\/\/spyderquest.com\/wp-content\/uploads\/2024\/02\/Spyderquest-logo-3.png\" alt=\"\" class=\"wp-image-2272\" style=\"width:653px;height:auto\" srcset=\"https:\/\/spyderquest.com\/wp-content\/uploads\/2024\/02\/Spyderquest-logo-3.png 1000w, https:\/\/spyderquest.com\/wp-content\/uploads\/2024\/02\/Spyderquest-logo-3-300x300.png 300w, https:\/\/spyderquest.com\/wp-content\/uploads\/2024\/02\/Spyderquest-logo-3-150x150.png 150w, https:\/\/spyderquest.com\/wp-content\/uploads\/2024\/02\/Spyderquest-logo-3-12x12.png 12w\" sizes=\"auto, (max-width: 1000px) 100vw, 1000px\" \/><\/figure>\n\n\n\n<p class=\"has-text-align-center\" style=\"font-size:clamp(29.768px, 1.861rem + ((1vw - 3.2px) * 1.967), 52px);\"><strong><span class=\"bBlocksTextUppercase\">SpyderQuest 202<\/span><\/strong>6<\/p>\n\n\n<div style=\"--ub-countdown-unit-color: #0693e3; --ub-countdown-digit-color: #ff6900; text-align: center; \" id=\"ub_countdown_f1a3ecf9-094d-4f6d-aa1c-068a811817de\" class=\"wp-block-ub-countdown ub-countdown ub-countdown-wrapper is-style-ub-countdown-circular\" data-expirymessage=\"Timer expired\" data-enddate=\"1788987600\" data-largestunit=\"week\" data-smallestunit=\"second\"><div class=\"ub_countdown_circular_container\" style=\"grid-template-columns: 1fr 1fr 1fr 1fr 1fr;; \"><div class=\"ub_countdown_circle_week\" style=\"width: 70px; height: 70px;\">\n                        <svg height=\"70\" width=\"70\" viewbox=\"0 0 100 100\">\n                            <path class=\"ub_countdown_circle_trail\" d=\"M 50,50 m 0,-35 a 35,35 0 1 1 0,70 a 35,35 0 1 1 0,-70\" stroke-width=\"3\"><\/path>\n                            <path class=\"ub_countdown_circle_path\" d=\"M 50,50 m 0,-35 a 35,35 0 1 1 0,70 a 35,35 0 1 1 0,-70\" stroke=\"#cf2e2e\" stroke-width=\"3\" style=\"stroke-dasharray: 84.581153846154px, 219.911px;\"><\/path>\n                        <\/svg>\n                        <div class=\"ub_countdown_circle_label ub_countdown_week ub-countdown-digit\">20<\/div>\n                    <\/div><div class=\"ub_countdown_circle_day\" style=\"width: 70px; height: 70px;\">\n                        <svg height=\"70\" width=\"70\" viewbox=\"0 0 100 100\">\n                            <path class=\"ub_countdown_circle_trail\" d=\"M 50,50 m 0,-35 a 35,35 0 1 1 0,70 a 35,35 0 1 1 0,-70\" stroke-width=\"3\"><\/path>\n                            <path class=\"ub_countdown_circle_path\" d=\"M 50,50 m 0,-35 a 35,35 0 1 1 0,70 a 35,35 0 1 1 0,-70\" stroke=\"#cf2e2e\" stroke-width=\"3\" style=\"stroke-dasharray: 94.247571428571px, 219.911px;\"><\/path>\n                        <\/svg>\n                        <div class=\"ub_countdown_circle_label ub_countdown_day ub-countdown-digit\">3<\/div>\n                    <\/div><div class=\"ub_countdown_circle_hour\" style=\"width: 70px; height: 70px;\">\n                        <svg height=\"70\" width=\"70\" viewbox=\"0 0 100 100\">\n                            <path class=\"ub_countdown_circle_trail\" d=\"M 50,50 m 0,-35 a 35,35 0 1 1 0,70 a 35,35 0 1 1 0,-70\" stroke-width=\"3\"><\/path>\n                            <path class=\"ub_countdown_circle_path\" d=\"M 50,50 m 0,-35 a 35,35 0 1 1 0,70 a 35,35 0 1 1 0,-70\" stroke=\"#cf2e2e\" stroke-width=\"3\" style=\"stroke-dasharray: 100.79254166667px, 219.911px;\"><\/path>\n                        <\/svg>\n                        <div class=\"ub_countdown_circle_label ub_countdown_hour ub-countdown-digit\">11<\/div>\n                    <\/div><div class=\"ub_countdown_circle_minute\" style=\"width: 70px; height: 70px;\">\n                        <svg height=\"70\" width=\"70\" viewbox=\"0 0 100 100\">\n                            <path class=\"ub_countdown_circle_trail\" d=\"M 50,50 m 0,-35 a 35,35 0 1 1 0,70 a 35,35 0 1 1 0,-70\" stroke-width=\"3\"><\/path>\n                            <path class=\"ub_countdown_circle_path\" d=\"M 50,50 m 0,-35 a 35,35 0 1 1 0,70 a 35,35 0 1 1 0,-70\" stroke=\"#cf2e2e\" stroke-width=\"3\" style=\"stroke-dasharray: 113.62068333333px, 219.911px;\"><\/path>\n                        <\/svg>\n                        <div class=\"ub_countdown_circle_label ub_countdown_minute ub-countdown-digit\">31<\/div>\n                    <\/div><div class=\"ub_countdown_circle_second\" style=\"width: 70px; height: 70px;\">\n                        <svg height=\"70\" width=\"70\" viewbox=\"0 0 100 100\">\n                            <path class=\"ub_countdown_circle_trail\" d=\"M 50,50 m 0,-35 a 35,35 0 1 1 0,70 a 35,35 0 1 1 0,-70\" stroke-width=\"3\"><\/path>\n                            <path class=\"ub_countdown_circle_path\" d=\"M 50,50 m 0,-35 a 35,35 0 1 1 0,70 a 35,35 0 1 1 0,-70\" stroke=\"#cf2e2e\" stroke-width=\"3\" style=\"stroke-dasharray: 201.58508333333px, 219.911px;\"><\/path>\n                        <\/svg>\n                        <div class=\"ub_countdown_circle_label ub_countdown_second ub-countdown-digit\">55<\/div>\n                    <\/div><p class=\"ub-countdown-unit\">Semaines<\/p><p class=\"ub-countdown-unit\">Jours<\/p><p class=\"ub-countdown-unit\">Heures<\/p><p class=\"ub-countdown-unit\">Minutes<\/p><p class=\"ub-countdown-unit\">Secondes<\/p><\/div><\/div>\n\n\n<p><\/p>\n\n\n\n<h1 class=\"wp-block-heading has-text-align-center\" id=\"0-in-saratoga-springs-ny-\" style=\"font-size:clamp(18.959px, 1.185rem + ((1vw - 3.2px) * 0.977), 30px);\"><strong>Saratoga Springs, NY<\/strong><\/h1>\n\n\n\n<p class=\"has-text-align-center\"><strong>8 au 12 septembre<\/strong><\/p>\n\n\n\n<p class=\"has-text-align-center has-medium-font-size\"><\/p>\n\n\n\n<h3 class=\"wp-block-heading has-text-align-center\" id=\"2-the-gideon-putnam-gp-will-be-the-host-hotel\" style=\"font-size:clamp(18.959px, 1.185rem + ((1vw - 3.2px) * 0.977), 30px);\">L'h\u00f4tel Gideon Putnam (GP) sera notre h\u00f4tel h\u00f4te<\/h3>\n\n\n\n<p class=\"has-text-align-center has-vivid-red-color has-text-color has-medium-font-size\"><a href=\"https:\/\/www.gideonputnam.com\">https:\/\/www.gideonputnam.com<\/a><\/p>\n\n\n\n<p class=\"has-text-align-center\"><\/p>\n\n\n\n<figure class=\"wp-block-image aligncenter size-full\"><img loading=\"lazy\" decoding=\"async\" width=\"928\" height=\"337\" src=\"https:\/\/spyderquest.com\/wp-content\/uploads\/2024\/09\/image-3.png\" alt=\"\" class=\"wp-image-2755\" srcset=\"https:\/\/spyderquest.com\/wp-content\/uploads\/2024\/09\/image-3.png 928w, https:\/\/spyderquest.com\/wp-content\/uploads\/2024\/09\/image-3-300x109.png 300w, https:\/\/spyderquest.com\/wp-content\/uploads\/2024\/09\/image-3-18x7.png 18w\" sizes=\"auto, (max-width: 928px) 100vw, 928px\" \/><\/figure>\n\n\n\n<p class=\"has-text-align-center\" style=\"padding-top:var(--wp--preset--spacing--small);padding-bottom:var(--wp--preset--spacing--small)\">Pour les h\u00f4tels suppl\u00e9mentaires, veuillez consulter l\u2019onglet H\u00e9bergement : <a href=\"https:\/\/spyderquest.com\/fr\/where-to-stay\/\">https:\/\/spyderquest.com\/where-to-stay\/<\/a><\/p>\n\n\n\n<p class=\"has-text-align-center\">L'organisme caritative de cette ann\u00e9e est les <strong>Shelters of Saratoga<\/strong><\/p>\n\n\n\n<figure class=\"wp-block-image aligncenter size-large is-resized\"><a href=\"http:\/\/www.sheltersofsaratoga.org\"><img loading=\"lazy\" decoding=\"async\" width=\"1024\" height=\"756\" src=\"https:\/\/spyderquest.com\/wp-content\/uploads\/2026\/03\/Copy-of-SheltersofSaratoga_Logo_RGB-1-1024x756.png\" alt=\"\" class=\"wp-image-4178\" style=\"aspect-ratio:1.354509200307843;width:539px;height:auto\" srcset=\"https:\/\/spyderquest.com\/wp-content\/uploads\/2026\/03\/Copy-of-SheltersofSaratoga_Logo_RGB-1-1024x756.png 1024w, https:\/\/spyderquest.com\/wp-content\/uploads\/2026\/03\/Copy-of-SheltersofSaratoga_Logo_RGB-1-300x221.png 300w, https:\/\/spyderquest.com\/wp-content\/uploads\/2026\/03\/Copy-of-SheltersofSaratoga_Logo_RGB-1-2000x1476.png 2000w, https:\/\/spyderquest.com\/wp-content\/uploads\/2026\/03\/Copy-of-SheltersofSaratoga_Logo_RGB-1-scaled-16x12.png 16w\" sizes=\"auto, (max-width: 1024px) 100vw, 1024px\" \/><\/a><\/figure>\n\n\n\n<p class=\"has-text-align-center\"><\/p>\n\n\n\n<p class=\"has-text-align-center\"><strong>The Poker run is back for 2026.<\/strong> <\/p>\n\n\n\n<p class=\"has-text-align-center\">$500.00 for the best best poker hand <br>All proceeds will be donated to the Shelters of Saratoga<\/p>\n\n\n\n<figure class=\"wp-block-image aligncenter size-full\"><img loading=\"lazy\" decoding=\"async\" width=\"514\" height=\"556\" src=\"https:\/\/spyderquest.com\/wp-content\/uploads\/2026\/04\/image-1.png\" alt=\"\" class=\"wp-image-4232\" srcset=\"https:\/\/spyderquest.com\/wp-content\/uploads\/2026\/04\/image-1.png 514w, https:\/\/spyderquest.com\/wp-content\/uploads\/2026\/04\/image-1-277x300.png 277w, https:\/\/spyderquest.com\/wp-content\/uploads\/2026\/04\/image-1-11x12.png 11w\" sizes=\"auto, (max-width: 514px) 100vw, 514px\" \/><\/figure>\n\n\n\n<p class=\"has-text-align-center\"><br><\/p>\n\n\n\n<p class=\"has-text-align-center\"><strong>Can-Am is proud to be the main sponsor of SpyderQuest 2026<\/strong><\/p>\n\n\n\n<figure class=\"wp-block-image aligncenter size-large is-resized\"><img loading=\"lazy\" decoding=\"async\" width=\"1024\" height=\"634\" src=\"https:\/\/spyderquest.com\/wp-content\/uploads\/2026\/03\/Cropped_Logo_Can-Am_2025_main-stripes_rgb@4x-1024x634.png\" alt=\"\" class=\"wp-image-4144\" style=\"aspect-ratio:1.6151503775080298;width:560px;height:auto\" srcset=\"https:\/\/spyderquest.com\/wp-content\/uploads\/2026\/03\/Cropped_Logo_Can-Am_2025_main-stripes_rgb@4x-1024x634.png 1024w, https:\/\/spyderquest.com\/wp-content\/uploads\/2026\/03\/Cropped_Logo_Can-Am_2025_main-stripes_rgb@4x-300x186.png 300w, https:\/\/spyderquest.com\/wp-content\/uploads\/2026\/03\/Cropped_Logo_Can-Am_2025_main-stripes_rgb@4x-2000x1239.png 2000w, https:\/\/spyderquest.com\/wp-content\/uploads\/2026\/03\/Cropped_Logo_Can-Am_2025_main-stripes_rgb@4x-scaled-18x12.png 18w\" sizes=\"auto, (max-width: 1024px) 100vw, 1024px\" \/><\/figure>\n\n\n\n<p class=\"has-text-align-center\"><strong>#canam3wheel<\/strong><\/p>\n\n\n\n<figure class=\"wp-block-image aligncenter size-full\"><img loading=\"lazy\" decoding=\"async\" width=\"466\" height=\"361\" src=\"https:\/\/spyderquest.com\/wp-content\/uploads\/2026\/04\/image.png\" alt=\"\" class=\"wp-image-4202\" srcset=\"https:\/\/spyderquest.com\/wp-content\/uploads\/2026\/04\/image.png 466w, https:\/\/spyderquest.com\/wp-content\/uploads\/2026\/04\/image-300x232.png 300w, https:\/\/spyderquest.com\/wp-content\/uploads\/2026\/04\/image-15x12.png 15w\" sizes=\"auto, (max-width: 466px) 100vw, 466px\" \/><\/figure>\n\n\n\n<p class=\"has-text-align-center\">Meet Keith Hammer, Can-Am Ambassador Onsite for 2026<\/p>","protected":false},"excerpt":{"rendered":"<p>SpyderQuest 2026 In Saratoga Springs, NY September 8th to 12th The Gideon Putnam (GP) will be the host hotel https:\/\/www.gideonputnam.com For overflow hotels, please go to the Where to stay tab : https:\/\/spyderquest.com\/where-to-stay\/ This year charity is the Shelters of Saratoga The Poker run is back for 2026. $500.00 for the best best poker hand &hellip; <\/p>\n<p class=\"link-more\"><a href=\"https:\/\/spyderquest.com\/fr\/\" class=\"more-link\">Read more<span class=\"screen-reader-text\"> &#8220;HOME&#8221;<\/span><\/a><\/p>","protected":false},"author":1,"featured_media":0,"parent":0,"menu_order":0,"comment_status":"closed","ping_status":"closed","template":"custom-template","meta":{"bBlocksCursorData":"","inspiro_hide_title":false,"footnotes":""},"class_list":["post-15","page","type-page","status-publish","hentry"],"featured_image_src":null,"_links":{"self":[{"href":"https:\/\/spyderquest.com\/fr\/wp-json\/wp\/v2\/pages\/15","targetHints":{"allow":["GET"]}}],"collection":[{"href":"https:\/\/spyderquest.com\/fr\/wp-json\/wp\/v2\/pages"}],"about":[{"href":"https:\/\/spyderquest.com\/fr\/wp-json\/wp\/v2\/types\/page"}],"author":[{"embeddable":true,"href":"https:\/\/spyderquest.com\/fr\/wp-json\/wp\/v2\/users\/1"}],"replies":[{"embeddable":true,"href":"https:\/\/spyderquest.com\/fr\/wp-json\/wp\/v2\/comments?post=15"}],"version-history":[{"count":258,"href":"https:\/\/spyderquest.com\/fr\/wp-json\/wp\/v2\/pages\/15\/revisions"}],"predecessor-version":[{"id":4265,"href":"https:\/\/spyderquest.com\/fr\/wp-json\/wp\/v2\/pages\/15\/revisions\/4265"}],"wp:attachment":[{"href":"https:\/\/spyderquest.com\/fr\/wp-json\/wp\/v2\/media?parent=15"}],"curies":[{"name":"wp","href":"https:\/\/api.w.org\/{rel}","templated":true}]}}